{"id":44290,"date":"2017-06-02T18:41:40","date_gmt":"2017-06-02T16:41:40","guid":{"rendered":"https:\/\/cecconi.shop\/?page_id=44290\/"},"modified":"2017-07-13T17:20:43","modified_gmt":"2017-07-13T15:20:43","slug":"juan-ferrandiz","status":"publish","type":"page","link":"https:\/\/cecconi.shop\/de\/juan-ferrandiz\/","title":{"rendered":"Juan Ferr\u00e1ndiz \u2013 Leben und Werk (*1907 \u20201997)"},"content":{"rendered":"<div class=\"fusion-fullwidth fullwidth-box fusion-builder-row-1 nonhundred-percent-fullwidth non-hundred-percent-height-scrolling\" style=\"--awb-border-radius-top-left:0px;--awb-border-radius-top-right:0px;--awb-border-radius-bottom-right:0px;--awb-border-radius-bottom-left:0px;--awb-flex-wrap:wrap;\" ><div class=\"fusion-builder-row fusion-row\"><div class=\"fusion-layout-column fusion_builder_column fusion-builder-column-0 fusion_builder_column_1_1 1_1 fusion-one-full fusion-column-first fusion-column-last\" style=\"--awb-bg-size:cover;\"><div class=\"fusion-column-wrapper fusion-flex-column-wrapper-legacy\"><div class=\"fusion-title title fusion-title-1 fusion-title-text fusion-title-size-one\"><h1 class=\"fusion-title-heading title-heading-left fusion-responsive-typography-calculated\" style=\"margin:0;--fontSize:50;line-height:1.2;\"><h2>Juan Ferr\u00e1ndiz \u2013 Leben und Werk (*1907 \u20201997)<\/h2><\/h1><span class=\"awb-title-spacer\"><\/span><div class=\"title-sep-container\"><div class=\"title-sep sep-single sep-solid\" style=\"border-color:#e0dede;\"><\/div><\/div><\/div><div class=\"fusion-clearfix\"><\/div><\/div><\/div><\/div><\/div><div class=\"fusion-fullwidth fullwidth-box fusion-builder-row-2 nonhundred-percent-fullwidth non-hundred-percent-height-scrolling\" style=\"--awb-border-radius-top-left:0px;--awb-border-radius-top-right:0px;--awb-border-radius-bottom-right:0px;--awb-border-radius-bottom-left:0px;--awb-flex-wrap:wrap;\" ><div class=\"fusion-builder-row fusion-row\"><div class=\"fusion-layout-column fusion_builder_column fusion-builder-column-1 fusion_builder_column_3_5 3_5 fusion-three-fifth fusion-column-first\" style=\"--awb-bg-size:cover;width:60%;width:calc(60% - ( ( 4% ) * 0.6 ) );margin-right: 4%;\"><div class=\"fusion-column-wrapper fusion-flex-column-wrapper-legacy\"><div class=\"fusion-text fusion-text-1\"><p>Juan Ferrandiz, in Barcelona geboren, wo Zeit seines Lebens verbrachte, ist f\u00fcr seine Zeichnungen und Malereien in ganz Europa bekannt.<\/p>\n<p>Ferr\u00e0ndiz erhielt seine k\u00fcnstlerische Grundausbildung an der \u201eReial Acad\u00e8mia Catalana de Belles Arts de Sant Jordi\u201c in Barcelona, \u00a0war sp\u00e4ter selbst Kunstprofessor und widmete sich der Gestaltung von Figuren, die auf seiner besonderen Vorliebe f\u00fcr kindliche Themen basierten. Ber\u00fchmt sind seine Illustrationen von Fabeln und Gedichten f\u00fcr Kinder, vor allem verbunden\u00a0 ist sein Name mit den originellen Weihnachtskarten, die eine ganze eigene Pers\u00f6nlichkeit ausdr\u00fccken.<\/p>\n<p>Der Weltruf von Ferr\u00e1ndiz jedoch entstand durch die Zusammenarbeit mit der Firma ANRI, die zahlreiche Figuren nach seinen Vorlagen zum Leben erweckte. Den ersten Kontakt gab es bereits im Jahr 1969 und die Vielzahl an Werken die Ferr\u00e1ndiz w\u00e4hrend seines arbeitsreichen Lebens geschaffen hatte, erm\u00f6glichten den ANRI Meisterschnitzern immer wieder neue Ideen in die wertvollen Holzskulpturen umzusetzen.<\/p>\n<p>Juan Ferr\u00e1ndiz war eine sehr gebildete Pers\u00f6nlichkeit, die jedoch einfach und nach eigenem Stil lebte, immer offen f\u00fcr die Entwicklung unserer Gesellschaft.<br \/>\nEr war im Grunde ein Maler der Poesie schrieb und ein Poet der Bilder malte. Sein gesamtes Werk ist auf Liebe, Friede und Einigkeit ausgerichtet und eine der gelungensten Darstellungen davon ist die <a href=\"https:\/\/cecconi.shop\/de\/product-category\/anri-krippen\/juan-ferrandiz-krippe\/\">ANRI Juan Ferrandiz Krippe<\/a>.<\/p>\n<p>Juan Ferr\u00e1ndiz verstarb im August 1997, im Alter von 79 Jahren.<\/p>\n<\/div><div class=\"fusion-clearfix\"><\/div><\/div><\/div><div class=\"fusion-layout-column fusion_builder_column fusion-builder-column-2 fusion_builder_column_2_5 2_5 fusion-two-fifth fusion-column-last\" style=\"--awb-bg-size:cover;width:40%;width:calc(40% - ( ( 4% ) * 0.4 ) );\"><div class=\"fusion-column-wrapper fusion-flex-column-wrapper-legacy\"><div class=\"fusion-image-element in-legacy-container\" style=\"--awb-caption-title-font-family:var(--h2_typography-font-family);--awb-caption-title-font-weight:var(--h2_typography-font-weight);--awb-caption-title-font-style:var(--h2_typography-font-style);--awb-caption-title-size:var(--h2_typography-font-size);--awb-caption-title-transform:var(--h2_typography-text-transform);--awb-caption-title-line-height:var(--h2_typography-line-height);--awb-caption-title-letter-spacing:var(--h2_typography-letter-spacing);\"><span class=\" fusion-imageframe imageframe-none imageframe-1 hover-type-zoomin\"><img decoding=\"async\" width=\"600\" height=\"900\" title=\"juanferrandiz\" src=\"https:\/\/cecconi.shop\/wp-content\/uploads\/2017\/05\/JuanFerrandiz.jpg\" alt class=\"img-responsive wp-image-52089\" srcset=\"https:\/\/cecconi.shop\/wp-content\/uploads\/2017\/05\/JuanFerrandiz-500x750.jpg 500w, https:\/\/cecconi.shop\/wp-content\/uploads\/2017\/05\/JuanFerrandiz.jpg 600w\" sizes=\"(max-width: 600px) 100vw, 600px\" \/><\/span><\/div><div class=\"fusion-clearfix\"><\/div><\/div><\/div><\/div><\/div><div class=\"fusion-fullwidth fullwidth-box fusion-builder-row-3 nonhundred-percent-fullwidth non-hundred-percent-height-scrolling\" style=\"--awb-border-radius-top-left:0px;--awb-border-radius-top-right:0px;--awb-border-radius-bottom-right:0px;--awb-border-radius-bottom-left:0px;--awb-flex-wrap:wrap;\" ><div class=\"fusion-builder-row fusion-row\"><div class=\"fusion-layout-column fusion_builder_column fusion-builder-column-3 fusion_builder_column_1_1 1_1 fusion-one-full fusion-column-first fusion-column-last\" style=\"--awb-bg-size:cover;\"><div class=\"fusion-column-wrapper fusion-flex-column-wrapper-legacy\"><div class=\"fusion-aligncenter\"><a class=\"fusion-button button-flat button-small button-lightgray fusion-button-lightgray button-1 fusion-button-default-span \" target=\"_self\" href=\"\/de\/product-category\/anri-krippen\/juan-ferrandiz-krippe\/\"><i class=\" fa fa-chevron-right awb-button__icon awb-button__icon--default button-icon-left\" aria-hidden=\"true\"><\/i><span class=\"fusion-button-text awb-button__text awb-button__text--default\">Juan Ferr\u00e1ndiz Sortiment<\/span><\/a><\/div><div class=\"fusion-clearfix\"><\/div><\/div><\/div><\/div><\/div>\n","protected":false},"excerpt":{"rendered":"","protected":false},"author":1,"featured_media":0,"parent":0,"menu_order":0,"comment_status":"closed","ping_status":"closed","template":"100-width.php","meta":{"footnotes":""},"class_list":["post-44290","page","type-page","status-publish","hentry"],"yoast_head":"<!-- This site is optimized with the Yoast SEO Premium plugin v27.0 (Yoast SEO v27.0) - https:\/\/yoast.com\/product\/yoast-seo-premium-wordpress\/ -->\n<title>ANRI - Juan Ferrandiz \u2013 Leben und Werk | Cecconi<\/title>\n<meta name=\"description\" content=\"Juan Ferrandiz war eine sehr gebildete Pers\u00f6nlichkeit, die jedoch einfach und nach eigenem Stil lebte, immer offen f\u00fcr die Entwicklung unserer Gesellschaft.\" \/>\n<meta name=\"robots\" content=\"index, follow, max-snippet:-1, max-image-preview:large, max-video-preview:-1\" \/>\n<link rel=\"canonical\" href=\"https:\/\/cecconi.shop\/de\/juan-ferrandiz\/\" \/>\n<meta property=\"og:locale\" content=\"de_DE\" \/>\n<meta property=\"og:type\" content=\"article\" \/>\n<meta property=\"og:title\" content=\"Juan Ferr\u00e1ndiz \u2013 Leben und Werk (*1907 \u20201997)\" \/>\n<meta property=\"og:description\" content=\"Juan Ferrandiz war eine sehr gebildete Pers\u00f6nlichkeit, die jedoch einfach und nach eigenem Stil lebte, immer offen f\u00fcr die Entwicklung unserer Gesellschaft.\" \/>\n<meta property=\"og:url\" content=\"https:\/\/cecconi.shop\/de\/juan-ferrandiz\/\" \/>\n<meta property=\"og:site_name\" content=\"Cecconi\" \/>\n<meta property=\"article:publisher\" content=\"https:\/\/www.facebook.com\/AnriStore\/\" \/>\n<meta property=\"article:modified_time\" content=\"2017-07-13T15:20:43+00:00\" \/>\n<meta name=\"twitter:card\" content=\"summary_large_image\" \/>\n<meta name=\"twitter:label1\" content=\"Gesch\u00e4tzte Lesezeit\" \/>\n\t<meta name=\"twitter:data1\" content=\"5\u00a0Minuten\" \/>\n<script type=\"application\/ld+json\" class=\"yoast-schema-graph\">{\"@context\":\"https:\/\/schema.org\",\"@graph\":[{\"@type\":\"WebPage\",\"@id\":\"https:\/\/cecconi.shop\/de\/juan-ferrandiz\/\",\"url\":\"https:\/\/cecconi.shop\/de\/juan-ferrandiz\/\",\"name\":\"ANRI - Juan Ferrandiz \u2013 Leben und Werk | Cecconi\",\"isPartOf\":{\"@id\":\"https:\/\/cecconi.shop\/de\/#website\"},\"datePublished\":\"2017-06-02T16:41:40+00:00\",\"dateModified\":\"2017-07-13T15:20:43+00:00\",\"description\":\"Juan Ferrandiz war eine sehr gebildete Pers\u00f6nlichkeit, die jedoch einfach und nach eigenem Stil lebte, immer offen f\u00fcr die Entwicklung unserer Gesellschaft.\",\"inLanguage\":\"de\",\"potentialAction\":[{\"@type\":\"ReadAction\",\"target\":[\"https:\/\/cecconi.shop\/de\/juan-ferrandiz\/\"]}]},{\"@type\":\"WebSite\",\"@id\":\"https:\/\/cecconi.shop\/de\/#website\",\"url\":\"https:\/\/cecconi.shop\/de\/\",\"name\":\"Cecconi\",\"description\":\"Fine Arts &amp; Crafts\",\"potentialAction\":[{\"@type\":\"SearchAction\",\"target\":{\"@type\":\"EntryPoint\",\"urlTemplate\":\"https:\/\/cecconi.shop\/de\/?s={search_term_string}\"},\"query-input\":{\"@type\":\"PropertyValueSpecification\",\"valueRequired\":true,\"valueName\":\"search_term_string\"}}],\"inLanguage\":\"de\"}]}<\/script>\n<!-- \/ Yoast SEO Premium plugin. -->","yoast_head_json":{"title":"ANRI - Juan Ferrandiz \u2013 Leben und Werk | Cecconi","description":"Juan Ferrandiz war eine sehr gebildete Pers\u00f6nlichkeit, die jedoch einfach und nach eigenem Stil lebte, immer offen f\u00fcr die Entwicklung unserer Gesellschaft.","robots":{"index":"index","follow":"follow","max-snippet":"max-snippet:-1","max-image-preview":"max-image-preview:large","max-video-preview":"max-video-preview:-1"},"canonical":"https:\/\/cecconi.shop\/de\/juan-ferrandiz\/","og_locale":"de_DE","og_type":"article","og_title":"Juan Ferr\u00e1ndiz \u2013 Leben und Werk (*1907 \u20201997)","og_description":"Juan Ferrandiz war eine sehr gebildete Pers\u00f6nlichkeit, die jedoch einfach und nach eigenem Stil lebte, immer offen f\u00fcr die Entwicklung unserer Gesellschaft.","og_url":"https:\/\/cecconi.shop\/de\/juan-ferrandiz\/","og_site_name":"Cecconi","article_publisher":"https:\/\/www.facebook.com\/AnriStore\/","article_modified_time":"2017-07-13T15:20:43+00:00","twitter_card":"summary_large_image","twitter_misc":{"Gesch\u00e4tzte Lesezeit":"5\u00a0Minuten"},"schema":{"@context":"https:\/\/schema.org","@graph":[{"@type":"WebPage","@id":"https:\/\/cecconi.shop\/de\/juan-ferrandiz\/","url":"https:\/\/cecconi.shop\/de\/juan-ferrandiz\/","name":"ANRI - Juan Ferrandiz \u2013 Leben und Werk | Cecconi","isPartOf":{"@id":"https:\/\/cecconi.shop\/de\/#website"},"datePublished":"2017-06-02T16:41:40+00:00","dateModified":"2017-07-13T15:20:43+00:00","description":"Juan Ferrandiz war eine sehr gebildete Pers\u00f6nlichkeit, die jedoch einfach und nach eigenem Stil lebte, immer offen f\u00fcr die Entwicklung unserer Gesellschaft.","inLanguage":"de","potentialAction":[{"@type":"ReadAction","target":["https:\/\/cecconi.shop\/de\/juan-ferrandiz\/"]}]},{"@type":"WebSite","@id":"https:\/\/cecconi.shop\/de\/#website","url":"https:\/\/cecconi.shop\/de\/","name":"Cecconi","description":"Fine Arts &amp; Crafts","potentialAction":[{"@type":"SearchAction","target":{"@type":"EntryPoint","urlTemplate":"https:\/\/cecconi.shop\/de\/?s={search_term_string}"},"query-input":{"@type":"PropertyValueSpecification","valueRequired":true,"valueName":"search_term_string"}}],"inLanguage":"de"}]}},"_links":{"self":[{"href":"https:\/\/cecconi.shop\/de\/wp-json\/wp\/v2\/pages\/44290","targetHints":{"allow":["GET"]}}],"collection":[{"href":"https:\/\/cecconi.shop\/de\/wp-json\/wp\/v2\/pages"}],"about":[{"href":"https:\/\/cecconi.shop\/de\/wp-json\/wp\/v2\/types\/page"}],"author":[{"embeddable":true,"href":"https:\/\/cecconi.shop\/de\/wp-json\/wp\/v2\/users\/1"}],"replies":[{"embeddable":true,"href":"https:\/\/cecconi.shop\/de\/wp-json\/wp\/v2\/comments?post=44290"}],"version-history":[{"count":0,"href":"https:\/\/cecconi.shop\/de\/wp-json\/wp\/v2\/pages\/44290\/revisions"}],"wp:attachment":[{"href":"https:\/\/cecconi.shop\/de\/wp-json\/wp\/v2\/media?parent=44290"}],"curies":[{"name":"wp","href":"https:\/\/api.w.org\/{rel}","templated":true}]}}