{"id":44325,"date":"2017-06-02T19:34:49","date_gmt":"2017-06-02T17:34:49","guid":{"rendered":"https:\/\/cecconi.shop\/?page_id=44325\/"},"modified":"2017-07-26T10:13:05","modified_gmt":"2017-07-26T08:13:05","slug":"ulrich-bernardi","status":"publish","type":"page","link":"https:\/\/cecconi.shop\/de\/ulrich-bernardi\/","title":{"rendered":"Ulrich Bernardi"},"content":{"rendered":"<div class=\"fusion-fullwidth fullwidth-box fusion-builder-row-1 nonhundred-percent-fullwidth non-hundred-percent-height-scrolling\" style=\"--awb-border-radius-top-left:0px;--awb-border-radius-top-right:0px;--awb-border-radius-bottom-right:0px;--awb-border-radius-bottom-left:0px;--awb-flex-wrap:wrap;\" ><div class=\"fusion-builder-row fusion-row\"><div class=\"fusion-layout-column fusion_builder_column fusion-builder-column-0 fusion_builder_column_1_1 1_1 fusion-one-full fusion-column-first fusion-column-last\" style=\"--awb-bg-size:cover;\"><div class=\"fusion-column-wrapper fusion-flex-column-wrapper-legacy\"><div class=\"fusion-title title fusion-title-1 fusion-title-text fusion-title-size-one\"><h1 class=\"fusion-title-heading title-heading-left fusion-responsive-typography-calculated\" style=\"margin:0;--fontSize:50;line-height:1.2;\"><h2>Ulrich Bernardi<\/h2><\/h1><span class=\"awb-title-spacer\"><\/span><div class=\"title-sep-container\"><div class=\"title-sep sep-single sep-solid\" style=\"border-color:#e0dede;\"><\/div><\/div><\/div><div class=\"fusion-clearfix\"><\/div><\/div><\/div><\/div><\/div><div class=\"fusion-fullwidth fullwidth-box fusion-builder-row-2 nonhundred-percent-fullwidth non-hundred-percent-height-scrolling\" style=\"--awb-border-radius-top-left:0px;--awb-border-radius-top-right:0px;--awb-border-radius-bottom-right:0px;--awb-border-radius-bottom-left:0px;--awb-flex-wrap:wrap;\" ><div class=\"fusion-builder-row fusion-row\"><div class=\"fusion-layout-column fusion_builder_column fusion-builder-column-1 fusion_builder_column_3_5 3_5 fusion-three-fifth fusion-column-first\" style=\"--awb-bg-size:cover;width:60%;width:calc(60% - ( ( 4% ) * 0.6 ) );margin-right: 4%;\"><div class=\"fusion-column-wrapper fusion-flex-column-wrapper-legacy\"><div class=\"fusion-text fusion-text-1\"><p>Ulrich Bernardi wurde 1925 in St. Ulrich\/Gr\u00f6den geboren.<\/p>\n<p>Er entstammt einer alten Ladinischen Familie; die Vorfahren v\u00e4terlicherseits waren Schuhmacher, die m\u00fctterlicherseits Altarbauer und Holzbildhauer. Als Spross einer 10k\u00f6pfigen Familie verbringt er eher karge Jugendjahre, denn nur das notwendigste ist vorhanden.<\/p>\n<p>Schon in fr\u00fchester Jugend werden sein Gro\u00dfvater der Altarbauer ist und seine Gro\u00dfmutter als Verzierungsbildhauerin zu seinen Vorbildern. Der junge Ulrich sieht seiner Oma oft bei der Arbeit zu und sein Ziel wird es, selber auch einmal diese Kunst zu erlernen. Da er gro\u00dfe Geschicklichkeit im Zeichnen zeigt, besucht Ulrich Bernardi nach der Grundschule die Kunstschule in St. Ulrich und schon bald wird dort sein au\u00dferordentliches Talent offenbar. Unter der Anleitung von Prof. Ludwig Moroder und Raimund Mureda wird er im Zeichnen, Modellieren und Holzbildhauen ausgebildet.<\/p>\n<p>Nach 3 Jahren an der Schule beginnt <a href=\"https:\/\/de.wikipedia.org\/wiki\/Ulrich_Bernardi\">Ulrich Bernardi<\/a> die Lehre bei Hermann Kostner. Da st\u00f6\u00dft er zum ersten Mal auf das Gebiet, das ihm von da an innerste Passion und gr\u00f6\u00dfte Freude ist: die Krippenschnitzerei.<br \/>\nNach zwei Jahren meint sein Meister einmal eines Tages beil\u00e4ufig, es sei jetzt wohl soweit, dass er sich selbst\u00e4ndig machen k\u00f6nne. Dieses Lob, das ob seiner stillen Art kr\u00e4ftiger als jedes laute Gerede ist, befl\u00fcgelt Ulrich Bernardi. Er bleibt zwei weitere Jahre in der Werkstatt und kann sich als Bildhauer Es entstanden \u00fcber die Jahre eine ganze Reihe unvergleichlicher Kunstwerke und Modelle\u00a0 vervollkommnen.<\/p>\n<p>W\u00e4hrend der Kriegsjahre wird <a href=\"https:\/\/cecconi.shop\/de\/product-category\/anri-krippen\/ulrich-bernardi-krippe\/\">Ulrich Bernardi<\/a> in die deutsche Armee eingezogen und kommt im Friaul\/Oberitalien zum Einsatz. Aus einem unbestimmten Gef\u00fchlheraus, nimmt er sich 5 Schnitzeisen von zu Hause mit, in der Hoffnung sie w\u00fcrden ihm den trostlosen Soldatenalltag\u00a0 erleichtern. Und so war es auch. Der Zufall wollte es, dass ein Offizier unter den Tiroler Soldaten einen Schnitzer suchte. Ulrich meldete sich und erhielt den Auftrag etwas f\u00fcr seinen Vorgesetzten zu schnitzen. Diese stellte sich schon sehr bald als gro\u00dfer Gl\u00fccksfall heraus, denn es ersparte ihm so wie viele seiner Kameraden an die Front versetzt zu werden. Nach der Befreiung Italiens durch die Amerikaner war er nur kurz in Kriegsgefangenschaft \u00a0und so er\u00f6ffnet der K\u00fcnstler kaum nach Hause zur\u00fcckgekehrt seine eigene Werkst\u00e4tte.<\/p>\n<p>Die folgenden Jahre widmet sich Ulrich Bernardi der Krippenschnitzerei, bis eines Tages die Firma ANRI Kontakt zu ihm aufnimmt.<br \/>\nDies sollte der Beginn einer jahrzehntelangen f\u00fcr beide Seiten sehr befruchtenden Zusammenarbeit werden. Es entstanden \u00fcber die Jahre eine ganze Reihe unvergleichlicher Kunstwerke und Modelle \u00a0\u2013 Putten, Engelsk\u00f6pfe, unz\u00e4hlige Heiligendarstellungen und vor allem seine Krippenserien. \u00a0Von Sammlern sehr beliebt sind auch die zahlreichen nostalgischen Kinderfiguren die der Bildhauer nach den Zeichnungen der weltber\u00fchmten australischen K\u00fcnstlerin Sarah Kay in Holz kreiert &#8211; alle mit diesem, mit der Entwicklung Bernardis voll gewordenem, Ausdruck der Lieblichkeit und Freude.<\/p>\n<p>Ulrich Bernardi wohnt etwas oberhalb der Kirche in St. Ulrich, auf der Sonnenseite des Gr\u00f6dnertales. Vom Fenster seiner Werkst\u00e4tte aus sieht man unter sich das Dorf liegen, ruhig und friedlich, dar\u00fcber die majest\u00e4tischen Berge. Wer jemals einen Blick auf diese Ansicht hat, erkennt, woher Ulrich Bernardi seine Energie und Inspiration, verbunden mit seinem tiefen Glauben sch\u00f6pft.<\/p>\n<p>Seine Werke wurden anl\u00e4sslich verschiedener Ausstellungen in ganz Europa ausgezeichnet \u2013 sie sind Ausdruck des echten zeitlosen europ\u00e4ischen Stils.<\/p>\n<\/div><div class=\"fusion-clearfix\"><\/div><\/div><\/div><div class=\"fusion-layout-column fusion_builder_column fusion-builder-column-2 fusion_builder_column_2_5 2_5 fusion-two-fifth fusion-column-last\" style=\"--awb-bg-size:cover;width:40%;width:calc(40% - ( ( 4% ) * 0.4 ) );\"><div class=\"fusion-column-wrapper fusion-flex-column-wrapper-legacy\"><div class=\"fusion-image-element in-legacy-container\" style=\"--awb-caption-title-font-family:var(--h2_typography-font-family);--awb-caption-title-font-weight:var(--h2_typography-font-weight);--awb-caption-title-font-style:var(--h2_typography-font-style);--awb-caption-title-size:var(--h2_typography-font-size);--awb-caption-title-transform:var(--h2_typography-text-transform);--awb-caption-title-line-height:var(--h2_typography-line-height);--awb-caption-title-letter-spacing:var(--h2_typography-letter-spacing);\"><span class=\" fusion-imageframe imageframe-none imageframe-1 hover-type-zoomin\"><img decoding=\"async\" width=\"600\" height=\"900\" alt=\"Ulrich Bernardi\" title=\"ulrichbernardi\" src=\"https:\/\/cecconi.shop\/wp-content\/uploads\/2017\/05\/UlrichBernardi.jpg\" class=\"img-responsive wp-image-52101\" srcset=\"https:\/\/cecconi.shop\/wp-content\/uploads\/2017\/05\/UlrichBernardi-500x750.jpg 500w, https:\/\/cecconi.shop\/wp-content\/uploads\/2017\/05\/UlrichBernardi.jpg 600w\" sizes=\"(max-width: 600px) 100vw, 600px\" \/><\/span><\/div><div class=\"fusion-clearfix\"><\/div><\/div><\/div><\/div><\/div><div class=\"fusion-fullwidth fullwidth-box fusion-builder-row-3 nonhundred-percent-fullwidth non-hundred-percent-height-scrolling\" style=\"--awb-border-radius-top-left:0px;--awb-border-radius-top-right:0px;--awb-border-radius-bottom-right:0px;--awb-border-radius-bottom-left:0px;--awb-flex-wrap:wrap;\" ><div class=\"fusion-builder-row fusion-row\"><div class=\"fusion-layout-column fusion_builder_column fusion-builder-column-3 fusion_builder_column_1_1 1_1 fusion-one-full fusion-column-first fusion-column-last\" style=\"--awb-bg-size:cover;\"><div class=\"fusion-column-wrapper fusion-flex-column-wrapper-legacy\"><div class=\"fusion-aligncenter\"><a class=\"fusion-button button-flat button-small button-lightgray fusion-button-lightgray button-1 fusion-button-default-span \" target=\"_self\" href=\"\/de\/product-category\/anri-krippen\/ulrich-bernardi-krippe\/\"><i class=\" fa fa-chevron-right awb-button__icon awb-button__icon--default button-icon-left\" aria-hidden=\"true\"><\/i><span class=\"fusion-button-text awb-button__text awb-button__text--default\">Ulrich Bernardi Sortiment<\/span><\/a><\/div><div class=\"fusion-clearfix\"><\/div><\/div><\/div><\/div><\/div>\n","protected":false},"excerpt":{"rendered":"","protected":false},"author":1,"featured_media":0,"parent":0,"menu_order":0,"comment_status":"closed","ping_status":"closed","template":"100-width.php","meta":{"footnotes":""},"class_list":["post-44325","page","type-page","status-publish","hentry"],"yoast_head":"<!-- This site is optimized with the Yoast SEO Premium plugin v27.0 (Yoast SEO v27.0) - https:\/\/yoast.com\/product\/yoast-seo-premium-wordpress\/ -->\n<title>ANRI - Meisterschnitzer Ulrich Bernardi | Cecconi<\/title>\n<meta name=\"description\" content=\"Viele Jahre schon widmete sich Ulrich Bernardi der Krippenschnitzerei, bis eines Tages die Firma ANRI Kontakt zu ihm aufnimmt.\" \/>\n<meta name=\"robots\" content=\"index, follow, max-snippet:-1, max-image-preview:large, max-video-preview:-1\" \/>\n<link rel=\"canonical\" href=\"https:\/\/cecconi.shop\/de\/ulrich-bernardi\/\" \/>\n<meta property=\"og:locale\" content=\"de_DE\" \/>\n<meta property=\"og:type\" content=\"article\" \/>\n<meta property=\"og:title\" content=\"Ulrich Bernardi\" \/>\n<meta property=\"og:description\" content=\"Viele Jahre schon widmete sich Ulrich Bernardi der Krippenschnitzerei, bis eines Tages die Firma ANRI Kontakt zu ihm aufnimmt.\" \/>\n<meta property=\"og:url\" content=\"https:\/\/cecconi.shop\/de\/ulrich-bernardi\/\" \/>\n<meta property=\"og:site_name\" content=\"Cecconi\" \/>\n<meta property=\"article:publisher\" content=\"https:\/\/www.facebook.com\/AnriStore\/\" \/>\n<meta property=\"article:modified_time\" content=\"2017-07-26T08:13:05+00:00\" \/>\n<meta name=\"twitter:card\" content=\"summary_large_image\" \/>\n<meta name=\"twitter:label1\" content=\"Gesch\u00e4tzte Lesezeit\" \/>\n\t<meta name=\"twitter:data1\" content=\"6\u00a0Minuten\" \/>\n<script type=\"application\/ld+json\" class=\"yoast-schema-graph\">{\"@context\":\"https:\/\/schema.org\",\"@graph\":[{\"@type\":\"WebPage\",\"@id\":\"https:\/\/cecconi.shop\/de\/ulrich-bernardi\/\",\"url\":\"https:\/\/cecconi.shop\/de\/ulrich-bernardi\/\",\"name\":\"ANRI - Meisterschnitzer Ulrich Bernardi | Cecconi\",\"isPartOf\":{\"@id\":\"https:\/\/cecconi.shop\/de\/#website\"},\"datePublished\":\"2017-06-02T17:34:49+00:00\",\"dateModified\":\"2017-07-26T08:13:05+00:00\",\"description\":\"Viele Jahre schon widmete sich Ulrich Bernardi der Krippenschnitzerei, bis eines Tages die Firma ANRI Kontakt zu ihm aufnimmt.\",\"inLanguage\":\"de\",\"potentialAction\":[{\"@type\":\"ReadAction\",\"target\":[\"https:\/\/cecconi.shop\/de\/ulrich-bernardi\/\"]}]},{\"@type\":\"WebSite\",\"@id\":\"https:\/\/cecconi.shop\/de\/#website\",\"url\":\"https:\/\/cecconi.shop\/de\/\",\"name\":\"Cecconi\",\"description\":\"Fine Arts &amp; Crafts\",\"potentialAction\":[{\"@type\":\"SearchAction\",\"target\":{\"@type\":\"EntryPoint\",\"urlTemplate\":\"https:\/\/cecconi.shop\/de\/?s={search_term_string}\"},\"query-input\":{\"@type\":\"PropertyValueSpecification\",\"valueRequired\":true,\"valueName\":\"search_term_string\"}}],\"inLanguage\":\"de\"}]}<\/script>\n<!-- \/ Yoast SEO Premium plugin. -->","yoast_head_json":{"title":"ANRI - Meisterschnitzer Ulrich Bernardi | Cecconi","description":"Viele Jahre schon widmete sich Ulrich Bernardi der Krippenschnitzerei, bis eines Tages die Firma ANRI Kontakt zu ihm aufnimmt.","robots":{"index":"index","follow":"follow","max-snippet":"max-snippet:-1","max-image-preview":"max-image-preview:large","max-video-preview":"max-video-preview:-1"},"canonical":"https:\/\/cecconi.shop\/de\/ulrich-bernardi\/","og_locale":"de_DE","og_type":"article","og_title":"Ulrich Bernardi","og_description":"Viele Jahre schon widmete sich Ulrich Bernardi der Krippenschnitzerei, bis eines Tages die Firma ANRI Kontakt zu ihm aufnimmt.","og_url":"https:\/\/cecconi.shop\/de\/ulrich-bernardi\/","og_site_name":"Cecconi","article_publisher":"https:\/\/www.facebook.com\/AnriStore\/","article_modified_time":"2017-07-26T08:13:05+00:00","twitter_card":"summary_large_image","twitter_misc":{"Gesch\u00e4tzte Lesezeit":"6\u00a0Minuten"},"schema":{"@context":"https:\/\/schema.org","@graph":[{"@type":"WebPage","@id":"https:\/\/cecconi.shop\/de\/ulrich-bernardi\/","url":"https:\/\/cecconi.shop\/de\/ulrich-bernardi\/","name":"ANRI - Meisterschnitzer Ulrich Bernardi | Cecconi","isPartOf":{"@id":"https:\/\/cecconi.shop\/de\/#website"},"datePublished":"2017-06-02T17:34:49+00:00","dateModified":"2017-07-26T08:13:05+00:00","description":"Viele Jahre schon widmete sich Ulrich Bernardi der Krippenschnitzerei, bis eines Tages die Firma ANRI Kontakt zu ihm aufnimmt.","inLanguage":"de","potentialAction":[{"@type":"ReadAction","target":["https:\/\/cecconi.shop\/de\/ulrich-bernardi\/"]}]},{"@type":"WebSite","@id":"https:\/\/cecconi.shop\/de\/#website","url":"https:\/\/cecconi.shop\/de\/","name":"Cecconi","description":"Fine Arts &amp; Crafts","potentialAction":[{"@type":"SearchAction","target":{"@type":"EntryPoint","urlTemplate":"https:\/\/cecconi.shop\/de\/?s={search_term_string}"},"query-input":{"@type":"PropertyValueSpecification","valueRequired":true,"valueName":"search_term_string"}}],"inLanguage":"de"}]}},"_links":{"self":[{"href":"https:\/\/cecconi.shop\/de\/wp-json\/wp\/v2\/pages\/44325","targetHints":{"allow":["GET"]}}],"collection":[{"href":"https:\/\/cecconi.shop\/de\/wp-json\/wp\/v2\/pages"}],"about":[{"href":"https:\/\/cecconi.shop\/de\/wp-json\/wp\/v2\/types\/page"}],"author":[{"embeddable":true,"href":"https:\/\/cecconi.shop\/de\/wp-json\/wp\/v2\/users\/1"}],"replies":[{"embeddable":true,"href":"https:\/\/cecconi.shop\/de\/wp-json\/wp\/v2\/comments?post=44325"}],"version-history":[{"count":0,"href":"https:\/\/cecconi.shop\/de\/wp-json\/wp\/v2\/pages\/44325\/revisions"}],"wp:attachment":[{"href":"https:\/\/cecconi.shop\/de\/wp-json\/wp\/v2\/media?parent=44325"}],"curies":[{"name":"wp","href":"https:\/\/api.w.org\/{rel}","templated":true}]}}