{"id":44371,"date":"2017-03-23T20:34:20","date_gmt":"2017-03-23T19:34:20","guid":{"rendered":"https:\/\/cecconi.shop\/shipping-methods\/"},"modified":"2025-10-01T13:01:25","modified_gmt":"2025-10-01T11:01:25","slug":"liefer-und-versandkosten","status":"publish","type":"page","link":"https:\/\/cecconi.shop\/de\/liefer-und-versandkosten\/","title":{"rendered":"Liefer- und Versandkosten"},"content":{"rendered":"<div class=\"fusion-fullwidth fullwidth-box fusion-builder-row-1 nonhundred-percent-fullwidth non-hundred-percent-height-scrolling\" style=\"--awb-border-radius-top-left:0px;--awb-border-radius-top-right:0px;--awb-border-radius-bottom-right:0px;--awb-border-radius-bottom-left:0px;--awb-flex-wrap:wrap;\" ><div class=\"fusion-builder-row fusion-row\"><div class=\"fusion-layout-column fusion_builder_column fusion-builder-column-0 fusion_builder_column_1_1 1_1 fusion-one-full fusion-column-first fusion-column-last\" style=\"--awb-bg-size:cover;\"><div class=\"fusion-column-wrapper fusion-flex-column-wrapper-legacy\"><div class=\"fusion-title title fusion-title-1 fusion-title-text fusion-title-size-one\"><h1 class=\"fusion-title-heading title-heading-left fusion-responsive-typography-calculated\" style=\"margin:0;--fontSize:50;line-height:1.2;\"><h2>Liefer- und Versandkosten<\/h2><\/h1><span class=\"awb-title-spacer\"><\/span><div class=\"title-sep-container\"><div class=\"title-sep sep-single sep-solid\" style=\"border-color:#e0dede;\"><\/div><\/div><\/div><div class=\"fusion-text fusion-text-1\"><ul>\n<li>Wir verrechnen eine pauschale Versand- und Verpackungskosten Beteiligung.<\/li>\n<li>Standardm\u00e4\u00dfig werden alle Lieferungen mit der \u00d6sterreichischen Post AG durchgef\u00fchrt.<\/li>\n<li>Auf Wunsch versenden wir Ihr Paket auch gerne mit dem &#8220;Priority Service&#8221;, oder einem Transportunternehmen ihrer Wahl.<\/li>\n<li>In diesem Fall werden die tats\u00e4chlichen Transportkosten verrechnet.<\/li>\n<li>Falls Sie eine Expresszustellung oder einen alternativen Transport w\u00fcnschen, setzen Sie bitte bei der Eingabe Ihrer Daten im entsprechenden K\u00e4stchen einen Haken.<\/li>\n<li>Wir werden uns so schnell wie m\u00f6glich mit Ihnen in Verbindung setzen um die Details zu kl\u00e4ren.<\/li>\n<li>Die Transportkosten werden dann nachtr\u00e4glich ihrer Rechnung hinzugef\u00fcgt.<\/li>\n<li>Bitte entnehmen sie die R\u00fccksendebedingungen der Widerrufsbelehrung &amp; Widerrufsrecht<\/li>\n<li>&#8220;Brutto-Warenwert&#8221; = Verkaufspreis inkl. der gesetzlichen MwSt., f\u00fcr Warenzustellung innerhalb der EU.<br \/>\n&#8220;Netto-Warenwert&#8221; = Verkaufspreis exklusive der gesetzlichen MwSt., f\u00fcr Warenzustellung au\u00dferhalb der EU.<\/li>\n<\/ul>\n<\/div><div class=\"fusion-clearfix\"><\/div><\/div><\/div><\/div><\/div><div class=\"fusion-fullwidth fullwidth-box fusion-builder-row-2 nonhundred-percent-fullwidth non-hundred-percent-height-scrolling\" style=\"--awb-border-radius-top-left:0px;--awb-border-radius-top-right:0px;--awb-border-radius-bottom-right:0px;--awb-border-radius-bottom-left:0px;--awb-flex-wrap:wrap;\" ><div class=\"fusion-builder-row fusion-row\"><div class=\"fusion-layout-column fusion_builder_column fusion-builder-column-1 fusion_builder_column_1_1 1_1 fusion-one-full fusion-column-first fusion-column-last\" style=\"--awb-bg-size:cover;\"><div class=\"fusion-column-wrapper fusion-flex-column-wrapper-legacy\"><div class=\"fusion-title title fusion-title-2 fusion-title-text fusion-title-size-one\" style=\"--awb-margin-bottom:0px;\"><h1 class=\"fusion-title-heading title-heading-left fusion-responsive-typography-calculated\" style=\"margin:0;--fontSize:50;line-height:1.2;\"><h3>Liefer- und Versandkosten<\/h3><\/h1><span class=\"awb-title-spacer\"><\/span><div class=\"title-sep-container\"><div class=\"title-sep sep-single sep-solid\" style=\"border-color:#e0dede;\"><\/div><\/div><\/div><div class=\"fusion-clearfix\"><\/div><\/div><\/div><\/div><\/div><div class=\"fusion-fullwidth fullwidth-box fusion-builder-row-3 nonhundred-percent-fullwidth non-hundred-percent-height-scrolling\" style=\"--awb-border-radius-top-left:0px;--awb-border-radius-top-right:0px;--awb-border-radius-bottom-right:0px;--awb-border-radius-bottom-left:0px;--awb-flex-wrap:wrap;\" ><div class=\"fusion-builder-row fusion-row\"><div class=\"fusion-layout-column fusion_builder_column fusion-builder-column-2 fusion_builder_column_1_2 1_2 fusion-one-half fusion-column-first shipping\" style=\"--awb-bg-size:cover;width:50%;width:calc(50% - ( ( 4% ) * 0.5 ) );margin-right: 4%;\"><div class=\"fusion-column-wrapper fusion-flex-column-wrapper-legacy\"><div class=\"fusion-text fusion-text-2\"><p><strong>\u00d6sterreich<\/strong><br \/>\nZinnornamente\/Krippenfiguren\/Holzschnitzereien:<\/p>\n<ul>\n<li>Bis Brutto-Warenwert EUR 300,-: <strong>\u20ac 4,66<\/strong><\/li>\n<li>Ab Brutto-Warenwert EUR 300,-: <strong>frei<\/strong><\/li>\n<\/ul>\n<p>Krippenst\u00e4lle:<\/p>\n<ul>\n<li>Klein: <strong>\u20ac 10,-<\/strong><\/li>\n<li>Gro\u00df: <strong>\u20ac 15,-<\/strong><\/li>\n<\/ul>\n<\/div><div class=\"fusion-clearfix\"><\/div><\/div><\/div><div class=\"fusion-layout-column fusion_builder_column fusion-builder-column-3 fusion_builder_column_1_2 1_2 fusion-one-half fusion-column-last shipping\" style=\"--awb-bg-size:cover;width:50%;width:calc(50% - ( ( 4% ) * 0.5 ) );\"><div class=\"fusion-column-wrapper fusion-flex-column-wrapper-legacy\"><div class=\"fusion-text fusion-text-3\"><p><strong>Europa (EU &amp; Monaco)<\/strong><br \/>\nZinnornamente\/Krippenfiguren\/Holzschnitzereien:<\/p>\n<ul>\n<li>Bis Brutto-Warenwert EUR 200,-: <strong>\u20ac 14,58<\/strong><\/li>\n<li>Von Brutto-Warenwert EUR 200,- bis EUR 400,-:<strong> \u20ac 16,25<\/strong><\/li>\n<li>Ab Brutto-Warenwert EUR 400,-: <strong>\u20ac 19,58<\/strong><\/li>\n<\/ul>\n<p>Krippenst\u00e4lle:<\/p>\n<ul>\n<li>Klein: <strong>\u20ac 20,-<\/strong><\/li>\n<li>Gro\u00df: <strong>\u20ac 30,-<\/strong><\/li>\n<\/ul>\n<\/div><div class=\"fusion-clearfix\"><\/div><\/div><\/div><div class=\"fusion-layout-column fusion_builder_column fusion-builder-column-4 fusion_builder_column_1_1 1_1 fusion-one-full fusion-column-first fusion-column-last\" style=\"--awb-bg-size:cover;\"><div class=\"fusion-column-wrapper fusion-flex-column-wrapper-legacy\"><div class=\"fusion-sep-clear\"><\/div><div class=\"fusion-separator fusion-full-width-sep\" style=\"margin-left: auto;margin-right: auto;width:100%;\"><div class=\"fusion-separator-border sep-single sep-solid\" style=\"--awb-height:20px;--awb-amount:20px;border-color:#eaeaea;border-top-width:1px;\"><\/div><\/div><div class=\"fusion-sep-clear\"><\/div><div class=\"fusion-clearfix\"><\/div><\/div><\/div><\/div><\/div><div class=\"fusion-fullwidth fullwidth-box fusion-builder-row-4 nonhundred-percent-fullwidth non-hundred-percent-height-scrolling\" style=\"--awb-border-radius-top-left:0px;--awb-border-radius-top-right:0px;--awb-border-radius-bottom-right:0px;--awb-border-radius-bottom-left:0px;--awb-flex-wrap:wrap;\" ><div class=\"fusion-builder-row fusion-row\"><div class=\"fusion-layout-column fusion_builder_column fusion-builder-column-5 fusion_builder_column_1_2 1_2 fusion-one-half fusion-column-first shipping\" style=\"--awb-bg-size:cover;width:50%;width:calc(50% - ( ( 4% ) * 0.5 ) );margin-right: 4%;\"><div class=\"fusion-column-wrapper fusion-flex-column-wrapper-legacy\"><div class=\"fusion-text fusion-text-4\"><p><strong>\u00dcbriges Europa<\/strong><br \/>\nZinnornamente\/Krippenfiguren\/Holzschnitzereien:<\/p>\n<ul>\n<li>Bis Netto-Warenwert EUR 200,-: <strong>\u20ac 17,-<\/strong><\/li>\n<li>Von Netto-Warenwert EUR 200,- bis EUR 500,-:<strong> \u20ac 21,-<\/strong><\/li>\n<li>Ab Netto-Warenwert EUR 500,-: <strong>\u20ac 29,-<\/strong><\/li>\n<\/ul>\n<p>Krippenst\u00e4lle:<\/p>\n<ul>\n<li>Klein: <strong>\u20ac 30,-<\/strong><\/li>\n<li>Gro\u00df: <strong>\u20ac 50,-<\/strong><\/li>\n<\/ul>\n<\/div><div class=\"fusion-clearfix\"><\/div><\/div><\/div><div class=\"fusion-layout-column fusion_builder_column fusion-builder-column-6 fusion_builder_column_1_2 1_2 fusion-one-half fusion-column-last shipping\" style=\"--awb-bg-size:cover;width:50%;width:calc(50% - ( ( 4% ) * 0.5 ) );\"><div class=\"fusion-column-wrapper fusion-flex-column-wrapper-legacy\"><div class=\"fusion-text fusion-text-5\"><p><strong>USA\/Kanada<\/strong><br \/>Zinnornamente\/Krippenfiguren\/Holzschnitzereien:<\/p>\n<ul>\n<li>Bis Netto-Warenwert EUR 200,-: <strong>\u20ac 40,-<\/strong><\/li>\n<li>Von Netto-Warenwert EUR 200,- bis EUR 500,-:<strong> \u20ac 60,-<\/strong><\/li>\n<li>Ab Netto-Warenwert EUR 500,-: <strong>\u20ac 70,-<\/strong><\/li>\n<\/ul>\n<p>Krippenst\u00e4lle:<\/p>\n<ul>\n<li>Klein: <strong>\u20ac 60,-<\/strong><\/li>\n<li>Gro\u00df: <strong>\u20ac 100,-<\/strong><\/li>\n<\/ul>\n<\/div><div class=\"fusion-clearfix\"><\/div><\/div><\/div><div class=\"fusion-layout-column fusion_builder_column fusion-builder-column-7 fusion_builder_column_1_1 1_1 fusion-one-full fusion-column-first fusion-column-last\" style=\"--awb-bg-size:cover;\"><div class=\"fusion-column-wrapper fusion-flex-column-wrapper-legacy\"><div class=\"fusion-sep-clear\"><\/div><div class=\"fusion-separator fusion-full-width-sep\" style=\"margin-left: auto;margin-right: auto;width:100%;\"><div class=\"fusion-separator-border sep-single sep-solid\" style=\"--awb-height:20px;--awb-amount:20px;border-color:#eaeaea;border-top-width:1px;\"><\/div><\/div><div class=\"fusion-sep-clear\"><\/div><div class=\"fusion-clearfix\"><\/div><\/div><\/div><\/div><\/div><div class=\"fusion-fullwidth fullwidth-box fusion-builder-row-5 nonhundred-percent-fullwidth non-hundred-percent-height-scrolling\" style=\"--awb-border-radius-top-left:0px;--awb-border-radius-top-right:0px;--awb-border-radius-bottom-right:0px;--awb-border-radius-bottom-left:0px;--awb-flex-wrap:wrap;\" ><div class=\"fusion-builder-row fusion-row\"><div class=\"fusion-layout-column fusion_builder_column fusion-builder-column-8 fusion_builder_column_1_2 1_2 fusion-one-half fusion-column-first shipping\" style=\"--awb-bg-size:cover;width:50%;width:calc(50% - ( ( 4% ) * 0.5 ) );margin-right: 4%;\"><div class=\"fusion-column-wrapper fusion-flex-column-wrapper-legacy\"><div class=\"fusion-text fusion-text-6\"><p><strong>Asien, Afrika, Zentral- &amp; S\u00fcdamerika<\/strong><br \/>\nZinnornamente\/Krippenfiguren\/Holzschnitzereien:<\/p>\n<ul>\n<li>Bis Netto-Warenwert EUR 200,-: <strong>\u20ac 22,50<\/strong><\/li>\n<li>Von Netto-Warenwert EUR 200,- bis EUR 500,-:<strong> \u20ac 31,50<\/strong><\/li>\n<li>Ab Netto-Warenwert EUR 500,-: <strong>\u20ac 50,-<\/strong><\/li>\n<\/ul>\n<p>Krippenst\u00e4lle:<\/p>\n<ul>\n<li>Klein: <strong>\u20ac 50,-<\/strong><\/li>\n<li>Gro\u00df: <strong>\u20ac 100,-<\/strong><\/li>\n<\/ul>\n<\/div><div class=\"fusion-clearfix\"><\/div><\/div><\/div><div class=\"fusion-layout-column fusion_builder_column fusion-builder-column-9 fusion_builder_column_1_2 1_2 fusion-one-half fusion-column-last shipping\" style=\"--awb-bg-size:cover;width:50%;width:calc(50% - ( ( 4% ) * 0.5 ) );\"><div class=\"fusion-column-wrapper fusion-flex-column-wrapper-legacy\"><div class=\"fusion-text fusion-text-7\"><p><strong>Australien, Neuseeland und Ozeanien<\/strong><br \/>\nZinnornamente\/Krippenfiguren\/Holzschnitzereien:<\/p>\n<ul>\n<li>Bis Netto-Warenwert EUR 200,-: <strong>\u20ac 26,50<\/strong><\/li>\n<li>Von Netto-Warenwert EUR 200,- bis EUR 500,-:<strong> \u20ac 40,-<\/strong><\/li>\n<li>Ab Netto-Warenwert EUR 500,-: <strong>\u20ac 68,-<\/strong><\/li>\n<\/ul>\n<p>Krippenst\u00e4lle:<\/p>\n<ul>\n<li>Klein: <strong>\u20ac 70,-<\/strong><\/li>\n<li>Gro\u00df: <strong>\u20ac 140,-<\/strong><\/li>\n<\/ul>\n<\/div><div class=\"fusion-clearfix\"><\/div><\/div><\/div><div class=\"fusion-layout-column fusion_builder_column fusion-builder-column-10 fusion_builder_column_1_1 1_1 fusion-one-full fusion-column-first fusion-column-last\" style=\"--awb-bg-size:cover;\"><div class=\"fusion-column-wrapper fusion-flex-column-wrapper-legacy\"><div class=\"fusion-sep-clear\"><\/div><div class=\"fusion-separator fusion-full-width-sep\" style=\"margin-left: auto;margin-right: auto;width:100%;\"><div class=\"fusion-separator-border sep-single sep-solid\" style=\"--awb-height:20px;--awb-amount:20px;border-color:#eaeaea;border-top-width:1px;\"><\/div><\/div><div class=\"fusion-sep-clear\"><\/div><div class=\"fusion-clearfix\"><\/div><\/div><\/div><\/div><\/div>\n","protected":false},"excerpt":{"rendered":"","protected":false},"author":1,"featured_media":0,"parent":0,"menu_order":0,"comment_status":"closed","ping_status":"closed","template":"","meta":{"footnotes":""},"class_list":["post-44371","page","type-page","status-publish","hentry"],"yoast_head":"<!-- This site is optimized with the Yoast SEO Premium plugin v27.0 (Yoast SEO v27.0) - https:\/\/yoast.com\/product\/yoast-seo-premium-wordpress\/ -->\n<title>Liefer- und Versandkosten - Cecconi<\/title>\n<meta name=\"robots\" content=\"index, follow, max-snippet:-1, max-image-preview:large, max-video-preview:-1\" \/>\n<link rel=\"canonical\" href=\"https:\/\/cecconi.shop\/de\/liefer-und-versandkosten\/\" \/>\n<meta property=\"og:locale\" content=\"de_DE\" \/>\n<meta property=\"og:type\" content=\"article\" \/>\n<meta property=\"og:title\" content=\"Liefer- und Versandkosten\" \/>\n<meta property=\"og:url\" content=\"https:\/\/cecconi.shop\/de\/liefer-und-versandkosten\/\" \/>\n<meta property=\"og:site_name\" content=\"Cecconi\" \/>\n<meta property=\"article:publisher\" content=\"https:\/\/www.facebook.com\/AnriStore\/\" \/>\n<meta property=\"article:modified_time\" content=\"2025-10-01T11:01:25+00:00\" \/>\n<meta name=\"twitter:card\" content=\"summary_large_image\" \/>\n<meta name=\"twitter:label1\" content=\"Gesch\u00e4tzte Lesezeit\" \/>\n\t<meta name=\"twitter:data1\" content=\"2\u00a0Minuten\" \/>\n<script type=\"application\/ld+json\" class=\"yoast-schema-graph\">{\"@context\":\"https:\/\/schema.org\",\"@graph\":[{\"@type\":\"WebPage\",\"@id\":\"https:\/\/cecconi.shop\/de\/liefer-und-versandkosten\/\",\"url\":\"https:\/\/cecconi.shop\/de\/liefer-und-versandkosten\/\",\"name\":\"Liefer- und Versandkosten - Cecconi\",\"isPartOf\":{\"@id\":\"https:\/\/cecconi.shop\/de\/#website\"},\"datePublished\":\"2017-03-23T19:34:20+00:00\",\"dateModified\":\"2025-10-01T11:01:25+00:00\",\"inLanguage\":\"de\",\"potentialAction\":[{\"@type\":\"ReadAction\",\"target\":[\"https:\/\/cecconi.shop\/de\/liefer-und-versandkosten\/\"]}]},{\"@type\":\"WebSite\",\"@id\":\"https:\/\/cecconi.shop\/de\/#website\",\"url\":\"https:\/\/cecconi.shop\/de\/\",\"name\":\"Cecconi\",\"description\":\"Fine Arts &amp; Crafts\",\"potentialAction\":[{\"@type\":\"SearchAction\",\"target\":{\"@type\":\"EntryPoint\",\"urlTemplate\":\"https:\/\/cecconi.shop\/de\/?s={search_term_string}\"},\"query-input\":{\"@type\":\"PropertyValueSpecification\",\"valueRequired\":true,\"valueName\":\"search_term_string\"}}],\"inLanguage\":\"de\"}]}<\/script>\n<!-- \/ Yoast SEO Premium plugin. -->","yoast_head_json":{"title":"Liefer- und Versandkosten - Cecconi","robots":{"index":"index","follow":"follow","max-snippet":"max-snippet:-1","max-image-preview":"max-image-preview:large","max-video-preview":"max-video-preview:-1"},"canonical":"https:\/\/cecconi.shop\/de\/liefer-und-versandkosten\/","og_locale":"de_DE","og_type":"article","og_title":"Liefer- und Versandkosten","og_url":"https:\/\/cecconi.shop\/de\/liefer-und-versandkosten\/","og_site_name":"Cecconi","article_publisher":"https:\/\/www.facebook.com\/AnriStore\/","article_modified_time":"2025-10-01T11:01:25+00:00","twitter_card":"summary_large_image","twitter_misc":{"Gesch\u00e4tzte Lesezeit":"2\u00a0Minuten"},"schema":{"@context":"https:\/\/schema.org","@graph":[{"@type":"WebPage","@id":"https:\/\/cecconi.shop\/de\/liefer-und-versandkosten\/","url":"https:\/\/cecconi.shop\/de\/liefer-und-versandkosten\/","name":"Liefer- und Versandkosten - Cecconi","isPartOf":{"@id":"https:\/\/cecconi.shop\/de\/#website"},"datePublished":"2017-03-23T19:34:20+00:00","dateModified":"2025-10-01T11:01:25+00:00","inLanguage":"de","potentialAction":[{"@type":"ReadAction","target":["https:\/\/cecconi.shop\/de\/liefer-und-versandkosten\/"]}]},{"@type":"WebSite","@id":"https:\/\/cecconi.shop\/de\/#website","url":"https:\/\/cecconi.shop\/de\/","name":"Cecconi","description":"Fine Arts &amp; Crafts","potentialAction":[{"@type":"SearchAction","target":{"@type":"EntryPoint","urlTemplate":"https:\/\/cecconi.shop\/de\/?s={search_term_string}"},"query-input":{"@type":"PropertyValueSpecification","valueRequired":true,"valueName":"search_term_string"}}],"inLanguage":"de"}]}},"_links":{"self":[{"href":"https:\/\/cecconi.shop\/de\/wp-json\/wp\/v2\/pages\/44371","targetHints":{"allow":["GET"]}}],"collection":[{"href":"https:\/\/cecconi.shop\/de\/wp-json\/wp\/v2\/pages"}],"about":[{"href":"https:\/\/cecconi.shop\/de\/wp-json\/wp\/v2\/types\/page"}],"author":[{"embeddable":true,"href":"https:\/\/cecconi.shop\/de\/wp-json\/wp\/v2\/users\/1"}],"replies":[{"embeddable":true,"href":"https:\/\/cecconi.shop\/de\/wp-json\/wp\/v2\/comments?post=44371"}],"version-history":[{"count":2,"href":"https:\/\/cecconi.shop\/de\/wp-json\/wp\/v2\/pages\/44371\/revisions"}],"predecessor-version":[{"id":108768,"href":"https:\/\/cecconi.shop\/de\/wp-json\/wp\/v2\/pages\/44371\/revisions\/108768"}],"wp:attachment":[{"href":"https:\/\/cecconi.shop\/de\/wp-json\/wp\/v2\/media?parent=44371"}],"curies":[{"name":"wp","href":"https:\/\/api.w.org\/{rel}","templated":true}]}}