{"id":44395,"date":"2016-10-13T14:06:46","date_gmt":"2016-10-13T12:06:46","guid":{"rendered":"https:\/\/cecconi.shop\/about-us\/"},"modified":"2017-07-31T22:25:40","modified_gmt":"2017-07-31T20:25:40","slug":"ueber-cecconi","status":"publish","type":"page","link":"https:\/\/cecconi.shop\/de\/ueber-cecconi\/","title":{"rendered":"\u00dcber Cecconi"},"content":{"rendered":"<div class=\"fusion-fullwidth fullwidth-box fusion-builder-row-1 nonhundred-percent-fullwidth non-hundred-percent-height-scrolling\" style=\"--awb-border-radius-top-left:0px;--awb-border-radius-top-right:0px;--awb-border-radius-bottom-right:0px;--awb-border-radius-bottom-left:0px;--awb-flex-wrap:wrap;\" ><div class=\"fusion-builder-row fusion-row\"><div class=\"fusion-layout-column fusion_builder_column fusion-builder-column-0 fusion_builder_column_1_1 1_1 fusion-one-full fusion-column-first fusion-column-last\" style=\"--awb-bg-size:cover;\"><div class=\"fusion-column-wrapper fusion-flex-column-wrapper-legacy\"><div class=\"fusion-title title fusion-title-1 fusion-title-text fusion-title-size-one\"><h1 class=\"fusion-title-heading title-heading-left fusion-responsive-typography-calculated\" style=\"margin:0;--fontSize:50;line-height:1.2;\"><h1>\u00dcber Cecconi<\/h1><\/h1><span class=\"awb-title-spacer\"><\/span><div class=\"title-sep-container\"><div class=\"title-sep sep-single sep-solid\" style=\"border-color:#e0dede;\"><\/div><\/div><\/div><div class=\"fusion-clearfix\"><\/div><\/div><\/div><\/div><\/div><div class=\"fusion-fullwidth fullwidth-box fusion-builder-row-2 nonhundred-percent-fullwidth non-hundred-percent-height-scrolling\" style=\"--awb-border-radius-top-left:0px;--awb-border-radius-top-right:0px;--awb-border-radius-bottom-right:0px;--awb-border-radius-bottom-left:0px;--awb-flex-wrap:wrap;\" ><div class=\"fusion-builder-row fusion-row\"><div class=\"fusion-layout-column fusion_builder_column fusion-builder-column-1 fusion_builder_column_1_2 1_2 fusion-one-half fusion-column-first\" style=\"--awb-bg-size:cover;width:50%;width:calc(50% - ( ( 4% ) * 0.5 ) );margin-right: 4%;\"><div class=\"fusion-column-wrapper fusion-flex-column-wrapper-legacy\"><div class=\"fusion-text fusion-text-1\"><p>\u00dcber drei Jahrzehnte besch\u00e4ftigt sich unser Familienbetrieb mit dem Kunsthandwerk, vor allem mit Holzschnitzereien. Unser Augenmerk lag dabei vor allem auf den Figuren der Firma ANRI und wir sind seither einer der weltweit gr\u00f6\u00dften H\u00e4ndler. Aus diesem Grund ist unser Gesch\u00e4ft bei Sammlern und Liebhabern dieser Meisterst\u00fccke rund um den Erdball bekannt.<\/p>\n<p>Wir f\u00fchren das gesamte Angebot der Firma ANRI: Krippenfiguren nach Prof. Karl Kuolt, Ulrich Bernardi, Juan Ferr\u00e1ndiz, Walter Bacher, Fini Moroder und die Serie \u201eHeiliges Land\u201c aus der \u201cVatican Library Collection&#8221;. Weiters die entz\u00fcckenden Figuren nach Sarah Kay und die bezaubernden Werke von Juan Ferr\u00e1ndiz. Selbstverst\u00e4ndlich finden Sie auch die beeindruckenden Tierinterpretationen von Gunther Granget und die religi\u00f6se Auswahl bestehend aus Engeln, Madonnen und Engelsk\u00f6pfen, meist aus der Meisterhand Ulrich Bernardi&#8217;s.<\/p>\n<p>Zus\u00e4tzlich zu unserem gro\u00dfen Sortiment an ANRI Sammelfiguren, bieten wir ein breit gef\u00e4chertes Angebot an exklusiven Holzschnitzereien und dekorativen Artikeln: Madonnen, Krippenfiguren, Engel, Heiligenfiguren, Engelsk\u00f6pfe, Block Krippen, profane Holzfiguren und Supraports. Wir pr\u00e4sentieren Ihnen auch die weltbekannten Interpretationen der Weihnachtskrippe der sizilianischen K\u00fcnstlerin Angela Tripi. Au\u00dferdem finden Sie bei uns eine gro\u00dfe Auswahl von Handbemalten Zinnornamenten und keramischen Kostbarkeiten.<\/p>\n<p>Vom ersten Tag an steht unser Familienbetrieb bei Kunden aus aller Welt f\u00fcr exzellenten Service und pers\u00f6nliche Betreuung. N\u00fctzen sie die Gelegenheit und besuchen Sie uns pers\u00f6nlich hier im Herzen dieser unvergleichlichen Stadt, oder st\u00f6bern Sie gleich in unserem gro\u00dfes Online-Angebot.<\/p>\n<p>Wir freuen uns auf Ihren Besuch,<br \/>\nAndrea Cecconi<\/p>\n<\/div><div class=\"fusion-clearfix\"><\/div><\/div><\/div><div class=\"fusion-layout-column fusion_builder_column fusion-builder-column-2 fusion_builder_column_1_2 1_2 fusion-one-half fusion-column-last\" style=\"--awb-bg-size:cover;width:50%;width:calc(50% - ( ( 4% ) * 0.5 ) );\"><div class=\"fusion-column-wrapper fusion-flex-column-wrapper-legacy\"><div class=\"fusion-image-element in-legacy-container\" style=\"--awb-caption-title-font-family:var(--h2_typography-font-family);--awb-caption-title-font-weight:var(--h2_typography-font-weight);--awb-caption-title-font-style:var(--h2_typography-font-style);--awb-caption-title-size:var(--h2_typography-font-size);--awb-caption-title-transform:var(--h2_typography-text-transform);--awb-caption-title-line-height:var(--h2_typography-line-height);--awb-caption-title-letter-spacing:var(--h2_typography-letter-spacing);\"><span class=\" fusion-imageframe imageframe-none imageframe-1 hover-type-none\"><img decoding=\"async\" width=\"600\" height=\"900\" title=\"about us2\" src=\"https:\/\/cecconi.shop\/wp-content\/uploads\/2016\/10\/about-us2017.jpg\" alt class=\"img-responsive wp-image-44391\"\/><\/span><\/div><div class=\"fusion-clearfix\"><\/div><\/div><\/div><\/div><\/div>\n","protected":false},"excerpt":{"rendered":"","protected":false},"author":1,"featured_media":0,"parent":0,"menu_order":0,"comment_status":"closed","ping_status":"closed","template":"100-width.php","meta":{"footnotes":""},"class_list":["post-44395","page","type-page","status-publish","hentry"],"yoast_head":"<!-- This site is optimized with the Yoast SEO Premium plugin v27.0 (Yoast SEO v27.0) - https:\/\/yoast.com\/product\/yoast-seo-premium-wordpress\/ -->\n<title>\u00dcber Cecconi | Cecconi<\/title>\n<meta name=\"description\" content=\"\u00dcber drei Jahrzehnte besch\u00e4ftigt sich unser Familienbetrieb mit dem Kunsthandwerk, vor allem mit den Holzschnitzereien der Firma ANRI.\" \/>\n<meta name=\"robots\" content=\"index, follow, max-snippet:-1, max-image-preview:large, max-video-preview:-1\" \/>\n<link rel=\"canonical\" href=\"https:\/\/cecconi.shop\/de\/ueber-cecconi\/\" \/>\n<meta property=\"og:locale\" content=\"de_DE\" \/>\n<meta property=\"og:type\" content=\"article\" \/>\n<meta property=\"og:title\" content=\"\u00dcber Cecconi\" \/>\n<meta property=\"og:description\" content=\"\u00dcber drei Jahrzehnte besch\u00e4ftigt sich unser Familienbetrieb mit dem Kunsthandwerk, vor allem mit den Holzschnitzereien der Firma ANRI.\" \/>\n<meta property=\"og:url\" content=\"https:\/\/cecconi.shop\/de\/ueber-cecconi\/\" \/>\n<meta property=\"og:site_name\" content=\"Cecconi\" \/>\n<meta property=\"article:publisher\" content=\"https:\/\/www.facebook.com\/AnriStore\/\" \/>\n<meta property=\"article:modified_time\" content=\"2017-07-31T20:25:40+00:00\" \/>\n<meta name=\"twitter:card\" content=\"summary_large_image\" \/>\n<meta name=\"twitter:label1\" content=\"Gesch\u00e4tzte Lesezeit\" \/>\n\t<meta name=\"twitter:data1\" content=\"4\u00a0Minuten\" \/>\n<script type=\"application\/ld+json\" class=\"yoast-schema-graph\">{\"@context\":\"https:\/\/schema.org\",\"@graph\":[{\"@type\":\"WebPage\",\"@id\":\"https:\/\/cecconi.shop\/de\/ueber-cecconi\/\",\"url\":\"https:\/\/cecconi.shop\/de\/ueber-cecconi\/\",\"name\":\"\u00dcber Cecconi | Cecconi\",\"isPartOf\":{\"@id\":\"https:\/\/cecconi.shop\/de\/#website\"},\"datePublished\":\"2016-10-13T12:06:46+00:00\",\"dateModified\":\"2017-07-31T20:25:40+00:00\",\"description\":\"\u00dcber drei Jahrzehnte besch\u00e4ftigt sich unser Familienbetrieb mit dem Kunsthandwerk, vor allem mit den Holzschnitzereien der Firma ANRI.\",\"inLanguage\":\"de\",\"potentialAction\":[{\"@type\":\"ReadAction\",\"target\":[\"https:\/\/cecconi.shop\/de\/ueber-cecconi\/\"]}]},{\"@type\":\"WebSite\",\"@id\":\"https:\/\/cecconi.shop\/de\/#website\",\"url\":\"https:\/\/cecconi.shop\/de\/\",\"name\":\"Cecconi\",\"description\":\"Fine Arts &amp; Crafts\",\"potentialAction\":[{\"@type\":\"SearchAction\",\"target\":{\"@type\":\"EntryPoint\",\"urlTemplate\":\"https:\/\/cecconi.shop\/de\/?s={search_term_string}\"},\"query-input\":{\"@type\":\"PropertyValueSpecification\",\"valueRequired\":true,\"valueName\":\"search_term_string\"}}],\"inLanguage\":\"de\"}]}<\/script>\n<!-- \/ Yoast SEO Premium plugin. -->","yoast_head_json":{"title":"\u00dcber Cecconi | Cecconi","description":"\u00dcber drei Jahrzehnte besch\u00e4ftigt sich unser Familienbetrieb mit dem Kunsthandwerk, vor allem mit den Holzschnitzereien der Firma ANRI.","robots":{"index":"index","follow":"follow","max-snippet":"max-snippet:-1","max-image-preview":"max-image-preview:large","max-video-preview":"max-video-preview:-1"},"canonical":"https:\/\/cecconi.shop\/de\/ueber-cecconi\/","og_locale":"de_DE","og_type":"article","og_title":"\u00dcber Cecconi","og_description":"\u00dcber drei Jahrzehnte besch\u00e4ftigt sich unser Familienbetrieb mit dem Kunsthandwerk, vor allem mit den Holzschnitzereien der Firma ANRI.","og_url":"https:\/\/cecconi.shop\/de\/ueber-cecconi\/","og_site_name":"Cecconi","article_publisher":"https:\/\/www.facebook.com\/AnriStore\/","article_modified_time":"2017-07-31T20:25:40+00:00","twitter_card":"summary_large_image","twitter_misc":{"Gesch\u00e4tzte Lesezeit":"4\u00a0Minuten"},"schema":{"@context":"https:\/\/schema.org","@graph":[{"@type":"WebPage","@id":"https:\/\/cecconi.shop\/de\/ueber-cecconi\/","url":"https:\/\/cecconi.shop\/de\/ueber-cecconi\/","name":"\u00dcber Cecconi | Cecconi","isPartOf":{"@id":"https:\/\/cecconi.shop\/de\/#website"},"datePublished":"2016-10-13T12:06:46+00:00","dateModified":"2017-07-31T20:25:40+00:00","description":"\u00dcber drei Jahrzehnte besch\u00e4ftigt sich unser Familienbetrieb mit dem Kunsthandwerk, vor allem mit den Holzschnitzereien der Firma ANRI.","inLanguage":"de","potentialAction":[{"@type":"ReadAction","target":["https:\/\/cecconi.shop\/de\/ueber-cecconi\/"]}]},{"@type":"WebSite","@id":"https:\/\/cecconi.shop\/de\/#website","url":"https:\/\/cecconi.shop\/de\/","name":"Cecconi","description":"Fine Arts &amp; Crafts","potentialAction":[{"@type":"SearchAction","target":{"@type":"EntryPoint","urlTemplate":"https:\/\/cecconi.shop\/de\/?s={search_term_string}"},"query-input":{"@type":"PropertyValueSpecification","valueRequired":true,"valueName":"search_term_string"}}],"inLanguage":"de"}]}},"_links":{"self":[{"href":"https:\/\/cecconi.shop\/de\/wp-json\/wp\/v2\/pages\/44395","targetHints":{"allow":["GET"]}}],"collection":[{"href":"https:\/\/cecconi.shop\/de\/wp-json\/wp\/v2\/pages"}],"about":[{"href":"https:\/\/cecconi.shop\/de\/wp-json\/wp\/v2\/types\/page"}],"author":[{"embeddable":true,"href":"https:\/\/cecconi.shop\/de\/wp-json\/wp\/v2\/users\/1"}],"replies":[{"embeddable":true,"href":"https:\/\/cecconi.shop\/de\/wp-json\/wp\/v2\/comments?post=44395"}],"version-history":[{"count":0,"href":"https:\/\/cecconi.shop\/de\/wp-json\/wp\/v2\/pages\/44395\/revisions"}],"wp:attachment":[{"href":"https:\/\/cecconi.shop\/de\/wp-json\/wp\/v2\/media?parent=44395"}],"curies":[{"name":"wp","href":"https:\/\/api.w.org\/{rel}","templated":true}]}}