{"id":44400,"date":"2017-06-06T13:46:05","date_gmt":"2017-06-06T11:46:05","guid":{"rendered":"https:\/\/cecconi.shop\/?page_id=44400\/"},"modified":"2017-06-06T13:48:09","modified_gmt":"2017-06-06T11:48:09","slug":"allgemeine-geschaeftsbedingungen","status":"publish","type":"page","link":"https:\/\/cecconi.shop\/de\/allgemeine-geschaeftsbedingungen\/","title":{"rendered":"Allgemeine Gesch\u00e4ftsbedingungen"},"content":{"rendered":"<div class=\"fusion-fullwidth fullwidth-box fusion-builder-row-1 nonhundred-percent-fullwidth non-hundred-percent-height-scrolling\" style=\"--awb-border-radius-top-left:0px;--awb-border-radius-top-right:0px;--awb-border-radius-bottom-right:0px;--awb-border-radius-bottom-left:0px;--awb-margin-top:0px;--awb-margin-bottom:0px;--awb-flex-wrap:wrap;\" ><div class=\"fusion-builder-row fusion-row\"><div class=\"fusion-layout-column fusion_builder_column fusion-builder-column-0 fusion_builder_column_1_1 1_1 fusion-one-full fusion-column-first fusion-column-last\" style=\"--awb-bg-size:cover;\"><div class=\"fusion-column-wrapper fusion-flex-column-wrapper-legacy\"><div class=\"fusion-text fusion-text-1\"><h1>Allgemeine Gesch\u00e4ftsbedingungen<\/h1>\n<\/div><div class=\"fusion-clearfix\"><\/div><\/div><\/div><\/div><\/div><div class=\"fusion-fullwidth fullwidth-box fusion-builder-row-2 nonhundred-percent-fullwidth non-hundred-percent-height-scrolling\" style=\"--awb-border-radius-top-left:0px;--awb-border-radius-top-right:0px;--awb-border-radius-bottom-right:0px;--awb-border-radius-bottom-left:0px;--awb-flex-wrap:wrap;\" ><div class=\"fusion-builder-row fusion-row\"><div class=\"fusion-layout-column fusion_builder_column fusion-builder-column-1 fusion_builder_column_1_1 1_1 fusion-one-full fusion-column-first fusion-column-last\" style=\"--awb-bg-size:cover;\"><div class=\"fusion-column-wrapper fusion-flex-column-wrapper-legacy\"><div class=\"fusion-text fusion-text-2\"><p>von: Andrea Cecconi, Stephansplatz 4, 1010 Wien<br \/>\nTel: 01\/513 06 94, Fax: 01\/513 49 92,<br \/>\nE-Mail: <a href=\"mailto:office@cecconi.at\">office@cecconi.at<\/a> Internet: www.cecconi.at<br \/>\nUID: ATU10555905<\/p>\n<\/div><div class=\"fusion-text fusion-text-3\"><ol>\n<li><strong> Geltungsbereich<br \/>\n<\/strong>Diese nachfolgenden Allgemeinen Gesch\u00e4ftsbedingungen gelten f\u00fcr alle Vertr\u00e4ge zwischen Andrea Cecconi (&#8220;CECCONI&#8221;) und seinen Verbrauchern. Von diesen AGB abweichende Vereinbarungen werden nur akzeptiert, wenn diese ausdr\u00fccklich schriftlich im Vorhinein vereinbart wurden. Verbraucher ist jede nat\u00fcrliche Person, die ein Rechtsgesch\u00e4ft zu Zwecken abschlie\u00dft, die \u00fcberwiegend weder ihrer gewerblichen noch ihrer selbst\u00e4ndigen beruflichen T\u00e4tigkeit zugerechnet werden k\u00f6nnen. Unternehmer ist eine nat\u00fcrliche oder juristische Person oder eine rechtsf\u00e4hige Personengesellschaft, die bei Abschluss eines Rechtsgesch\u00e4fts in Aus\u00fcbung ihrer gewerblichen oder selbst\u00e4ndigen beruflichen T\u00e4tigkeit handelt. Gegen\u00fcber Unternehmern gelten diese AGB auch f\u00fcr k\u00fcnftige Gesch\u00e4ftsbeziehungen, ohne dass CECCONI nochmals auf sie hinweisen m\u00fcsste. Verwendet der Unternehmer entgegenstehende oder erg\u00e4nzende Allgemeine Gesch\u00e4ftsbedingungen, wird deren Geltung hiermit widersprochen; sie werden nur dann Vertragsbestandteil, wenn CECCONI dem ausdr\u00fccklich zugestimmt hat.<\/li>\n<\/ol>\n<\/div><div class=\"fusion-text fusion-text-4\"><ol start=\"2\">\n<li><strong> Vertragsabschluss<\/strong><br \/>\nCECCONI bietet \u00fcber seine eigene Website Produkte zum Kauf an. Bei Eink\u00e4ufen auf der Website von CECCONI kommt der Vertrag mit der Absendung der Auftragsbest\u00e4tigung durch CECCONI per E-Mail an den Kunden zustande. Auf der Website von CECCONI stehen dem Kunden M\u00f6glichkeiten zur Verf\u00fcgung, Eingabefehler durch \u00dcberpr\u00fcfung seiner Eingaben vor der Abgabe eines verbindlichen Kaufanbots zur korrigieren.<\/li>\n<\/ol>\n<\/div><div class=\"fusion-text fusion-text-5\"><ol start=\"3\">\n<li><strong> Kaufabwicklung<\/strong><br \/>\nCECCONI akzeptiert die in der Artikelbeschreibung genannten Zahlungsmodalit\u00e4ten. CECCONI hat insbesondere das Recht, vom Kunden Vorauszahlung per Bank\u00fcberweisung zu verlangen. Die Nutzung des Zahlungsdienstes PayPal ist CECCONI freigestellt und nicht zwingend. Der Kunde hat bei der Bank\u00fcberweisung die Bestellnummer anzugeben, die er von CECCONI in der Auftragsbest\u00e4tigung erh\u00e4lt.Nach Zahlungseingang versendet CECCONI, falls nicht anders vereinbart, innerhalb von 5 Werktagen die Ware an den Kunden. Der Kunde ist mit der Versendung der Ware durch die \u00d6sterreichische Post AG oder einen gewerblichen Paketdienst nach Wahl von CECCONI einverstanden.<\/li>\n<\/ol>\n<\/div><div class=\"fusion-text fusion-text-6\"><ol start=\"4\">\n<li><strong> Vertragssprache, Vertragstextspeicherung<\/strong><br \/>\nDie f\u00fcr den Vertragsschluss zur Verf\u00fcgung stehenden Sprachen sind Deutsch und Englisch. CECCONI speichert den Vertragstext und senden Ihnen die Bestelldaten per E-Mail zu. Die AGB k\u00f6nnen Sie jederzeit hier auf dieser Seite einsehen und herunterladen. Ihre vergangenen Bestellungen k\u00f6nnen Sie in Ihrem Kundenkonto einsehen.<\/li>\n<\/ol>\n<\/div><div class=\"fusion-text fusion-text-7\"><ol start=\"5\">\n<li><strong> Preise und Versandkosten<\/strong><br \/>\nDer Kaufpreis berechnet sich nach dem von CECCONI festgelegten Festpreis. Die von CECCONI angegebenen Preise beinhalten die gesetzliche Umsatzsteuer nach dem \u00f6sterreichischen Umsatzsteuergesetz. Zuz\u00fcglich zum Kaufpreis hat der Kunde f\u00fcr jeden gekauften Artikel die in der Artikelbeschreibung angegebenen Versandkosten zu tragen. Eine Erm\u00e4\u00dfigung der Versandkosten beim gleichzeitigen Kauf mehrerer Artikel ist nur dann statthaft, wenn auf diese Erm\u00e4\u00dfigung in der Artikelbeschreibung gesondert hingewiesen wurde.<\/li>\n<\/ol>\n<\/div><div class=\"fusion-text fusion-text-8\"><ol start=\"6\">\n<li><strong><strong> Transportsch\u00e4den<br \/>\n<\/strong><\/strong><strong><u>F\u00fcr Verbraucher gilt:<br \/>\n<\/u><\/strong>Werden Waren mit offensichtlichen Transportsch\u00e4den angeliefert, so reklamieren Sie solche Fehler bitte m\u00f6glichst sofort beim Zusteller und nehmen Sie bitte unverz\u00fcglich Kontakt zu CECCONI auf. Die Vers\u00e4umung einer Reklamation oder Kontaktaufnahme hat f\u00fcr Ihre gesetzlichen Anspr\u00fcche und deren Durchsetzung, insbesondere Ihre Gew\u00e4hrleistungsrechte, keinerlei Konsequenzen. Sie helfen CECCONI aber, seine eigenen Anspr\u00fcche gegen\u00fcber dem Frachtf\u00fchrer bzw. der Transportversicherung geltend machen zu k\u00f6nnen.<strong><u>F\u00fcr Unternehmer gilt:<br \/>\n<\/u><\/strong>Die Gefahr des zuf\u00e4lligen Untergangs und der zuf\u00e4lligen Verschlechterung geht auf Sie \u00fcber, sobald CECCONI die Sache dem Spediteur, dem Frachtf\u00fchrer oder der sonst zur Ausf\u00fchrung der Versendung bestimmten Person oder Anstalt. Unter Kaufleuten gilt die in \u00a7 377 HGB geregelte Untersuchungs- und R\u00fcgepflicht. Unterlassen Sie die dort geregelte Anzeige, so gilt die Ware als genehmigt, es sei denn, dass es sich um einen Mangel handelt, der bei der Untersuchung nicht erkennbar war. Dies gilt nicht, falls CECCONI einen Mangel arglistig verschwiegen hat.<\/li>\n<\/ol>\n<\/div><div class=\"fusion-text fusion-text-9\"><ol start=\"7\">\n<li><strong> Streitbeilegung<br \/>\n<\/strong>Die Europ\u00e4ische Kommission stellt eine Plattform zur Online-Streitbeilegung (OS) bereit, die Sie hier finden <a href=\"http:\/\/ec.europa.eu\/consumers\/odr\/\" target=\"_blank\" rel=\"noopener noreferrer\">ec.europa.eu\/consumers\/odr<\/a>. Verbraucher haben die M\u00f6glichkeit, diese Plattform f\u00fcr die Beilegung ihrer Streitigkeiten zu nutzen.<br \/>\nZur Beilegung von Streitigkeiten aus einem Vertragsverh\u00e4ltnis mit einem Verbraucher bzw. dar\u00fcber, ob ein solches Vertragsverh\u00e4ltnis \u00fcberhaupt besteht, ist CECCONI zur Teilnahme an Streitbeilegungsverfahren vor einer Verbraucherschlichtungsstelle verpflichtet. Zust\u00e4ndig ist: Schlichtung f\u00fcr Verbrauchergesch\u00e4fte, Mariahilfer Stra\u00dfe 103\/1\/18, 1060 Wien, \u00d6sterreich, <a href=\"https:\/\/www.verbraucherschlichtung.at\/\" target=\"_blank\" rel=\"noopener noreferrer\">www.verbraucherschlichtung.at<\/a>. An einem Streitbeilegungsverfahren vor dieser Stelle wird CECCONI teilnehmen.<\/li>\n<\/ol>\n<\/div><div class=\"fusion-text fusion-text-10\"><ol start=\"8\">\n<li><strong> Schlussbestimmungen<\/strong><br \/>\nAuf diesen Vertrag und alle daraus erflie\u00dfenden Rechte und Pflichten zwischen dem Kunden und CECCONI ist &#8211; soweit eine Rechtswahl zul\u00e4ssig ist &#8211; \u00f6sterreichisches Recht unter Ausschluss des UN-Kaufrechts und der Verweisungsnormen anzuwenden. Streitigkeiten sind &#8211; soweit eine Gerichtsstandsvereinbarung zul\u00e4ssig ist &#8211; vor dem f\u00fcr den ersten Wiener Gemeindebezirk sachlich zust\u00e4ndigen Gericht auszutragen.<\/li>\n<\/ol>\n<\/div><div class=\"fusion-clearfix\"><\/div><\/div><\/div><\/div><\/div>\n","protected":false},"excerpt":{"rendered":"","protected":false},"author":1,"featured_media":0,"parent":0,"menu_order":0,"comment_status":"closed","ping_status":"closed","template":"100-width.php","meta":{"footnotes":""},"class_list":["post-44400","page","type-page","status-publish","hentry"],"yoast_head":"<!-- This site is optimized with the Yoast SEO Premium plugin v27.5 (Yoast SEO v27.5) - https:\/\/yoast.com\/product\/yoast-seo-premium-wordpress\/ -->\n<title>Allgemeine Gesch\u00e4ftsbedingungen - Cecconi<\/title>\n<meta name=\"robots\" content=\"index, follow, max-snippet:-1, max-image-preview:large, max-video-preview:-1\" \/>\n<link rel=\"canonical\" href=\"https:\/\/cecconi.shop\/de\/allgemeine-geschaeftsbedingungen\/\" \/>\n<meta property=\"og:locale\" content=\"de_DE\" \/>\n<meta property=\"og:type\" content=\"article\" \/>\n<meta property=\"og:title\" content=\"Allgemeine Gesch\u00e4ftsbedingungen\" \/>\n<meta property=\"og:url\" content=\"https:\/\/cecconi.shop\/de\/allgemeine-geschaeftsbedingungen\/\" \/>\n<meta property=\"og:site_name\" content=\"Cecconi\" \/>\n<meta property=\"article:publisher\" content=\"https:\/\/www.facebook.com\/AnriStore\/\" \/>\n<meta property=\"article:modified_time\" content=\"2017-06-06T11:48:09+00:00\" \/>\n<meta name=\"twitter:card\" content=\"summary_large_image\" \/>\n<meta name=\"twitter:label1\" content=\"Gesch\u00e4tzte Lesezeit\" \/>\n\t<meta name=\"twitter:data1\" content=\"6\u00a0Minuten\" \/>\n<script type=\"application\/ld+json\" class=\"yoast-schema-graph\">{\"@context\":\"https:\\\/\\\/schema.org\",\"@graph\":[{\"@type\":\"WebPage\",\"@id\":\"https:\\\/\\\/cecconi.shop\\\/de\\\/allgemeine-geschaeftsbedingungen\\\/\",\"url\":\"https:\\\/\\\/cecconi.shop\\\/de\\\/allgemeine-geschaeftsbedingungen\\\/\",\"name\":\"Allgemeine Gesch\u00e4ftsbedingungen - Cecconi\",\"isPartOf\":{\"@id\":\"https:\\\/\\\/cecconi.shop\\\/de\\\/#website\"},\"datePublished\":\"2017-06-06T11:46:05+00:00\",\"dateModified\":\"2017-06-06T11:48:09+00:00\",\"inLanguage\":\"de\",\"potentialAction\":[{\"@type\":\"ReadAction\",\"target\":[\"https:\\\/\\\/cecconi.shop\\\/de\\\/allgemeine-geschaeftsbedingungen\\\/\"]}]},{\"@type\":\"WebSite\",\"@id\":\"https:\\\/\\\/cecconi.shop\\\/de\\\/#website\",\"url\":\"https:\\\/\\\/cecconi.shop\\\/de\\\/\",\"name\":\"Cecconi\",\"description\":\"Fine Arts &amp; Crafts\",\"potentialAction\":[{\"@type\":\"SearchAction\",\"target\":{\"@type\":\"EntryPoint\",\"urlTemplate\":\"https:\\\/\\\/cecconi.shop\\\/de\\\/?s={search_term_string}\"},\"query-input\":{\"@type\":\"PropertyValueSpecification\",\"valueRequired\":true,\"valueName\":\"search_term_string\"}}],\"inLanguage\":\"de\"}]}<\/script>\n<!-- \/ Yoast SEO Premium plugin. -->","yoast_head_json":{"title":"Allgemeine Gesch\u00e4ftsbedingungen - Cecconi","robots":{"index":"index","follow":"follow","max-snippet":"max-snippet:-1","max-image-preview":"max-image-preview:large","max-video-preview":"max-video-preview:-1"},"canonical":"https:\/\/cecconi.shop\/de\/allgemeine-geschaeftsbedingungen\/","og_locale":"de_DE","og_type":"article","og_title":"Allgemeine Gesch\u00e4ftsbedingungen","og_url":"https:\/\/cecconi.shop\/de\/allgemeine-geschaeftsbedingungen\/","og_site_name":"Cecconi","article_publisher":"https:\/\/www.facebook.com\/AnriStore\/","article_modified_time":"2017-06-06T11:48:09+00:00","twitter_card":"summary_large_image","twitter_misc":{"Gesch\u00e4tzte Lesezeit":"6\u00a0Minuten"},"schema":{"@context":"https:\/\/schema.org","@graph":[{"@type":"WebPage","@id":"https:\/\/cecconi.shop\/de\/allgemeine-geschaeftsbedingungen\/","url":"https:\/\/cecconi.shop\/de\/allgemeine-geschaeftsbedingungen\/","name":"Allgemeine Gesch\u00e4ftsbedingungen - Cecconi","isPartOf":{"@id":"https:\/\/cecconi.shop\/de\/#website"},"datePublished":"2017-06-06T11:46:05+00:00","dateModified":"2017-06-06T11:48:09+00:00","inLanguage":"de","potentialAction":[{"@type":"ReadAction","target":["https:\/\/cecconi.shop\/de\/allgemeine-geschaeftsbedingungen\/"]}]},{"@type":"WebSite","@id":"https:\/\/cecconi.shop\/de\/#website","url":"https:\/\/cecconi.shop\/de\/","name":"Cecconi","description":"Fine Arts &amp; Crafts","potentialAction":[{"@type":"SearchAction","target":{"@type":"EntryPoint","urlTemplate":"https:\/\/cecconi.shop\/de\/?s={search_term_string}"},"query-input":{"@type":"PropertyValueSpecification","valueRequired":true,"valueName":"search_term_string"}}],"inLanguage":"de"}]}},"_links":{"self":[{"href":"https:\/\/cecconi.shop\/de\/wp-json\/wp\/v2\/pages\/44400","targetHints":{"allow":["GET"]}}],"collection":[{"href":"https:\/\/cecconi.shop\/de\/wp-json\/wp\/v2\/pages"}],"about":[{"href":"https:\/\/cecconi.shop\/de\/wp-json\/wp\/v2\/types\/page"}],"author":[{"embeddable":true,"href":"https:\/\/cecconi.shop\/de\/wp-json\/wp\/v2\/users\/1"}],"replies":[{"embeddable":true,"href":"https:\/\/cecconi.shop\/de\/wp-json\/wp\/v2\/comments?post=44400"}],"version-history":[{"count":0,"href":"https:\/\/cecconi.shop\/de\/wp-json\/wp\/v2\/pages\/44400\/revisions"}],"wp:attachment":[{"href":"https:\/\/cecconi.shop\/de\/wp-json\/wp\/v2\/media?parent=44400"}],"curies":[{"name":"wp","href":"https:\/\/api.w.org\/{rel}","templated":true}]}}