{"id":44464,"date":"2017-06-08T18:07:44","date_gmt":"2017-06-08T16:07:44","guid":{"rendered":"https:\/\/cecconi.shop\/?page_id=44464\/"},"modified":"2017-07-15T10:32:47","modified_gmt":"2017-07-15T08:32:47","slug":"weihnachtskrippe","status":"publish","type":"page","link":"https:\/\/cecconi.shop\/de\/weihnachtskrippe\/","title":{"rendered":"Weihnachtskrippe"},"content":{"rendered":"<div class=\"fusion-fullwidth fullwidth-box fusion-builder-row-1 nonhundred-percent-fullwidth non-hundred-percent-height-scrolling\" style=\"--awb-border-radius-top-left:0px;--awb-border-radius-top-right:0px;--awb-border-radius-bottom-right:0px;--awb-border-radius-bottom-left:0px;--awb-flex-wrap:wrap;\" ><div class=\"fusion-builder-row fusion-row\"><div class=\"fusion-layout-column fusion_builder_column fusion-builder-column-0 fusion_builder_column_1_1 1_1 fusion-one-full fusion-column-first fusion-column-last\" style=\"--awb-bg-size:cover;\"><div class=\"fusion-column-wrapper fusion-flex-column-wrapper-legacy\"><div class=\"fusion-text fusion-text-1\"><h1>Weihnachtskrippe<\/h1>\n<\/div><div class=\"fusion-clearfix\"><\/div><\/div><\/div><\/div><\/div><div class=\"fusion-fullwidth fullwidth-box fusion-builder-row-2 nonhundred-percent-fullwidth non-hundred-percent-height-scrolling\" style=\"--awb-border-radius-top-left:0px;--awb-border-radius-top-right:0px;--awb-border-radius-bottom-right:0px;--awb-border-radius-bottom-left:0px;--awb-flex-wrap:wrap;\" ><div class=\"fusion-builder-row fusion-row\"><div class=\"fusion-layout-column fusion_builder_column fusion-builder-column-1 fusion_builder_column_1_2 1_2 fusion-one-half fusion-column-first\" style=\"--awb-bg-size:cover;width:50%;width:calc(50% - ( ( 4% ) * 0.5 ) );margin-right: 4%;\"><div class=\"fusion-column-wrapper fusion-flex-column-wrapper-legacy\"><div class=\"fusion-text fusion-text-2\"><p><strong>Die Krippe &#8211; Geburt Christi<\/strong><\/p>\n<p>Die <a href=\"https:\/\/cecconi.shop\/de\/product-category\/anri-krippen\/\">Krippe<\/a>, auch Weihnachtskrippe genannt spielt eine wichtige Rolle in den Weihnachtstraditionen und ist ein wesentliches Symbol des Christentums. Weihnachten, das Fest der Geburt Christi, ist unwiderruflich an viele Traditionen auf der ganzen Welt gebunden. Die <a href=\"https:\/\/cecconi.shop\/de\/krippenserien\/\">Krippe<\/a>, liebevoll unter dem Weihnachtsbaum aufgebaut, ist in den meisten Haushalten ein fixer Bestandteil der Weihnachtszeit.<\/p>\n<p>\u00dcber die fr\u00fche Entwicklung der Krippe ist wenig bekannt und \u00fcber das \u00a0Ursprungsdatum kann nur spekuliert werden. Der erste Hinweis auf die Krippe &#8220;Jesuskind in der Krippe&#8221; stammt von Johannes Chrysostomos (345 A.D. &#8211; 407 A.D.). In sp\u00e4teren Quelle schl\u00e4gt der niederl\u00e4ndische Augustinerm\u00f6nch Johannes Mauburnus einen t\u00e4glichen Besuch w\u00e4hrend der Weihnachtszeit beim &#8220;Kind in der Krippe&#8221; mit der Heiligen Jungfrau und dem Heiligen Joseph vor. Es ist bekannt, dass die ersten Krippen &#8220;Bethlehem&#8221; genannt wurden.<\/p>\n<p>Man sagt, dass es der Hl. Franz von Assisi war, der im Jahre 1223 in Greccio als erster die Idee hatte\u00a0anstelle einer Predigt mit lebenden Tieren und Menschen das Weihnachtsgeschehen nachzustellen. Die Leidenschaft f\u00fcr <a href=\"https:\/\/cecconi.shop\/de\/product-category\/anri-krippen\/\">Weihnachtskrippen<\/a> bl\u00fchte dann im Barock wirklich auf. Als Mittel zur &#8220;Veranschaulichung des Glaubens&#8221; wurden unter der Leitung von Jesuiten aufwendige und wertvolle Krippenszenen entworfen und hergestellt, die dann in Kirchen aufgebaut wurden. Mit der Zeit wurden kleinere, aber ebenso wertvolle Krippen in Stadth\u00e4usern und Bauernh\u00f6fen eingerichtet.<\/p>\n<p>Die ersten schriftlichen Nachweise f\u00fcr eine Holzschnitzerei &#8220;presepe&#8221; (Krippe) stammt aus dem Jahr 1478, als ein Kaufmann aus Neapel die Anfertigung einer Weihnachtskrippe beauftragte. Im fr\u00fchen 16.\u00a0 Jahrhundert entstanden <a href=\"https:\/\/cecconi.shop\/de\/product-category\/anri-krippen\/\">Krippenfiguren<\/a> aus allen nur erdenklichen Materialien, darunter Holz, Stein und Tuch. Sie waren sowohl beweglich als auch unbeweglich, und handbemalt oder mit Stoff bekleidet.<\/p>\n<p>Mit der Zeit entwickelten die verschiedenen europ\u00e4ischen Regionen unverwechselbare <a href=\"https:\/\/cecconi.shop\/de\/krippenserien\/\">Krippenstile<\/a>. Das bergige Tirol nimmt mit dem Gr\u00f6den-Tal, der Heimat der Firma ANRI, bekannt als das Zentrum f\u00fcr die Herstellung von handgeschnitzten Krippenfiguren, eine herausragende Stellung in der Krippentradition ein. Ebendort war es, wo die Weihnachtskrippe erstmals eine einheimische Landschaft reflektierte, unter anderem mit schneebedeckten St\u00e4lle und H\u00fctten.<\/p>\n<\/div><div class=\"fusion-clearfix\"><\/div><\/div><\/div><div class=\"fusion-layout-column fusion_builder_column fusion-builder-column-2 fusion_builder_column_1_2 1_2 fusion-one-half fusion-column-last\" style=\"--awb-bg-size:cover;width:50%;width:calc(50% - ( ( 4% ) * 0.5 ) );\"><div class=\"fusion-column-wrapper fusion-flex-column-wrapper-legacy\"><div class=\"fusion-image-element in-legacy-container\" style=\"--awb-caption-title-font-family:var(--h2_typography-font-family);--awb-caption-title-font-weight:var(--h2_typography-font-weight);--awb-caption-title-font-style:var(--h2_typography-font-style);--awb-caption-title-size:var(--h2_typography-font-size);--awb-caption-title-transform:var(--h2_typography-text-transform);--awb-caption-title-line-height:var(--h2_typography-line-height);--awb-caption-title-letter-spacing:var(--h2_typography-letter-spacing);\"><span class=\" fusion-imageframe imageframe-none imageframe-1 hover-type-none\"><img decoding=\"async\" width=\"600\" height=\"900\" title=\"crechescene2017\" src=\"https:\/\/cecconi.shop\/wp-content\/uploads\/2017\/06\/crechescene2017.jpg\" alt class=\"img-responsive wp-image-44467\" srcset=\"https:\/\/cecconi.shop\/wp-content\/uploads\/2017\/06\/crechescene2017-200x300.jpg 200w, https:\/\/cecconi.shop\/wp-content\/uploads\/2017\/06\/crechescene2017-400x600.jpg 400w, https:\/\/cecconi.shop\/wp-content\/uploads\/2017\/06\/crechescene2017.jpg 600w\" sizes=\"(max-width: 800px) 100vw, 600px\" \/><\/span><\/div><div class=\"fusion-clearfix\"><\/div><\/div><\/div><\/div><\/div>\n","protected":false},"excerpt":{"rendered":"","protected":false},"author":1,"featured_media":0,"parent":0,"menu_order":0,"comment_status":"closed","ping_status":"closed","template":"100-width.php","meta":{"footnotes":""},"class_list":["post-44464","page","type-page","status-publish","hentry"],"yoast_head":"<!-- This site is optimized with the Yoast SEO Premium plugin v27.5 (Yoast SEO v27.5) - https:\/\/yoast.com\/product\/yoast-seo-premium-wordpress\/ -->\n<title>Weihnachtskrippe - Krippensezene - Krippendarstellungen | Cecconi<\/title>\n<meta name=\"description\" content=\"Die Krippe, Weihnachtskrippe bzw. Krippendarstellung spielt eine wichtige Rolle in den Weihnachtstraditionen und ist ein tiefes Symbol des Christentums.\" \/>\n<meta name=\"robots\" content=\"index, follow, max-snippet:-1, max-image-preview:large, max-video-preview:-1\" \/>\n<link rel=\"canonical\" href=\"https:\/\/cecconi.shop\/de\/weihnachtskrippe\/\" \/>\n<meta property=\"og:locale\" content=\"de_DE\" \/>\n<meta property=\"og:type\" content=\"article\" \/>\n<meta property=\"og:title\" content=\"Weihnachtskrippe\" \/>\n<meta property=\"og:description\" content=\"Die Krippe, Weihnachtskrippe bzw. Krippendarstellung spielt eine wichtige Rolle in den Weihnachtstraditionen und ist ein tiefes Symbol des Christentums.\" \/>\n<meta property=\"og:url\" content=\"https:\/\/cecconi.shop\/de\/weihnachtskrippe\/\" \/>\n<meta property=\"og:site_name\" content=\"Cecconi\" \/>\n<meta property=\"article:publisher\" content=\"https:\/\/www.facebook.com\/AnriStore\/\" \/>\n<meta property=\"article:modified_time\" content=\"2017-07-15T08:32:47+00:00\" \/>\n<meta name=\"twitter:card\" content=\"summary_large_image\" \/>\n<meta name=\"twitter:label1\" content=\"Gesch\u00e4tzte Lesezeit\" \/>\n\t<meta name=\"twitter:data1\" content=\"4\u00a0Minuten\" \/>\n<script type=\"application\/ld+json\" class=\"yoast-schema-graph\">{\"@context\":\"https:\\\/\\\/schema.org\",\"@graph\":[{\"@type\":\"WebPage\",\"@id\":\"https:\\\/\\\/cecconi.shop\\\/de\\\/weihnachtskrippe\\\/\",\"url\":\"https:\\\/\\\/cecconi.shop\\\/de\\\/weihnachtskrippe\\\/\",\"name\":\"Weihnachtskrippe - Krippensezene - Krippendarstellungen | Cecconi\",\"isPartOf\":{\"@id\":\"https:\\\/\\\/cecconi.shop\\\/de\\\/#website\"},\"datePublished\":\"2017-06-08T16:07:44+00:00\",\"dateModified\":\"2017-07-15T08:32:47+00:00\",\"description\":\"Die Krippe, Weihnachtskrippe bzw. Krippendarstellung spielt eine wichtige Rolle in den Weihnachtstraditionen und ist ein tiefes Symbol des Christentums.\",\"inLanguage\":\"de\",\"potentialAction\":[{\"@type\":\"ReadAction\",\"target\":[\"https:\\\/\\\/cecconi.shop\\\/de\\\/weihnachtskrippe\\\/\"]}]},{\"@type\":\"WebSite\",\"@id\":\"https:\\\/\\\/cecconi.shop\\\/de\\\/#website\",\"url\":\"https:\\\/\\\/cecconi.shop\\\/de\\\/\",\"name\":\"Cecconi\",\"description\":\"Fine Arts &amp; Crafts\",\"potentialAction\":[{\"@type\":\"SearchAction\",\"target\":{\"@type\":\"EntryPoint\",\"urlTemplate\":\"https:\\\/\\\/cecconi.shop\\\/de\\\/?s={search_term_string}\"},\"query-input\":{\"@type\":\"PropertyValueSpecification\",\"valueRequired\":true,\"valueName\":\"search_term_string\"}}],\"inLanguage\":\"de\"}]}<\/script>\n<!-- \/ Yoast SEO Premium plugin. -->","yoast_head_json":{"title":"Weihnachtskrippe - Krippensezene - Krippendarstellungen | Cecconi","description":"Die Krippe, Weihnachtskrippe bzw. Krippendarstellung spielt eine wichtige Rolle in den Weihnachtstraditionen und ist ein tiefes Symbol des Christentums.","robots":{"index":"index","follow":"follow","max-snippet":"max-snippet:-1","max-image-preview":"max-image-preview:large","max-video-preview":"max-video-preview:-1"},"canonical":"https:\/\/cecconi.shop\/de\/weihnachtskrippe\/","og_locale":"de_DE","og_type":"article","og_title":"Weihnachtskrippe","og_description":"Die Krippe, Weihnachtskrippe bzw. Krippendarstellung spielt eine wichtige Rolle in den Weihnachtstraditionen und ist ein tiefes Symbol des Christentums.","og_url":"https:\/\/cecconi.shop\/de\/weihnachtskrippe\/","og_site_name":"Cecconi","article_publisher":"https:\/\/www.facebook.com\/AnriStore\/","article_modified_time":"2017-07-15T08:32:47+00:00","twitter_card":"summary_large_image","twitter_misc":{"Gesch\u00e4tzte Lesezeit":"4\u00a0Minuten"},"schema":{"@context":"https:\/\/schema.org","@graph":[{"@type":"WebPage","@id":"https:\/\/cecconi.shop\/de\/weihnachtskrippe\/","url":"https:\/\/cecconi.shop\/de\/weihnachtskrippe\/","name":"Weihnachtskrippe - Krippensezene - Krippendarstellungen | Cecconi","isPartOf":{"@id":"https:\/\/cecconi.shop\/de\/#website"},"datePublished":"2017-06-08T16:07:44+00:00","dateModified":"2017-07-15T08:32:47+00:00","description":"Die Krippe, Weihnachtskrippe bzw. Krippendarstellung spielt eine wichtige Rolle in den Weihnachtstraditionen und ist ein tiefes Symbol des Christentums.","inLanguage":"de","potentialAction":[{"@type":"ReadAction","target":["https:\/\/cecconi.shop\/de\/weihnachtskrippe\/"]}]},{"@type":"WebSite","@id":"https:\/\/cecconi.shop\/de\/#website","url":"https:\/\/cecconi.shop\/de\/","name":"Cecconi","description":"Fine Arts &amp; Crafts","potentialAction":[{"@type":"SearchAction","target":{"@type":"EntryPoint","urlTemplate":"https:\/\/cecconi.shop\/de\/?s={search_term_string}"},"query-input":{"@type":"PropertyValueSpecification","valueRequired":true,"valueName":"search_term_string"}}],"inLanguage":"de"}]}},"_links":{"self":[{"href":"https:\/\/cecconi.shop\/de\/wp-json\/wp\/v2\/pages\/44464","targetHints":{"allow":["GET"]}}],"collection":[{"href":"https:\/\/cecconi.shop\/de\/wp-json\/wp\/v2\/pages"}],"about":[{"href":"https:\/\/cecconi.shop\/de\/wp-json\/wp\/v2\/types\/page"}],"author":[{"embeddable":true,"href":"https:\/\/cecconi.shop\/de\/wp-json\/wp\/v2\/users\/1"}],"replies":[{"embeddable":true,"href":"https:\/\/cecconi.shop\/de\/wp-json\/wp\/v2\/comments?post=44464"}],"version-history":[{"count":0,"href":"https:\/\/cecconi.shop\/de\/wp-json\/wp\/v2\/pages\/44464\/revisions"}],"wp:attachment":[{"href":"https:\/\/cecconi.shop\/de\/wp-json\/wp\/v2\/media?parent=44464"}],"curies":[{"name":"wp","href":"https:\/\/api.w.org\/{rel}","templated":true}]}}