{"id":44487,"date":"2017-06-08T18:56:51","date_gmt":"2017-06-08T16:56:51","guid":{"rendered":"https:\/\/cecconi.shop\/?page_id=44487\/"},"modified":"2017-07-15T11:21:30","modified_gmt":"2017-07-15T09:21:30","slug":"zinnkunst","status":"publish","type":"page","link":"https:\/\/cecconi.shop\/de\/zinnkunst\/","title":{"rendered":"Zinnkunst"},"content":{"rendered":"<div class=\"fusion-fullwidth fullwidth-box fusion-builder-row-1 nonhundred-percent-fullwidth non-hundred-percent-height-scrolling\" style=\"--awb-border-radius-top-left:0px;--awb-border-radius-top-right:0px;--awb-border-radius-bottom-right:0px;--awb-border-radius-bottom-left:0px;--awb-flex-wrap:wrap;\" ><div class=\"fusion-builder-row fusion-row\"><div class=\"fusion-layout-column fusion_builder_column fusion-builder-column-0 fusion_builder_column_1_1 1_1 fusion-one-full fusion-column-first fusion-column-last\" style=\"--awb-bg-size:cover;\"><div class=\"fusion-column-wrapper fusion-flex-column-wrapper-legacy\"><div class=\"fusion-text fusion-text-1\"><h1>Zinnkunst<\/h1>\n<\/div><div class=\"fusion-clearfix\"><\/div><\/div><\/div><\/div><\/div><div class=\"fusion-fullwidth fullwidth-box fusion-builder-row-2 nonhundred-percent-fullwidth non-hundred-percent-height-scrolling\" style=\"--awb-border-radius-top-left:0px;--awb-border-radius-top-right:0px;--awb-border-radius-bottom-right:0px;--awb-border-radius-bottom-left:0px;--awb-flex-wrap:wrap;\" ><div class=\"fusion-builder-row fusion-row\"><div class=\"fusion-layout-column fusion_builder_column fusion-builder-column-1 fusion_builder_column_3_5 3_5 fusion-three-fifth fusion-column-first\" style=\"--awb-bg-size:cover;width:60%;width:calc(60% - ( ( 4% ) * 0.6 ) );margin-right: 4%;\"><div class=\"fusion-column-wrapper fusion-flex-column-wrapper-legacy\"><div class=\"fusion-text fusion-text-2\"><p><a href=\"https:\/\/cecconi.shop\/de\/zinnfiguren\/\">Zinnkunst<\/a> &#8211; Zinnfiguren und Ornamente findet man bereits im Altertum. Dort bis hin zur Mitte des 20. Jhd. waren sie haupts\u00e4chlich Spielfiguren f\u00fcr Kinder. Sp\u00e4ter wurden die Figuren immer realistischer gestaltet und dienten immer weniger zum Spielen als zur Darstellung historischer Ereignisse &#8211; anfangs \u00fcberwiegend milit\u00e4rischer, sp\u00e4ter immer mehr auch ziviler Natur.<\/p>\n<p>Heute gibt es Zinnfiguren aus allen Bereichen der darstellenden Kunst, von der historischen Figur \u00fcber Fantasy\/Science Fiction bis zum Weihnachtsbaumschmuck. Die historischen Themen reichen von den Dinosauriern \u00fcber Napoleon bis zur Mondlandung. Zinnfiguren werden immer h\u00e4ufiger von hervorragenden K\u00fcnstlern entworfen, modelliert\/graviert und bemalt, sodass sie einen gro\u00dfen Wert darstellen k\u00f6nnen.<\/p>\n<h3>Zinnfiguren werden in zwei Kategorien eingeteilt:<\/h3>\n<p>*) Die traditionellen Flachfiguren, in Schiefer graviert und aus diesen Formen gegossen. Nach einer Zeichnung bearbeitet der Graveur mit k\u00fcnstlerischer Hand die Steine, bis nach und nach die Form f\u00fcr eine Zinnfigur entsteht.<\/p>\n<p>*) Plastische Figuren, die zuerst als Modell entstehen, aus dem man die Gie\u00dfform herstellt. Nach dem Entwurf wird ein positives Urmodell angefertigt, von dem dann die negative Form abgenommen wird. Das so genannte &#8220;Positivverfahren&#8221; gestattet die Herstellung immer neuer Formen vom einmal vorhandenen Modell, denn Gie\u00dfformen werden schnell unscharf und damit unbrauchbar.<\/p>\n<p>Die meisten Zinnfiguren werden noch heute aus einer Zinnlegierung nach einer Jahrhundert alten Rezeptur aus etwa 55% Zinn, 39% Blei und 6% Antimon gegossen. Nur damit l\u00e4sst sich die hohe Detailgenauigkeit und Feinheit der Zinnfiguren gew\u00e4hrleisten.<\/p>\n<h3>Gravieren \u2013 eine Handwerkskunst<\/h3>\n<p>Mitunter vergeht viel Zeit, ehe aus einer Bleistiftskizze eine verkaufsf\u00e4hige Zinnfigur wird. Wer den ganzen Entstehungsprozess n\u00e4her kennenlernt, wei\u00df zu sch\u00e4tzen, wie viel Arbeit und kunsthandwerkliches Geschick hinter den reizenden Gebilden steckt. Wenn der Entwurf als Zeichnung vorliegt, wird das Motiv von einem Handgraveur mit Stichel und Schaber aus den flachen Schieferplatten als Negativrelief herausgearbeitet. Dabei m\u00fcssen die Vorder- und R\u00fcckseite des Reliefs absolut passgenau sein. Immer wieder wird ein Probeguss gefertigt und die Vorlage verbessert, bis die Form schlie\u00dflich passt. Die Arbeit ist vergleichbar mit einem Steinmetz oder Bildhauer, nur dass die Figur nicht positiv, sondern negativ abgebildet wird.<\/p>\n<h3>Der Handguss<\/h3>\n<p>Das Gie\u00dfen selber geschieht relativ z\u00fcgig: Mit einem Gussl\u00f6ffel wird auf rund 400 Grad erhitztes Zinn in die doppelseitige Form gegossen. Damit die Luft entweichen kann sind im Model auch feine Luftkan\u00e4le eingraviert. Das erhitzte Metall flie\u00dft in alle Hohlr\u00e4ume, k\u00fchlt ab und erstarrt. Bereits wenige Sekunden nach dem Guss wird die Form ge\u00f6ffnet und der silbergl\u00e4nzende Rohling kann aus der Schieferform entnommen werden. Dann werden die dicken Eingusszapfen und die Lufttrompeten entfernt.<\/p>\n<h3>Weitere Handgriffe<\/h3>\n<p>\u201eNeugeborene\u201c Figuren, die dem pr\u00fcfenden Blick nicht standhalten, wandern wieder in den Schmelztiegel. \u201eFehlgeburten\u201c sind jedoch dank der ge\u00fcbten H\u00e4nde selten und so h\u00e4ufen sich die guten St\u00fccke in kleinen Gruppen: <a href=\"https:\/\/cecconi.shop\/de\/product-category\/zinnfiguren\/weinachten-zinnfiguren\/\">Weihnachtsm\u00e4nner<\/a>, Engel und schm\u00fcckende Herzen. Sie stehen oder liegen dann neben bzw. aufeinander und warten darauf, dass sie entgratet und poliert werden, bevor ihnen schlie\u00dflich noch mit Farbe eine Seele einverleibt wird.<\/p>\n<h3>Durch Bemalen zum Unikat<\/h3>\n<p>Das Bemalen ist im Allgemeinen das letzte Glied in der langen Kette von Arbeitsschritten. Es erfordert viel Geduld und \u00dcbung, ehe man es meisterlich beherrscht. Hauchd\u00fcnn sind die Pinsel, mit denen die Zinnobjekte mit gro\u00dfer Liebe f\u00fcrs Detail bemalt werden \u2013 vornehmlich mit Emaillack, aber auch mit \u00d6l- oder Acrylfarben. Mit dem Bemalen sind \u00fcberwiegend Damen in Heimarbeit besch\u00e4ftigt, die beispielsweise eine Ausbildung als Porzellanmalerin absolviert haben. Durch die Handarbeit erlangt jede Figur ihren individuellen Ausdruck und ist ein kleines Original.<\/p>\n<\/div><div class=\"fusion-clearfix\"><\/div><\/div><\/div><div class=\"fusion-layout-column fusion_builder_column fusion-builder-column-2 fusion_builder_column_2_5 2_5 fusion-two-fifth fusion-column-last\" style=\"--awb-bg-size:cover;width:40%;width:calc(40% - ( ( 4% ) * 0.4 ) );\"><div class=\"fusion-column-wrapper fusion-flex-column-wrapper-legacy\"><div class=\"fusion-image-element in-legacy-container\" style=\"--awb-caption-title-font-family:var(--h2_typography-font-family);--awb-caption-title-font-weight:var(--h2_typography-font-weight);--awb-caption-title-font-style:var(--h2_typography-font-style);--awb-caption-title-size:var(--h2_typography-font-size);--awb-caption-title-transform:var(--h2_typography-text-transform);--awb-caption-title-line-height:var(--h2_typography-line-height);--awb-caption-title-letter-spacing:var(--h2_typography-letter-spacing);\"><span class=\" fusion-imageframe imageframe-none imageframe-1 hover-type-none\"><img decoding=\"async\" width=\"600\" height=\"900\" title=\"bild dummy2017\" src=\"https:\/\/cecconi.shop\/wp-content\/uploads\/2017\/06\/pewter-engraving.jpg\" alt class=\"img-responsive wp-image-44481\"\/><\/span><\/div><div class=\"fusion-clearfix\"><\/div><\/div><\/div><\/div><\/div>\n","protected":false},"excerpt":{"rendered":"","protected":false},"author":1,"featured_media":0,"parent":0,"menu_order":0,"comment_status":"closed","ping_status":"closed","template":"100-width.php","meta":{"footnotes":""},"class_list":["post-44487","page","type-page","status-publish","hentry"],"yoast_head":"<!-- This site is optimized with the Yoast SEO Premium plugin v27.6 (Yoast SEO v27.6) - https:\/\/yoast.com\/product\/yoast-seo-premium-wordpress\/ -->\n<title>Zinnkunst - Zinnfiguren - Zinnornamente - Zinnanh\u00e4nger | Cecconi<\/title>\n<meta name=\"description\" content=\"Zinnkunst - Zinnfiguren und Ornamente findet man bereits im Altertum. Dort bis hin zur Mitte des 20. Jhd. waren sie haupts\u00e4chlich Spielfiguren f\u00fcr Kinder.\" \/>\n<meta name=\"robots\" content=\"index, follow, max-snippet:-1, max-image-preview:large, max-video-preview:-1\" \/>\n<link rel=\"canonical\" href=\"https:\/\/cecconi.shop\/de\/zinnkunst\/\" \/>\n<meta property=\"og:locale\" content=\"de_DE\" \/>\n<meta property=\"og:type\" content=\"article\" \/>\n<meta property=\"og:title\" content=\"Zinnkunst\" \/>\n<meta property=\"og:description\" content=\"Zinnkunst - Zinnfiguren und Ornamente findet man bereits im Altertum. Dort bis hin zur Mitte des 20. Jhd. waren sie haupts\u00e4chlich Spielfiguren f\u00fcr Kinder.\" \/>\n<meta property=\"og:url\" content=\"https:\/\/cecconi.shop\/de\/zinnkunst\/\" \/>\n<meta property=\"og:site_name\" content=\"Cecconi\" \/>\n<meta property=\"article:publisher\" content=\"https:\/\/www.facebook.com\/AnriStore\/\" \/>\n<meta property=\"article:modified_time\" content=\"2017-07-15T09:21:30+00:00\" \/>\n<meta name=\"twitter:card\" content=\"summary_large_image\" \/>\n<meta name=\"twitter:label1\" content=\"Gesch\u00e4tzte Lesezeit\" \/>\n\t<meta name=\"twitter:data1\" content=\"5\u00a0Minuten\" \/>\n<script type=\"application\/ld+json\" class=\"yoast-schema-graph\">{\"@context\":\"https:\\\/\\\/schema.org\",\"@graph\":[{\"@type\":\"WebPage\",\"@id\":\"https:\\\/\\\/cecconi.shop\\\/de\\\/zinnkunst\\\/\",\"url\":\"https:\\\/\\\/cecconi.shop\\\/de\\\/zinnkunst\\\/\",\"name\":\"Zinnkunst - Zinnfiguren - Zinnornamente - Zinnanh\u00e4nger | Cecconi\",\"isPartOf\":{\"@id\":\"https:\\\/\\\/cecconi.shop\\\/de\\\/#website\"},\"datePublished\":\"2017-06-08T16:56:51+00:00\",\"dateModified\":\"2017-07-15T09:21:30+00:00\",\"description\":\"Zinnkunst - Zinnfiguren und Ornamente findet man bereits im Altertum. Dort bis hin zur Mitte des 20. Jhd. waren sie haupts\u00e4chlich Spielfiguren f\u00fcr Kinder.\",\"inLanguage\":\"de\",\"potentialAction\":[{\"@type\":\"ReadAction\",\"target\":[\"https:\\\/\\\/cecconi.shop\\\/de\\\/zinnkunst\\\/\"]}]},{\"@type\":\"WebSite\",\"@id\":\"https:\\\/\\\/cecconi.shop\\\/de\\\/#website\",\"url\":\"https:\\\/\\\/cecconi.shop\\\/de\\\/\",\"name\":\"Cecconi\",\"description\":\"Fine Arts &amp; Crafts\",\"potentialAction\":[{\"@type\":\"SearchAction\",\"target\":{\"@type\":\"EntryPoint\",\"urlTemplate\":\"https:\\\/\\\/cecconi.shop\\\/de\\\/?s={search_term_string}\"},\"query-input\":{\"@type\":\"PropertyValueSpecification\",\"valueRequired\":true,\"valueName\":\"search_term_string\"}}],\"inLanguage\":\"de\"}]}<\/script>\n<!-- \/ Yoast SEO Premium plugin. -->","yoast_head_json":{"title":"Zinnkunst - Zinnfiguren - Zinnornamente - Zinnanh\u00e4nger | Cecconi","description":"Zinnkunst - Zinnfiguren und Ornamente findet man bereits im Altertum. Dort bis hin zur Mitte des 20. Jhd. waren sie haupts\u00e4chlich Spielfiguren f\u00fcr Kinder.","robots":{"index":"index","follow":"follow","max-snippet":"max-snippet:-1","max-image-preview":"max-image-preview:large","max-video-preview":"max-video-preview:-1"},"canonical":"https:\/\/cecconi.shop\/de\/zinnkunst\/","og_locale":"de_DE","og_type":"article","og_title":"Zinnkunst","og_description":"Zinnkunst - Zinnfiguren und Ornamente findet man bereits im Altertum. Dort bis hin zur Mitte des 20. Jhd. waren sie haupts\u00e4chlich Spielfiguren f\u00fcr Kinder.","og_url":"https:\/\/cecconi.shop\/de\/zinnkunst\/","og_site_name":"Cecconi","article_publisher":"https:\/\/www.facebook.com\/AnriStore\/","article_modified_time":"2017-07-15T09:21:30+00:00","twitter_card":"summary_large_image","twitter_misc":{"Gesch\u00e4tzte Lesezeit":"5\u00a0Minuten"},"schema":{"@context":"https:\/\/schema.org","@graph":[{"@type":"WebPage","@id":"https:\/\/cecconi.shop\/de\/zinnkunst\/","url":"https:\/\/cecconi.shop\/de\/zinnkunst\/","name":"Zinnkunst - Zinnfiguren - Zinnornamente - Zinnanh\u00e4nger | Cecconi","isPartOf":{"@id":"https:\/\/cecconi.shop\/de\/#website"},"datePublished":"2017-06-08T16:56:51+00:00","dateModified":"2017-07-15T09:21:30+00:00","description":"Zinnkunst - Zinnfiguren und Ornamente findet man bereits im Altertum. Dort bis hin zur Mitte des 20. Jhd. waren sie haupts\u00e4chlich Spielfiguren f\u00fcr Kinder.","inLanguage":"de","potentialAction":[{"@type":"ReadAction","target":["https:\/\/cecconi.shop\/de\/zinnkunst\/"]}]},{"@type":"WebSite","@id":"https:\/\/cecconi.shop\/de\/#website","url":"https:\/\/cecconi.shop\/de\/","name":"Cecconi","description":"Fine Arts &amp; Crafts","potentialAction":[{"@type":"SearchAction","target":{"@type":"EntryPoint","urlTemplate":"https:\/\/cecconi.shop\/de\/?s={search_term_string}"},"query-input":{"@type":"PropertyValueSpecification","valueRequired":true,"valueName":"search_term_string"}}],"inLanguage":"de"}]}},"_links":{"self":[{"href":"https:\/\/cecconi.shop\/de\/wp-json\/wp\/v2\/pages\/44487","targetHints":{"allow":["GET"]}}],"collection":[{"href":"https:\/\/cecconi.shop\/de\/wp-json\/wp\/v2\/pages"}],"about":[{"href":"https:\/\/cecconi.shop\/de\/wp-json\/wp\/v2\/types\/page"}],"author":[{"embeddable":true,"href":"https:\/\/cecconi.shop\/de\/wp-json\/wp\/v2\/users\/1"}],"replies":[{"embeddable":true,"href":"https:\/\/cecconi.shop\/de\/wp-json\/wp\/v2\/comments?post=44487"}],"version-history":[{"count":0,"href":"https:\/\/cecconi.shop\/de\/wp-json\/wp\/v2\/pages\/44487\/revisions"}],"wp:attachment":[{"href":"https:\/\/cecconi.shop\/de\/wp-json\/wp\/v2\/media?parent=44487"}],"curies":[{"name":"wp","href":"https:\/\/api.w.org\/{rel}","templated":true}]}}