{"id":44581,"date":"2017-06-08T19:56:14","date_gmt":"2017-06-08T17:56:14","guid":{"rendered":"https:\/\/cecconi.shop\/?page_id=44581\/"},"modified":"2020-03-21T14:53:27","modified_gmt":"2020-03-21T13:53:27","slug":"zinnfiguren","status":"publish","type":"page","link":"https:\/\/cecconi.shop\/de\/zinnfiguren\/","title":{"rendered":"Zinnfiguren"},"content":{"rendered":"<div class=\"fusion-fullwidth fullwidth-box fusion-builder-row-1 nonhundred-percent-fullwidth non-hundred-percent-height-scrolling\" style=\"--awb-border-radius-top-left:0px;--awb-border-radius-top-right:0px;--awb-border-radius-bottom-right:0px;--awb-border-radius-bottom-left:0px;--awb-flex-wrap:wrap;\" ><div class=\"fusion-builder-row fusion-row\"><div class=\"fusion-layout-column fusion_builder_column fusion-builder-column-0 fusion_builder_column_1_1 1_1 fusion-one-full fusion-column-first fusion-column-last\" style=\"--awb-bg-size:cover;\"><div class=\"fusion-column-wrapper fusion-flex-column-wrapper-legacy\"><div class=\"fusion-text fusion-text-1\"><h2>Zinnfiguren &#8211; Zinnanh\u00e4nger &#8211; Zinnornamente<\/h2>\n<p>Unsere ausgew\u00e4hlten Zinnfiguren sind einzigartige Kopien die handgefertigt und liebevoll handbemalt werden. Wir wollen darauf hinweisen, dass aufgrund k\u00fcnstlerischer Handarbeit Variationen von Farben oder Finish m\u00f6glich und erw\u00fcnscht sind, da dies die Einzigartigkeit unterstreicht.<\/p>\n<\/div><div class=\"fusion-clearfix\"><\/div><\/div><\/div><\/div><\/div><div class=\"fusion-fullwidth fullwidth-box fusion-builder-row-2 nonhundred-percent-fullwidth non-hundred-percent-height-scrolling\" style=\"--awb-border-radius-top-left:0px;--awb-border-radius-top-right:0px;--awb-border-radius-bottom-right:0px;--awb-border-radius-bottom-left:0px;--awb-flex-wrap:wrap;\" ><div class=\"fusion-builder-row fusion-row\"><div class=\"fusion-layout-column fusion_builder_column fusion-builder-column-1 fusion_builder_column_1_1 1_1 fusion-one-full fusion-column-first fusion-column-last\" style=\"--awb-bg-size:cover;\"><div class=\"fusion-column-wrapper fusion-flex-column-wrapper-legacy\"><div class=\"woocommerce columns-4\"><ul class=\"products clearfix products-4\">\n<li class=\"product-category product first product-grid-view\">\n\t<div class=\"fusion-product-wrapper\">\n<a aria-label=\"Produktkategorie Blumen &amp; Pflanzen Zinnfiguren besuchen\" href=\"https:\/\/cecconi.shop\/de\/produkt-kategorie\/zinnfiguren\/blumen-pflanzen-zinnfiguren\/\"><img decoding=\"async\" src=\"https:\/\/cecconi.shop\/wp-content\/uploads\/2018\/02\/flowers-pewter.jpg\" alt=\"Blumen &amp; Pflanzen Zinnfiguren\" width=\"500\" height=\"\" srcset=\"https:\/\/cecconi.shop\/wp-content\/uploads\/2018\/02\/flowers-pewter-100x100.jpg 100w, https:\/\/cecconi.shop\/wp-content\/uploads\/2018\/02\/flowers-pewter.jpg 350w\" sizes=\"(max-width: 350px) 100vw, 350px\" \/>\t\t<h2 class=\"woocommerce-loop-category__title\">\n\t\t\tBlumen &amp; Pflanzen Zinnfiguren <mark class=\"count\">(19)<\/mark>\t\t<\/h2>\n\t\t<\/a><\/div>\n<\/li>\n<li class=\"product-category product product-grid-view\">\n\t<div class=\"fusion-product-wrapper\">\n<a aria-label=\"Produktkategorie M\u00e4rchen Zinnfiguren besuchen\" href=\"https:\/\/cecconi.shop\/de\/produkt-kategorie\/zinnfiguren\/marchen-zinnfiguren\/\"><img decoding=\"async\" src=\"https:\/\/cecconi.shop\/wp-content\/uploads\/2018\/02\/fairy-tales-pewter.jpg\" alt=\"M\u00e4rchen Zinnfiguren\" width=\"500\" height=\"\" srcset=\"https:\/\/cecconi.shop\/wp-content\/uploads\/2018\/02\/fairy-tales-pewter-100x100.jpg 100w, https:\/\/cecconi.shop\/wp-content\/uploads\/2018\/02\/fairy-tales-pewter.jpg 350w\" sizes=\"(max-width: 350px) 100vw, 350px\" \/>\t\t<h2 class=\"woocommerce-loop-category__title\">\n\t\t\tM\u00e4rchen Zinnfiguren <mark class=\"count\">(15)<\/mark>\t\t<\/h2>\n\t\t<\/a><\/div>\n<\/li>\n<li class=\"product-category product product-grid-view\">\n\t<div class=\"fusion-product-wrapper\">\n<a aria-label=\"Produktkategorie Ostern - Zinnfiguren besuchen\" href=\"https:\/\/cecconi.shop\/de\/produkt-kategorie\/zinnfiguren\/ostern-zinnfiguren\/\"><img decoding=\"async\" src=\"https:\/\/cecconi.shop\/wp-content\/uploads\/ostern-cat.jpg\" alt=\"Ostern - Zinnfiguren\" width=\"500\" height=\"\" srcset=\"https:\/\/cecconi.shop\/wp-content\/uploads\/ostern-cat-100x100.jpg 100w, https:\/\/cecconi.shop\/wp-content\/uploads\/ostern-cat.jpg 250w\" sizes=\"(max-width: 250px) 100vw, 250px\" \/>\t\t<h2 class=\"woocommerce-loop-category__title\">\n\t\t\tOstern - Zinnfiguren <mark class=\"count\">(27)<\/mark>\t\t<\/h2>\n\t\t<\/a><\/div>\n<\/li>\n<li class=\"product-category product last product-grid-view\">\n\t<div class=\"fusion-product-wrapper\">\n<a aria-label=\"Produktkategorie Weihnachten - Zinnfiguren besuchen\" href=\"https:\/\/cecconi.shop\/de\/produkt-kategorie\/zinnfiguren\/weihnachten-zinnfiguren\/\"><img decoding=\"async\" src=\"https:\/\/cecconi.shop\/wp-content\/uploads\/2018\/02\/christmas-pewter.jpg\" alt=\"Weihnachten - Zinnfiguren\" width=\"500\" height=\"\" srcset=\"https:\/\/cecconi.shop\/wp-content\/uploads\/2018\/02\/christmas-pewter-100x100.jpg 100w, https:\/\/cecconi.shop\/wp-content\/uploads\/2018\/02\/christmas-pewter.jpg 350w\" sizes=\"(max-width: 350px) 100vw, 350px\" \/>\t\t<h2 class=\"woocommerce-loop-category__title\">\n\t\t\tWeihnachten - Zinnfiguren <mark class=\"count\">(50)<\/mark>\t\t<\/h2>\n\t\t<\/a><\/div>\n<\/li>\n<\/ul>\n<\/div><div class=\"fusion-clearfix\"><\/div><\/div><\/div><\/div><\/div><div class=\"fusion-fullwidth fullwidth-box fusion-builder-row-3 nonhundred-percent-fullwidth non-hundred-percent-height-scrolling\" style=\"--awb-border-radius-top-left:0px;--awb-border-radius-top-right:0px;--awb-border-radius-bottom-right:0px;--awb-border-radius-bottom-left:0px;--awb-flex-wrap:wrap;\" ><div class=\"fusion-builder-row fusion-row\"><div class=\"fusion-layout-column fusion_builder_column fusion-builder-column-2 fusion_builder_column_1_1 1_1 fusion-one-full fusion-column-first fusion-column-last\" style=\"--awb-bg-size:cover;\"><div class=\"fusion-column-wrapper fusion-flex-column-wrapper-legacy\"><div class=\"woocommerce columns-4\"><ul class=\"products clearfix products-4\">\n<li class=\"product-category product first product-grid-view\">\n\t<div class=\"fusion-product-wrapper\">\n<a aria-label=\"Produktkategorie Halloween Zinnfiguren besuchen\" href=\"https:\/\/cecconi.shop\/de\/produkt-kategorie\/zinnfiguren\/halloween-zinnfiguren\/\"><img decoding=\"async\" src=\"https:\/\/cecconi.shop\/wp-content\/uploads\/cm\/halloween-pewter-ornaments3.jpg\" alt=\"Halloween Zinnfiguren\" width=\"500\" height=\"\" srcset=\"https:\/\/cecconi.shop\/wp-content\/uploads\/cm\/halloween-pewter-ornaments3-100x100.jpg 100w, https:\/\/cecconi.shop\/wp-content\/uploads\/cm\/halloween-pewter-ornaments3-150x150.jpg 150w, https:\/\/cecconi.shop\/wp-content\/uploads\/cm\/halloween-pewter-ornaments3-180x180.jpg 180w, https:\/\/cecconi.shop\/wp-content\/uploads\/cm\/halloween-pewter-ornaments3.jpg 250w\" sizes=\"(max-width: 250px) 100vw, 250px\" \/>\t\t<h2 class=\"woocommerce-loop-category__title\">\n\t\t\tHalloween Zinnfiguren <mark class=\"count\">(4)<\/mark>\t\t<\/h2>\n\t\t<\/a><\/div>\n<\/li>\n<li class=\"product-category product product-grid-view\">\n\t<div class=\"fusion-product-wrapper\">\n<a aria-label=\"Produktkategorie Tiere Zinn Anh\u00e4nger besuchen\" href=\"https:\/\/cecconi.shop\/de\/produkt-kategorie\/zinnfiguren\/tiere-zinn-anhanger\/\"><img decoding=\"async\" src=\"https:\/\/cecconi.shop\/wp-content\/uploads\/2018\/02\/animals-pewter.jpg\" alt=\"Tiere Zinn Anh\u00e4nger\" width=\"500\" height=\"\" srcset=\"https:\/\/cecconi.shop\/wp-content\/uploads\/2018\/02\/animals-pewter-100x100.jpg 100w, https:\/\/cecconi.shop\/wp-content\/uploads\/2018\/02\/animals-pewter.jpg 350w\" sizes=\"(max-width: 350px) 100vw, 350px\" \/>\t\t<h2 class=\"woocommerce-loop-category__title\">\n\t\t\tTiere Zinn Anh\u00e4nger <mark class=\"count\">(10)<\/mark>\t\t<\/h2>\n\t\t<\/a><\/div>\n<\/li>\n<\/ul>\n<\/div><div class=\"fusion-clearfix\"><\/div><\/div><\/div><\/div><\/div><div class=\"fusion-fullwidth fullwidth-box fusion-builder-row-4 nonhundred-percent-fullwidth non-hundred-percent-height-scrolling\" style=\"--awb-border-radius-top-left:0px;--awb-border-radius-top-right:0px;--awb-border-radius-bottom-right:0px;--awb-border-radius-bottom-left:0px;--awb-flex-wrap:wrap;\" ><div class=\"fusion-builder-row fusion-row\"><div class=\"fusion-layout-column fusion_builder_column fusion-builder-column-3 fusion_builder_column_1_1 1_1 fusion-one-full fusion-column-first fusion-column-last\" style=\"--awb-bg-size:cover;\"><div class=\"fusion-column-wrapper fusion-flex-column-wrapper-legacy\"><div class=\"woocommerce columns-4\"><ul class=\"products clearfix products-4\">\n<li class=\"product-category product first product-grid-view\">\n\t<div class=\"fusion-product-wrapper\">\n<a aria-label=\"Produktkategorie Zinnbilder besuchen\" href=\"https:\/\/cecconi.shop\/de\/produkt-kategorie\/zinnfiguren\/zinnbilder\/\"><img decoding=\"async\" src=\"https:\/\/cecconi.shop\/wp-content\/uploads\/2018\/02\/pictures-pewter.jpg\" alt=\"Zinnbilder\" width=\"500\" height=\"\" srcset=\"https:\/\/cecconi.shop\/wp-content\/uploads\/2018\/02\/pictures-pewter-100x100.jpg 100w, https:\/\/cecconi.shop\/wp-content\/uploads\/2018\/02\/pictures-pewter.jpg 350w\" sizes=\"(max-width: 350px) 100vw, 350px\" \/>\t\t<h2 class=\"woocommerce-loop-category__title\">\n\t\t\tZinnbilder <mark class=\"count\">(80)<\/mark>\t\t<\/h2>\n\t\t<\/a><\/div>\n<\/li>\n<\/ul>\n<\/div><div class=\"fusion-clearfix\"><\/div><\/div><\/div><\/div><\/div>\n","protected":false},"excerpt":{"rendered":"","protected":false},"author":1,"featured_media":0,"parent":0,"menu_order":0,"comment_status":"closed","ping_status":"closed","template":"","meta":{"footnotes":""},"class_list":["post-44581","page","type-page","status-publish","hentry"],"yoast_head":"<!-- This site is optimized with the Yoast SEO Premium plugin v27.0 (Yoast SEO v27.0) - https:\/\/yoast.com\/product\/yoast-seo-premium-wordpress\/ -->\n<title>Zinnfiguren \u2013 Zinnanh\u00e4nger \u2013 Zinnornamente | Cecconi<\/title>\n<meta name=\"description\" content=\"Unsere ausgew\u00e4hlten Zinnfiguren, Zinnanh\u00e4nger und Zinnornamente sind einzigartige Kopien die handgefertigt und liebevoll handbemalt werden.\" \/>\n<meta name=\"robots\" content=\"index, follow, max-snippet:-1, max-image-preview:large, max-video-preview:-1\" \/>\n<link rel=\"canonical\" href=\"https:\/\/cecconi.shop\/de\/zinnfiguren\/\" \/>\n<meta property=\"og:locale\" content=\"de_DE\" \/>\n<meta property=\"og:type\" content=\"article\" \/>\n<meta property=\"og:title\" content=\"Zinnfiguren\" \/>\n<meta property=\"og:description\" content=\"Unsere ausgew\u00e4hlten Zinnfiguren, Zinnanh\u00e4nger und Zinnornamente sind einzigartige Kopien die handgefertigt und liebevoll handbemalt werden.\" \/>\n<meta property=\"og:url\" content=\"https:\/\/cecconi.shop\/de\/zinnfiguren\/\" \/>\n<meta property=\"og:site_name\" content=\"Cecconi\" \/>\n<meta property=\"article:publisher\" content=\"https:\/\/www.facebook.com\/AnriStore\/\" \/>\n<meta property=\"article:modified_time\" content=\"2020-03-21T13:53:27+00:00\" \/>\n<meta name=\"twitter:card\" content=\"summary_large_image\" \/>\n<meta name=\"twitter:label1\" content=\"Gesch\u00e4tzte Lesezeit\" \/>\n\t<meta name=\"twitter:data1\" content=\"4\u00a0Minuten\" \/>\n<script type=\"application\/ld+json\" class=\"yoast-schema-graph\">{\"@context\":\"https:\/\/schema.org\",\"@graph\":[{\"@type\":\"WebPage\",\"@id\":\"https:\/\/cecconi.shop\/de\/zinnfiguren\/\",\"url\":\"https:\/\/cecconi.shop\/de\/zinnfiguren\/\",\"name\":\"Zinnfiguren \u2013 Zinnanh\u00e4nger \u2013 Zinnornamente | Cecconi\",\"isPartOf\":{\"@id\":\"https:\/\/cecconi.shop\/de\/#website\"},\"datePublished\":\"2017-06-08T17:56:14+00:00\",\"dateModified\":\"2020-03-21T13:53:27+00:00\",\"description\":\"Unsere ausgew\u00e4hlten Zinnfiguren, Zinnanh\u00e4nger und Zinnornamente sind einzigartige Kopien die handgefertigt und liebevoll handbemalt werden.\",\"inLanguage\":\"de\",\"potentialAction\":[{\"@type\":\"ReadAction\",\"target\":[\"https:\/\/cecconi.shop\/de\/zinnfiguren\/\"]}]},{\"@type\":\"WebSite\",\"@id\":\"https:\/\/cecconi.shop\/de\/#website\",\"url\":\"https:\/\/cecconi.shop\/de\/\",\"name\":\"Cecconi\",\"description\":\"Fine Arts &amp; Crafts\",\"potentialAction\":[{\"@type\":\"SearchAction\",\"target\":{\"@type\":\"EntryPoint\",\"urlTemplate\":\"https:\/\/cecconi.shop\/de\/?s={search_term_string}\"},\"query-input\":{\"@type\":\"PropertyValueSpecification\",\"valueRequired\":true,\"valueName\":\"search_term_string\"}}],\"inLanguage\":\"de\"}]}<\/script>\n<!-- \/ Yoast SEO Premium plugin. -->","yoast_head_json":{"title":"Zinnfiguren \u2013 Zinnanh\u00e4nger \u2013 Zinnornamente | Cecconi","description":"Unsere ausgew\u00e4hlten Zinnfiguren, Zinnanh\u00e4nger und Zinnornamente sind einzigartige Kopien die handgefertigt und liebevoll handbemalt werden.","robots":{"index":"index","follow":"follow","max-snippet":"max-snippet:-1","max-image-preview":"max-image-preview:large","max-video-preview":"max-video-preview:-1"},"canonical":"https:\/\/cecconi.shop\/de\/zinnfiguren\/","og_locale":"de_DE","og_type":"article","og_title":"Zinnfiguren","og_description":"Unsere ausgew\u00e4hlten Zinnfiguren, Zinnanh\u00e4nger und Zinnornamente sind einzigartige Kopien die handgefertigt und liebevoll handbemalt werden.","og_url":"https:\/\/cecconi.shop\/de\/zinnfiguren\/","og_site_name":"Cecconi","article_publisher":"https:\/\/www.facebook.com\/AnriStore\/","article_modified_time":"2020-03-21T13:53:27+00:00","twitter_card":"summary_large_image","twitter_misc":{"Gesch\u00e4tzte Lesezeit":"4\u00a0Minuten"},"schema":{"@context":"https:\/\/schema.org","@graph":[{"@type":"WebPage","@id":"https:\/\/cecconi.shop\/de\/zinnfiguren\/","url":"https:\/\/cecconi.shop\/de\/zinnfiguren\/","name":"Zinnfiguren \u2013 Zinnanh\u00e4nger \u2013 Zinnornamente | Cecconi","isPartOf":{"@id":"https:\/\/cecconi.shop\/de\/#website"},"datePublished":"2017-06-08T17:56:14+00:00","dateModified":"2020-03-21T13:53:27+00:00","description":"Unsere ausgew\u00e4hlten Zinnfiguren, Zinnanh\u00e4nger und Zinnornamente sind einzigartige Kopien die handgefertigt und liebevoll handbemalt werden.","inLanguage":"de","potentialAction":[{"@type":"ReadAction","target":["https:\/\/cecconi.shop\/de\/zinnfiguren\/"]}]},{"@type":"WebSite","@id":"https:\/\/cecconi.shop\/de\/#website","url":"https:\/\/cecconi.shop\/de\/","name":"Cecconi","description":"Fine Arts &amp; Crafts","potentialAction":[{"@type":"SearchAction","target":{"@type":"EntryPoint","urlTemplate":"https:\/\/cecconi.shop\/de\/?s={search_term_string}"},"query-input":{"@type":"PropertyValueSpecification","valueRequired":true,"valueName":"search_term_string"}}],"inLanguage":"de"}]}},"_links":{"self":[{"href":"https:\/\/cecconi.shop\/de\/wp-json\/wp\/v2\/pages\/44581","targetHints":{"allow":["GET"]}}],"collection":[{"href":"https:\/\/cecconi.shop\/de\/wp-json\/wp\/v2\/pages"}],"about":[{"href":"https:\/\/cecconi.shop\/de\/wp-json\/wp\/v2\/types\/page"}],"author":[{"embeddable":true,"href":"https:\/\/cecconi.shop\/de\/wp-json\/wp\/v2\/users\/1"}],"replies":[{"embeddable":true,"href":"https:\/\/cecconi.shop\/de\/wp-json\/wp\/v2\/comments?post=44581"}],"version-history":[{"count":1,"href":"https:\/\/cecconi.shop\/de\/wp-json\/wp\/v2\/pages\/44581\/revisions"}],"predecessor-version":[{"id":61703,"href":"https:\/\/cecconi.shop\/de\/wp-json\/wp\/v2\/pages\/44581\/revisions\/61703"}],"wp:attachment":[{"href":"https:\/\/cecconi.shop\/de\/wp-json\/wp\/v2\/media?parent=44581"}],"curies":[{"name":"wp","href":"https:\/\/api.w.org\/{rel}","templated":true}]}}