{"id":51684,"date":"2017-07-04T23:14:10","date_gmt":"2017-07-04T21:14:10","guid":{"rendered":"https:\/\/cecconi.shop\/?page_id=51684\/"},"modified":"2017-07-13T10:46:35","modified_gmt":"2017-07-13T08:46:35","slug":"angela-tripi","status":"publish","type":"page","link":"https:\/\/cecconi.shop\/de\/angela-tripi\/","title":{"rendered":"Angela Tripi"},"content":{"rendered":"<div class=\"fusion-fullwidth fullwidth-box fusion-builder-row-1 nonhundred-percent-fullwidth non-hundred-percent-height-scrolling\" style=\"--awb-border-radius-top-left:0px;--awb-border-radius-top-right:0px;--awb-border-radius-bottom-right:0px;--awb-border-radius-bottom-left:0px;--awb-flex-wrap:wrap;\" ><div class=\"fusion-builder-row fusion-row\"><div class=\"fusion-layout-column fusion_builder_column fusion-builder-column-0 fusion_builder_column_1_1 1_1 fusion-one-full fusion-column-first fusion-column-last\" style=\"--awb-bg-size:cover;\"><div class=\"fusion-column-wrapper fusion-flex-column-wrapper-legacy\"><div class=\"fusion-title title fusion-title-1 fusion-title-text fusion-title-size-one\"><h1 class=\"fusion-title-heading title-heading-left fusion-responsive-typography-calculated\" style=\"margin:0;--fontSize:50;line-height:1.2;\"><h2>Angela Tripi<\/h2><\/h1><span class=\"awb-title-spacer\"><\/span><div class=\"title-sep-container\"><div class=\"title-sep sep-single sep-solid\" style=\"border-color:#e0dede;\"><\/div><\/div><\/div><div class=\"fusion-clearfix\"><\/div><\/div><\/div><\/div><\/div><div class=\"fusion-fullwidth fullwidth-box fusion-builder-row-2 nonhundred-percent-fullwidth non-hundred-percent-height-scrolling\" style=\"--awb-border-radius-top-left:0px;--awb-border-radius-top-right:0px;--awb-border-radius-bottom-right:0px;--awb-border-radius-bottom-left:0px;--awb-flex-wrap:wrap;\" ><div class=\"fusion-builder-row fusion-row\"><div class=\"fusion-layout-column fusion_builder_column fusion-builder-column-1 fusion_builder_column_3_5 3_5 fusion-three-fifth fusion-column-first\" style=\"--awb-bg-size:cover;width:60%;width:calc(60% - ( ( 4% ) * 0.6 ) );margin-right: 4%;\"><div class=\"fusion-column-wrapper fusion-flex-column-wrapper-legacy\"><div class=\"fusion-text fusion-text-1\"><p>Wer erinnert sich nicht noch heute an den Moment, an dem die Krippenfiguren vorsichtig aus ihrer Schachtel genommen wurden, um wieder einmal den Platz an der Seite des Christkindes einzunehmen? Dieser magische Augenblick h\u00e4lt das Kind im Herzen des Erwachsenen wach und tr\u00e4gt zur weihnachtlichen Freude bei. Er vereint die Familie und l\u00e4sst die guten Seiten unseres Charakters neu erwachen.<\/p>\n<p>\u00dcber Weihnachten kann uns kaum jemand mehr sagen, als die Sch\u00f6pferin der traumhaft anmutenden Krippenfiguren, Angela Tripi, deren Kreationen als Botschafter von Kunst und Tradition die ganze Welt bereisen.<\/p>\n<p>Die kunstvollen Figuren aus Ton und Stoff geben einen faszinierenden \u00dcberblick \u00fcber antikes Brauchtum. Diese Pers\u00f6nlichkeiten mit ihrem intensiven Gesichtsausdruck und den signifikanten Gesten sind alles Unikate, individuell mit viel k\u00fcnstlerischem Feingef\u00fchl geschaffen. Jedes St\u00fcck einzeln aus Ton geformt, getrocknet und bei 940\u00b0 gebrannt.<\/p>\n<p>Jede Figur wird handbemalt und mit Stoff, besonderen Applikationen und Beigaben vollendet. Angela Tripi l\u00e4sst damit eine alte sizilianische Technik aus dem 18. Jh. Wieder aufleben, die damals von Giovanni Matera, einem bekannten K\u00fcnstler jener Epoche praktiziert wurde.<\/p>\n<p>Die Inspiration f\u00fcr die einzelnen Charaktere findet sie im Brauchtum und der Tradition des pal\u00e4stinensischen Volkes, auf Basis von akkuraten historischen Studien in der arabischen Welt. Atmosph\u00e4re, Eindr\u00fccke und Ideen f\u00fchren durch ihre Phantasie zu pers\u00f6nlichen Interpretationen gro\u00dfer Ausdruckskraft im vollen Respekt der antiken historischen Wahrheit.<\/p>\n<p>Liebend gerne w\u00fcrden wir diese einzigartigen Kunstwerke auch in unserem Online-Shop anbieten. Da die Darstellungen aber so individuell sind, haben wir uns dazu entschlossen es nicht zu tun. Sie m\u00fcssen den unvergleichlichen Ausdruck dieser einzigartigen Figuren einfach hier bei uns vor Ort sehen und f\u00fchlen. Wir f\u00fchren die Gr\u00f6\u00dfen 13, 18 und 30 cm &#8211; weiter Gr\u00f6\u00dfen auf Anfrage.<\/p>\n<p>F\u00fcr Anfragen zu Bildern unserer momentanen Auswahl an Figuren von Angela Tripi, ben\u00fctzen sie bitte das Kontaktformular.<\/p>\n<\/div><div class=\"fusion-clearfix\"><\/div><\/div><\/div><div class=\"fusion-layout-column fusion_builder_column fusion-builder-column-2 fusion_builder_column_2_5 2_5 fusion-two-fifth fusion-column-last\" style=\"--awb-bg-size:cover;width:40%;width:calc(40% - ( ( 4% ) * 0.4 ) );\"><div class=\"fusion-column-wrapper fusion-flex-column-wrapper-legacy\"><div class=\"fusion-image-element fusion-image-align-right in-legacy-container\" style=\"text-align:right;--awb-caption-title-font-family:var(--h2_typography-font-family);--awb-caption-title-font-weight:var(--h2_typography-font-weight);--awb-caption-title-font-style:var(--h2_typography-font-style);--awb-caption-title-size:var(--h2_typography-font-size);--awb-caption-title-transform:var(--h2_typography-text-transform);--awb-caption-title-line-height:var(--h2_typography-line-height);--awb-caption-title-letter-spacing:var(--h2_typography-letter-spacing);\"><span class=\" fusion-imageframe imageframe-none imageframe-1 hover-type-zoomin\" style=\"margin-left:25px;float:right;\"><img decoding=\"async\" width=\"600\" height=\"800\" title=\"angelatripi\" src=\"https:\/\/cecconi.shop\/wp-content\/uploads\/2017\/07\/AngelaTripi.jpg\" alt class=\"img-responsive wp-image-51871\" srcset=\"https:\/\/cecconi.shop\/wp-content\/uploads\/2017\/07\/AngelaTripi-500x667.jpg 500w, https:\/\/cecconi.shop\/wp-content\/uploads\/2017\/07\/AngelaTripi.jpg 600w\" sizes=\"(max-width: 600px) 100vw, 600px\" \/><\/span><\/div><div class=\"fusion-sep-clear\"><\/div><div class=\"fusion-separator fusion-full-width-sep\" style=\"margin-left: auto;margin-right: auto;margin-top:5px;margin-bottom:5px;width:100%;\"><\/div><div class=\"fusion-sep-clear\"><\/div><div class=\"fusion-image-element fusion-image-align-right in-legacy-container\" style=\"text-align:right;--awb-caption-title-font-family:var(--h2_typography-font-family);--awb-caption-title-font-weight:var(--h2_typography-font-weight);--awb-caption-title-font-style:var(--h2_typography-font-style);--awb-caption-title-size:var(--h2_typography-font-size);--awb-caption-title-transform:var(--h2_typography-text-transform);--awb-caption-title-line-height:var(--h2_typography-line-height);--awb-caption-title-letter-spacing:var(--h2_typography-letter-spacing);\"><span class=\" fusion-imageframe imageframe-none imageframe-2 hover-type-zoomin\" style=\"margin-left:25px;float:right;\"><img decoding=\"async\" width=\"450\" height=\"600\" title=\"angelatripinativity\" src=\"https:\/\/cecconi.shop\/wp-content\/uploads\/2017\/07\/AngelaTripiNativity.jpg\" alt class=\"img-responsive wp-image-51875\"\/><\/span><\/div><div class=\"fusion-clearfix\"><\/div><\/div><\/div><\/div><\/div>\n","protected":false},"excerpt":{"rendered":"","protected":false},"author":1,"featured_media":0,"parent":0,"menu_order":0,"comment_status":"closed","ping_status":"closed","template":"100-width.php","meta":{"footnotes":""},"class_list":["post-51684","page","type-page","status-publish","hentry"],"yoast_head":"<!-- This site is optimized with the Yoast SEO Premium plugin v27.0 (Yoast SEO v27.0) - https:\/\/yoast.com\/product\/yoast-seo-premium-wordpress\/ -->\n<title>Angela Tripi Krippen - Angela Tripi Krippenfiguren | Cecconi<\/title>\n<meta name=\"description\" content=\"\u00dcber Weihnachten kann uns kaum jemand mehr sagen, als die Sch\u00f6pferin der traumhaft anmutenden in Terrakotta ( terracotta ) Krippenfiguren, Angela Tripi.\" \/>\n<meta name=\"robots\" content=\"index, follow, max-snippet:-1, max-image-preview:large, max-video-preview:-1\" \/>\n<link rel=\"canonical\" href=\"https:\/\/cecconi.shop\/de\/angela-tripi\/\" \/>\n<meta property=\"og:locale\" content=\"de_DE\" \/>\n<meta property=\"og:type\" content=\"article\" \/>\n<meta property=\"og:title\" content=\"Angela Tripi\" \/>\n<meta property=\"og:description\" content=\"\u00dcber Weihnachten kann uns kaum jemand mehr sagen, als die Sch\u00f6pferin der traumhaft anmutenden in Terrakotta ( terracotta ) Krippenfiguren, Angela Tripi.\" \/>\n<meta property=\"og:url\" content=\"https:\/\/cecconi.shop\/de\/angela-tripi\/\" \/>\n<meta property=\"og:site_name\" content=\"Cecconi\" \/>\n<meta property=\"article:publisher\" content=\"https:\/\/www.facebook.com\/AnriStore\/\" \/>\n<meta property=\"article:modified_time\" content=\"2017-07-13T08:46:35+00:00\" \/>\n<meta name=\"twitter:card\" content=\"summary_large_image\" \/>\n<meta name=\"twitter:label1\" content=\"Gesch\u00e4tzte Lesezeit\" \/>\n\t<meta name=\"twitter:data1\" content=\"4\u00a0Minuten\" \/>\n<script type=\"application\/ld+json\" class=\"yoast-schema-graph\">{\"@context\":\"https:\/\/schema.org\",\"@graph\":[{\"@type\":\"WebPage\",\"@id\":\"https:\/\/cecconi.shop\/de\/angela-tripi\/\",\"url\":\"https:\/\/cecconi.shop\/de\/angela-tripi\/\",\"name\":\"Angela Tripi Krippen - Angela Tripi Krippenfiguren | Cecconi\",\"isPartOf\":{\"@id\":\"https:\/\/cecconi.shop\/de\/#website\"},\"datePublished\":\"2017-07-04T21:14:10+00:00\",\"dateModified\":\"2017-07-13T08:46:35+00:00\",\"description\":\"\u00dcber Weihnachten kann uns kaum jemand mehr sagen, als die Sch\u00f6pferin der traumhaft anmutenden in Terrakotta ( terracotta ) Krippenfiguren, Angela Tripi.\",\"inLanguage\":\"de\",\"potentialAction\":[{\"@type\":\"ReadAction\",\"target\":[\"https:\/\/cecconi.shop\/de\/angela-tripi\/\"]}]},{\"@type\":\"WebSite\",\"@id\":\"https:\/\/cecconi.shop\/de\/#website\",\"url\":\"https:\/\/cecconi.shop\/de\/\",\"name\":\"Cecconi\",\"description\":\"Fine Arts &amp; Crafts\",\"potentialAction\":[{\"@type\":\"SearchAction\",\"target\":{\"@type\":\"EntryPoint\",\"urlTemplate\":\"https:\/\/cecconi.shop\/de\/?s={search_term_string}\"},\"query-input\":{\"@type\":\"PropertyValueSpecification\",\"valueRequired\":true,\"valueName\":\"search_term_string\"}}],\"inLanguage\":\"de\"}]}<\/script>\n<!-- \/ Yoast SEO Premium plugin. -->","yoast_head_json":{"title":"Angela Tripi Krippen - Angela Tripi Krippenfiguren | Cecconi","description":"\u00dcber Weihnachten kann uns kaum jemand mehr sagen, als die Sch\u00f6pferin der traumhaft anmutenden in Terrakotta ( terracotta ) Krippenfiguren, Angela Tripi.","robots":{"index":"index","follow":"follow","max-snippet":"max-snippet:-1","max-image-preview":"max-image-preview:large","max-video-preview":"max-video-preview:-1"},"canonical":"https:\/\/cecconi.shop\/de\/angela-tripi\/","og_locale":"de_DE","og_type":"article","og_title":"Angela Tripi","og_description":"\u00dcber Weihnachten kann uns kaum jemand mehr sagen, als die Sch\u00f6pferin der traumhaft anmutenden in Terrakotta ( terracotta ) Krippenfiguren, Angela Tripi.","og_url":"https:\/\/cecconi.shop\/de\/angela-tripi\/","og_site_name":"Cecconi","article_publisher":"https:\/\/www.facebook.com\/AnriStore\/","article_modified_time":"2017-07-13T08:46:35+00:00","twitter_card":"summary_large_image","twitter_misc":{"Gesch\u00e4tzte Lesezeit":"4\u00a0Minuten"},"schema":{"@context":"https:\/\/schema.org","@graph":[{"@type":"WebPage","@id":"https:\/\/cecconi.shop\/de\/angela-tripi\/","url":"https:\/\/cecconi.shop\/de\/angela-tripi\/","name":"Angela Tripi Krippen - Angela Tripi Krippenfiguren | Cecconi","isPartOf":{"@id":"https:\/\/cecconi.shop\/de\/#website"},"datePublished":"2017-07-04T21:14:10+00:00","dateModified":"2017-07-13T08:46:35+00:00","description":"\u00dcber Weihnachten kann uns kaum jemand mehr sagen, als die Sch\u00f6pferin der traumhaft anmutenden in Terrakotta ( terracotta ) Krippenfiguren, Angela Tripi.","inLanguage":"de","potentialAction":[{"@type":"ReadAction","target":["https:\/\/cecconi.shop\/de\/angela-tripi\/"]}]},{"@type":"WebSite","@id":"https:\/\/cecconi.shop\/de\/#website","url":"https:\/\/cecconi.shop\/de\/","name":"Cecconi","description":"Fine Arts &amp; Crafts","potentialAction":[{"@type":"SearchAction","target":{"@type":"EntryPoint","urlTemplate":"https:\/\/cecconi.shop\/de\/?s={search_term_string}"},"query-input":{"@type":"PropertyValueSpecification","valueRequired":true,"valueName":"search_term_string"}}],"inLanguage":"de"}]}},"_links":{"self":[{"href":"https:\/\/cecconi.shop\/de\/wp-json\/wp\/v2\/pages\/51684","targetHints":{"allow":["GET"]}}],"collection":[{"href":"https:\/\/cecconi.shop\/de\/wp-json\/wp\/v2\/pages"}],"about":[{"href":"https:\/\/cecconi.shop\/de\/wp-json\/wp\/v2\/types\/page"}],"author":[{"embeddable":true,"href":"https:\/\/cecconi.shop\/de\/wp-json\/wp\/v2\/users\/1"}],"replies":[{"embeddable":true,"href":"https:\/\/cecconi.shop\/de\/wp-json\/wp\/v2\/comments?post=51684"}],"version-history":[{"count":0,"href":"https:\/\/cecconi.shop\/de\/wp-json\/wp\/v2\/pages\/51684\/revisions"}],"wp:attachment":[{"href":"https:\/\/cecconi.shop\/de\/wp-json\/wp\/v2\/media?parent=51684"}],"curies":[{"name":"wp","href":"https:\/\/api.w.org\/{rel}","templated":true}]}}