{"id":51901,"date":"2017-07-08T08:34:02","date_gmt":"2017-07-08T06:34:02","guid":{"rendered":"https:\/\/cecconi.shop\/?page_id=51901\/"},"modified":"2017-07-08T08:34:02","modified_gmt":"2017-07-08T06:34:02","slug":"die-riffesers-ihre-anfaenge","status":"publish","type":"page","link":"https:\/\/cecconi.shop\/de\/anri-tradition-und-berufung\/die-riffesers-ihre-anfaenge\/","title":{"rendered":"Die Riffesers \u2013 ihre Anf\u00e4nge"},"content":{"rendered":"<div class=\"fusion-fullwidth fullwidth-box fusion-builder-row-1 nonhundred-percent-fullwidth non-hundred-percent-height-scrolling\" style=\"--awb-border-radius-top-left:0px;--awb-border-radius-top-right:0px;--awb-border-radius-bottom-right:0px;--awb-border-radius-bottom-left:0px;--awb-flex-wrap:wrap;\" ><div class=\"fusion-builder-row fusion-row\"><div class=\"fusion-layout-column fusion_builder_column fusion-builder-column-0 fusion_builder_column_1_1 1_1 fusion-one-full fusion-column-first fusion-column-last\" style=\"--awb-bg-size:cover;\"><div class=\"fusion-column-wrapper fusion-flex-column-wrapper-legacy\"><div class=\"fusion-title title fusion-title-1 fusion-title-text fusion-title-size-one\"><h1 class=\"fusion-title-heading title-heading-left fusion-responsive-typography-calculated\" style=\"margin:0;--fontSize:50;line-height:1.2;\"><h1>Die Riffesers<\/h1><\/h1><span class=\"awb-title-spacer\"><\/span><div class=\"title-sep-container\"><div class=\"title-sep sep-single sep-solid\" style=\"border-color:#e0dede;\"><\/div><\/div><\/div><div class=\"fusion-clearfix\"><\/div><\/div><\/div><\/div><\/div><div class=\"fusion-fullwidth fullwidth-box fusion-builder-row-2 nonhundred-percent-fullwidth non-hundred-percent-height-scrolling\" style=\"--awb-border-radius-top-left:0px;--awb-border-radius-top-right:0px;--awb-border-radius-bottom-right:0px;--awb-border-radius-bottom-left:0px;--awb-flex-wrap:wrap;\" ><div class=\"fusion-builder-row fusion-row\"><div class=\"fusion-layout-column fusion_builder_column fusion-builder-column-1 fusion_builder_column_1_1 1_1 fusion-one-full fusion-column-first fusion-column-last\" style=\"--awb-bg-size:cover;\"><div class=\"fusion-column-wrapper fusion-flex-column-wrapper-legacy\"><div class=\"fusion-tabs fusion-tabs-1 classic nav-is-justified horizontal-tabs icon-position-left mobile-mode-accordion\" style=\"--awb-title-border-radius-top-left:0px;--awb-title-border-radius-top-right:0px;--awb-title-border-radius-bottom-right:0px;--awb-title-border-radius-bottom-left:0px;--awb-inactive-color:#f6f6f6;--awb-background-color:#ffffff;--awb-border-color:#eaeaea;--awb-active-border-color:#aa192b;\"><div class=\"nav\"><ul class=\"nav-tabs nav-justified\" role=\"tablist\"><li class=\"active\" role=\"presentation\"><a class=\"tab-link\" data-toggle=\"tab\" role=\"tab\" aria-controls=\"tab-99c5c5697d947b23836\" aria-selected=\"true\" id=\"fusion-tab-ihreanf\u00e4nge\" href=\"#tab-99c5c5697d947b23836\"><h4 class=\"fusion-tab-heading\">ihre Anf\u00e4nge<\/h4><\/a><\/li><\/ul><\/div><div class=\"tab-content\"><div class=\"nav fusion-mobile-tab-nav\"><ul class=\"nav-tabs nav-justified\" role=\"tablist\"><li class=\"active\" role=\"presentation\"><a class=\"tab-link\" data-toggle=\"tab\" role=\"tab\" aria-controls=\"tab-99c5c5697d947b23836\" aria-selected=\"true\" id=\"mobile-fusion-tab-ihreanf\u00e4nge\" href=\"#tab-99c5c5697d947b23836\"><h4 class=\"fusion-tab-heading\">ihre Anf\u00e4nge<\/h4><\/a><\/li><\/ul><\/div><div class=\"tab-pane fade fusion-clearfix in active\" role=\"tabpanel\" tabindex=\"0\" aria-labelledby=\"fusion-tab-ihreanf\u00e4nge\" id=\"tab-99c5c5697d947b23836\">\n<p>Luis Riffeser war gerade mal zw\u00f6lf Jahre alt, als er 1866 von seinem Vater mit einer \u201eKraxe\u201c voller Schnitzereien auf Wanderschaft geschickt wurde. Nach erfolgreichen Verk\u00e4ufen in die Heimat zur\u00fcckgekehrt musste er erfahren, dass sein Vater verstorben war.<br \/>\nEs war dies f\u00fcr den jungen Buben ein harter Schlag, doch fasste er sich ein Herz und sich vor in die Fu\u00dfstapfen seines Vaters zu treten und erfolgreicher Kaufmann zu werden. Er besuchte die Handelsmessen in Deutschland erschuf unz\u00e4hlige neue Modelle und brachte es so in kurzer Zeit zu Ansehen und Wohlstand. Noch heute sind viele seiner Modelle, einst im Besitz seines Handelsvertreters Jean Senoner \u201eda Vastle\u201c im Heimatmuseum von St. Ulrich zu sehen.<\/p>\n<p>Am 4. Mai 1887 wurde Anton Riffeser geboren. Schon bald nach Beendigung seiner Schulzeit gr\u00fcndete der ehrgeizige J\u00fcngling seine eigene Firma. Die Anfangsjahre waren hart, doch nahm die Geschichte eine g\u00fcnstige Wende, als er 1912 seine Karolina heiratete, die ihm mit viel Geschick, die mit der Vergabe der Heimarbeiten verbundene gro\u00dfe Arbeitslast abnahm, wodurch sich Anto ganz auf den Vertrieb konzentrieren konnte.<\/p>\n<p>Ihr Gl\u00fcck wurde vervollst\u00e4ndigt, als ihnen bald der Sohn Anton (Toni) geboren wurde. Doch dieses Gl\u00fcck war nur von kurzer Dauer: mit der Ermordung von Erzherzog Franz Ferdinand in Sarajevo wurde der Erste Weltkrieg entfesselt und Anton Riffeser verlie\u00df als einer der ersten in der Uniform der Tiroler Kaisersch\u00fctzen sein Heimattal. Von den Russen gefangengenommen, verbrachte Anton sechs entbehrungsreiche Jahre als Kriegsgefangener in einem Lager am Baikalsee.<\/p>\n<p>Dank dem schwedischen Roten Kreuz besserten sich die Lagerverh\u00e4ltnisse nach einiger Zeit und den Gr\u00f6dnern wurde ein eigenes Lokal zur Verf\u00fcgung gestellt, welches bald den Namen \u201eK\u00fcnstlerstube\u201c erhielt und in dem geschnitzt, gemalt und gezeichnet wurde. Eine von einem Kriegskameraden Anton Riffesers\u2019s gezeichnete Skizze mit den Stubeninsassen befindet sich noch heute in Familienbesitz.<br \/>\nIn jener Zeit begann Anton die englische Sprache zu erlernen. Dies sollte ihm in sp\u00e4teren Jahren von gro\u00dfem Nutzen werden. Er hatte Zeit Pl\u00e4ne zu schmieden, die er nach seiner R\u00fcckkehr nach Gr\u00f6den verwirklichen wollte vor allem w\u00fcrde er ein ger\u00e4umiges Haus bauen mit gen\u00fcgend Raum f\u00fcr Warenlager, Musterr\u00e4umen und B\u00fcros. Die neue Firma sollte AN-RI hei\u00dfen, nach Anton Riffeser.<\/p>\n<p>Als in Brest-Litowsk endlich Frieden geschlossen wurde, begann auch die R\u00fcckf\u00fchrung der Gefangenen, die Anton zuerst nach Sibirien und China f\u00fchrte, von wo er dann auf dem Seeweg nach Venedig gelangte. Auf dieser Reise lernte er einen amerikanischen Offizier kennen, dem er ein russisches Bauernpaar schnitzte. Jahre sp\u00e4ter taucht \u00fcbrigens selbiger Amerikaner in Gr\u00f6den auf und bringt eines der beiden St\u00fccke als Andenken an jene Tage im Fernen Osten mit.<\/p>\n<p>Bei der Einschiffung in Tientsin erfahren die Gr\u00f6dner, dass sie inzwischen italienische Staatsb\u00fcrger geworden sind. In Venedig angekommen, geht es mit dem Zug in die Heimat, nach Bozen. Dort erwartet ihn am Bahnhof seine Frau Karolina, An der Hand f\u00fchrt sie den kleinen Toni \u2013 er ist inzwischen acht Jahre alt geworden.<\/p>\n<\/div><\/div><\/div><div class=\"fusion-text fusion-text-1\"><p><em>von Edmund Dellago &#8211; \u00a9ANRI<\/em><\/p>\n<\/div><div class=\"fusion-clearfix\"><\/div><\/div><\/div><\/div><\/div>\n","protected":false},"excerpt":{"rendered":"","protected":false},"author":1,"featured_media":0,"parent":44334,"menu_order":0,"comment_status":"closed","ping_status":"closed","template":"","meta":{"footnotes":""},"class_list":["post-51901","page","type-page","status-publish","hentry"],"yoast_head":"<!-- This site is optimized with the Yoast SEO Premium plugin v27.0 (Yoast SEO v27.0) - https:\/\/yoast.com\/product\/yoast-seo-premium-wordpress\/ -->\n<title>Die Riffesers \u2013 ihre Anf\u00e4nge - Cecconi<\/title>\n<meta name=\"robots\" content=\"index, follow, max-snippet:-1, max-image-preview:large, max-video-preview:-1\" \/>\n<link rel=\"canonical\" href=\"https:\/\/cecconi.shop\/de\/anri-tradition-und-berufung\/die-riffesers-ihre-anfaenge\/\" \/>\n<meta property=\"og:locale\" content=\"de_DE\" \/>\n<meta property=\"og:type\" content=\"article\" \/>\n<meta property=\"og:title\" content=\"Die Riffesers \u2013 ihre Anf\u00e4nge\" \/>\n<meta property=\"og:url\" content=\"https:\/\/cecconi.shop\/de\/anri-tradition-und-berufung\/die-riffesers-ihre-anfaenge\/\" \/>\n<meta property=\"og:site_name\" content=\"Cecconi\" \/>\n<meta property=\"article:publisher\" content=\"https:\/\/www.facebook.com\/AnriStore\/\" \/>\n<meta name=\"twitter:card\" content=\"summary_large_image\" \/>\n<meta name=\"twitter:label1\" content=\"Gesch\u00e4tzte Lesezeit\" \/>\n\t<meta name=\"twitter:data1\" content=\"4\u00a0Minuten\" \/>\n<script type=\"application\/ld+json\" class=\"yoast-schema-graph\">{\"@context\":\"https:\/\/schema.org\",\"@graph\":[{\"@type\":\"WebPage\",\"@id\":\"https:\/\/cecconi.shop\/de\/anri-tradition-und-berufung\/die-riffesers-ihre-anfaenge\/\",\"url\":\"https:\/\/cecconi.shop\/de\/anri-tradition-und-berufung\/die-riffesers-ihre-anfaenge\/\",\"name\":\"Die Riffesers \u2013 ihre Anf\u00e4nge - Cecconi\",\"isPartOf\":{\"@id\":\"https:\/\/cecconi.shop\/de\/#website\"},\"datePublished\":\"2017-07-08T06:34:02+00:00\",\"breadcrumb\":{\"@id\":\"https:\/\/cecconi.shop\/de\/anri-tradition-und-berufung\/die-riffesers-ihre-anfaenge\/#breadcrumb\"},\"inLanguage\":\"de\",\"potentialAction\":[{\"@type\":\"ReadAction\",\"target\":[\"https:\/\/cecconi.shop\/de\/anri-tradition-und-berufung\/die-riffesers-ihre-anfaenge\/\"]}]},{\"@type\":\"BreadcrumbList\",\"@id\":\"https:\/\/cecconi.shop\/de\/anri-tradition-und-berufung\/die-riffesers-ihre-anfaenge\/#breadcrumb\",\"itemListElement\":[{\"@type\":\"ListItem\",\"position\":1,\"name\":\"ANRI \u2013 Tradition und Berufung\",\"item\":\"https:\/\/cecconi.shop\/de\/anri-tradition-und-berufung\/\"},{\"@type\":\"ListItem\",\"position\":2,\"name\":\"Die Riffesers \u2013 ihre Anf\u00e4nge\"}]},{\"@type\":\"WebSite\",\"@id\":\"https:\/\/cecconi.shop\/de\/#website\",\"url\":\"https:\/\/cecconi.shop\/de\/\",\"name\":\"Cecconi\",\"description\":\"Fine Arts &amp; Crafts\",\"potentialAction\":[{\"@type\":\"SearchAction\",\"target\":{\"@type\":\"EntryPoint\",\"urlTemplate\":\"https:\/\/cecconi.shop\/de\/?s={search_term_string}\"},\"query-input\":{\"@type\":\"PropertyValueSpecification\",\"valueRequired\":true,\"valueName\":\"search_term_string\"}}],\"inLanguage\":\"de\"}]}<\/script>\n<!-- \/ Yoast SEO Premium plugin. -->","yoast_head_json":{"title":"Die Riffesers \u2013 ihre Anf\u00e4nge - Cecconi","robots":{"index":"index","follow":"follow","max-snippet":"max-snippet:-1","max-image-preview":"max-image-preview:large","max-video-preview":"max-video-preview:-1"},"canonical":"https:\/\/cecconi.shop\/de\/anri-tradition-und-berufung\/die-riffesers-ihre-anfaenge\/","og_locale":"de_DE","og_type":"article","og_title":"Die Riffesers \u2013 ihre Anf\u00e4nge","og_url":"https:\/\/cecconi.shop\/de\/anri-tradition-und-berufung\/die-riffesers-ihre-anfaenge\/","og_site_name":"Cecconi","article_publisher":"https:\/\/www.facebook.com\/AnriStore\/","twitter_card":"summary_large_image","twitter_misc":{"Gesch\u00e4tzte Lesezeit":"4\u00a0Minuten"},"schema":{"@context":"https:\/\/schema.org","@graph":[{"@type":"WebPage","@id":"https:\/\/cecconi.shop\/de\/anri-tradition-und-berufung\/die-riffesers-ihre-anfaenge\/","url":"https:\/\/cecconi.shop\/de\/anri-tradition-und-berufung\/die-riffesers-ihre-anfaenge\/","name":"Die Riffesers \u2013 ihre Anf\u00e4nge - Cecconi","isPartOf":{"@id":"https:\/\/cecconi.shop\/de\/#website"},"datePublished":"2017-07-08T06:34:02+00:00","breadcrumb":{"@id":"https:\/\/cecconi.shop\/de\/anri-tradition-und-berufung\/die-riffesers-ihre-anfaenge\/#breadcrumb"},"inLanguage":"de","potentialAction":[{"@type":"ReadAction","target":["https:\/\/cecconi.shop\/de\/anri-tradition-und-berufung\/die-riffesers-ihre-anfaenge\/"]}]},{"@type":"BreadcrumbList","@id":"https:\/\/cecconi.shop\/de\/anri-tradition-und-berufung\/die-riffesers-ihre-anfaenge\/#breadcrumb","itemListElement":[{"@type":"ListItem","position":1,"name":"ANRI \u2013 Tradition und Berufung","item":"https:\/\/cecconi.shop\/de\/anri-tradition-und-berufung\/"},{"@type":"ListItem","position":2,"name":"Die Riffesers \u2013 ihre Anf\u00e4nge"}]},{"@type":"WebSite","@id":"https:\/\/cecconi.shop\/de\/#website","url":"https:\/\/cecconi.shop\/de\/","name":"Cecconi","description":"Fine Arts &amp; Crafts","potentialAction":[{"@type":"SearchAction","target":{"@type":"EntryPoint","urlTemplate":"https:\/\/cecconi.shop\/de\/?s={search_term_string}"},"query-input":{"@type":"PropertyValueSpecification","valueRequired":true,"valueName":"search_term_string"}}],"inLanguage":"de"}]}},"_links":{"self":[{"href":"https:\/\/cecconi.shop\/de\/wp-json\/wp\/v2\/pages\/51901","targetHints":{"allow":["GET"]}}],"collection":[{"href":"https:\/\/cecconi.shop\/de\/wp-json\/wp\/v2\/pages"}],"about":[{"href":"https:\/\/cecconi.shop\/de\/wp-json\/wp\/v2\/types\/page"}],"author":[{"embeddable":true,"href":"https:\/\/cecconi.shop\/de\/wp-json\/wp\/v2\/users\/1"}],"replies":[{"embeddable":true,"href":"https:\/\/cecconi.shop\/de\/wp-json\/wp\/v2\/comments?post=51901"}],"version-history":[{"count":0,"href":"https:\/\/cecconi.shop\/de\/wp-json\/wp\/v2\/pages\/51901\/revisions"}],"up":[{"embeddable":true,"href":"https:\/\/cecconi.shop\/de\/wp-json\/wp\/v2\/pages\/44334"}],"wp:attachment":[{"href":"https:\/\/cecconi.shop\/de\/wp-json\/wp\/v2\/media?parent=51901"}],"curies":[{"name":"wp","href":"https:\/\/api.w.org\/{rel}","templated":true}]}}