{"id":51903,"date":"2017-07-08T08:35:21","date_gmt":"2017-07-08T06:35:21","guid":{"rendered":"https:\/\/cecconi.shop\/?page_id=51903\/"},"modified":"2017-07-13T17:00:04","modified_gmt":"2017-07-13T15:00:04","slug":"anri-die-firma","status":"publish","type":"page","link":"https:\/\/cecconi.shop\/de\/anri-tradition-und-berufung\/anri-die-firma\/","title":{"rendered":"ANRI \u2013 Die Firma"},"content":{"rendered":"<div class=\"fusion-fullwidth fullwidth-box fusion-builder-row-1 nonhundred-percent-fullwidth non-hundred-percent-height-scrolling\" style=\"--awb-border-radius-top-left:0px;--awb-border-radius-top-right:0px;--awb-border-radius-bottom-right:0px;--awb-border-radius-bottom-left:0px;--awb-flex-wrap:wrap;\" ><div class=\"fusion-builder-row fusion-row\"><div class=\"fusion-layout-column fusion_builder_column fusion-builder-column-0 fusion_builder_column_1_1 1_1 fusion-one-full fusion-column-first fusion-column-last\" style=\"--awb-bg-size:cover;\"><div class=\"fusion-column-wrapper fusion-flex-column-wrapper-legacy\"><div class=\"fusion-title title fusion-title-1 fusion-title-text fusion-title-size-one\"><h1 class=\"fusion-title-heading title-heading-left fusion-responsive-typography-calculated\" style=\"margin:0;--fontSize:50;line-height:1.2;\"><h1>ANRI<\/h1><\/h1><span class=\"awb-title-spacer\"><\/span><div class=\"title-sep-container\"><div class=\"title-sep sep-single sep-solid\" style=\"border-color:#e0dede;\"><\/div><\/div><\/div><div class=\"fusion-clearfix\"><\/div><\/div><\/div><\/div><\/div><div class=\"fusion-fullwidth fullwidth-box fusion-builder-row-2 nonhundred-percent-fullwidth non-hundred-percent-height-scrolling\" style=\"--awb-border-radius-top-left:0px;--awb-border-radius-top-right:0px;--awb-border-radius-bottom-right:0px;--awb-border-radius-bottom-left:0px;--awb-flex-wrap:wrap;\" ><div class=\"fusion-builder-row fusion-row\"><div class=\"fusion-layout-column fusion_builder_column fusion-builder-column-1 fusion_builder_column_1_1 1_1 fusion-one-full fusion-column-first fusion-column-last\" style=\"--awb-bg-size:cover;\"><div class=\"fusion-column-wrapper fusion-flex-column-wrapper-legacy\"><div class=\"fusion-tabs fusion-tabs-1 classic nav-is-justified horizontal-tabs icon-position-left mobile-mode-accordion\" style=\"--awb-title-border-radius-top-left:0px;--awb-title-border-radius-top-right:0px;--awb-title-border-radius-bottom-right:0px;--awb-title-border-radius-bottom-left:0px;--awb-inactive-color:#f6f6f6;--awb-background-color:#ffffff;--awb-border-color:#eaeaea;--awb-active-border-color:#aa192b;\"><div class=\"nav\"><ul class=\"nav-tabs nav-justified\" role=\"tablist\"><li class=\"active\" role=\"presentation\"><a class=\"tab-link\" data-toggle=\"tab\" role=\"tab\" aria-controls=\"tab-97870a8c0bbdb795c35\" aria-selected=\"true\" id=\"fusion-tab-diefirma\" href=\"#tab-97870a8c0bbdb795c35\"><h4 class=\"fusion-tab-heading\">Die Firma<\/h4><\/a><\/li><\/ul><\/div><div class=\"tab-content\"><div class=\"nav fusion-mobile-tab-nav\"><ul class=\"nav-tabs nav-justified\" role=\"tablist\"><li class=\"active\" role=\"presentation\"><a class=\"tab-link\" data-toggle=\"tab\" role=\"tab\" aria-controls=\"tab-97870a8c0bbdb795c35\" aria-selected=\"true\" id=\"mobile-fusion-tab-diefirma\" href=\"#tab-97870a8c0bbdb795c35\"><h4 class=\"fusion-tab-heading\">Die Firma<\/h4><\/a><\/li><\/ul><\/div><div class=\"tab-pane fade fusion-clearfix in active\" role=\"tabpanel\" tabindex=\"0\" aria-labelledby=\"fusion-tab-diefirma\" id=\"tab-97870a8c0bbdb795c35\">\n<p>Karolina Riffeser war in all diesen Jahren nicht m\u00fc\u00dfig gewesen und gemeinsam treibt das Ehepaar Riffeser den Wiederaufbau ihres Gesch\u00e4fts voran. 1926 ist es dann soweit, und das ertr\u00e4umte gro\u00dfe Gesch\u00e4ftshaus kann erbaut werden. Es diente von da an viele Jahre als Firmensitz der Firma ANRI und ist bis heute im Besitz der Familie Riffeser.<br \/>\nDer junge Toni zeigt schon bald gro\u00dfes Interesse am Gesch\u00e4ft und beginnt mit dem systematischen Ausbau der Gesch\u00e4ftsverbindungen im Ausland. In k\u00fcrzester Zeit sind weit \u00fcber 100 Heimarbeiter mit der Herstellung neuer firmeneigener Modelle besch\u00e4ftigt.<\/p>\n<p>Der Zweite Weltkrieg bringt erneut wirtschaftlichen Stillstand in das gesch\u00e4ftige Tal, doch bald nach Kriegsende geht man mit neuem Schwung ans Werk. Unter der Leitung von Anto Riffeser jr. Werden nicht nur gro\u00dfz\u00fcgig angelegte Gemeinschaftswerkst\u00e4tten gebaut, sondern auch neue Arbeitsmethoden entwickelt, die das zeitraubende Konturenschnitzen vereinfachen und den Bildhauern und Holzschnitzern erm\u00f6glichen ihre ganze Aufmerksamkeit der k\u00fcnstlerischen Endausf\u00fchrung zu widmen. Neu M\u00e4rkte werden erschlossen\u00a0 und bestehende Handelsbeziehungen gefestigt. ANRI \u00fcbernimmt die absolute F\u00fchrung auf dem Weltmarkt. Gleichzeitig wird der Grundstein f\u00fcr k\u00fcnftige Erfolge gesetzt, indem ein g\u00e4nzlich neuer Kundenkreis angesprochen wird: die Sammler von ANRI Holzschnitzereien.<\/p>\n<p>Aus der Ehe von Anton Riffeser jr. Mit Frieda stammt Ernst Riffeser, geboren 1943, verheiratet mit Ewi Waibl aus Meran. Er tritt als dritte Generation in die von seinem Gro\u00dfvater gegr\u00fcndete Firma ANRI ein. Mit einem Stab bew\u00e4hrter Mitarbeiter wird die Arbeit seines Vaters zielstrebig weiterverfolgt. So werden Meilensteine an Qualit\u00e4t und Exklusivit\u00e4t gesetzt.<br \/>\nAnerkannte einheimische wie ausl\u00e4ndische K\u00fcnstler werden verpflichtet, darunter Ulrich Bernardi, Emmerich Mussner, Andreas Kostner, Josef Malfertheiner, Albert Moroder, sowie Juan Ferr\u00e1ndiz, Sarah Kay, Mira Fujita, Gunther Granget, Helmut Diller, Walter Bacher, Beb Black und viele andere.<br \/>\nDie Kunst des Holzschnitzens ist vielf\u00e4ltig und faszinierend.<\/p>\n<p>Seit dem Jahr 2000 leitet nun Thomas Riffeser die Geschicke der Firma ANRI.<br \/>\nSeine Herausforderung besteht darin, den Vertrieb vollst\u00e4ndig zu reorganisieren und die Einzelh\u00e4ndler auf der ganzen Welt direkt aus dem Haus des ANRI zu beliefern. Neue Produkte und eine neue Produktion sind erforderlich, um die hohen Standards zu halten, die ANRI gesetzt hat.<\/p>\n<\/div><\/div><\/div><div class=\"fusion-text fusion-text-1\"><p><em>von Edmund Dellago &#8211; \u00a9ANRI<\/em><\/p>\n<\/div><div class=\"fusion-clearfix\"><\/div><\/div><\/div><\/div><\/div>\n","protected":false},"excerpt":{"rendered":"","protected":false},"author":1,"featured_media":0,"parent":44334,"menu_order":0,"comment_status":"closed","ping_status":"closed","template":"","meta":{"footnotes":""},"class_list":["post-51903","page","type-page","status-publish","hentry"],"yoast_head":"<!-- This site is optimized with the Yoast SEO Premium plugin v27.0 (Yoast SEO v27.0) - https:\/\/yoast.com\/product\/yoast-seo-premium-wordpress\/ -->\n<title>ANRI - Skulpturen in Holz - Die Firma | Cecconi<\/title>\n<meta name=\"description\" content=\"Ber\u00fchmte K\u00fcnstler haben einzigartige Entw\u00fcrfe geschaffen, die die Facharbeiter bei ANRI in wundersch\u00f6n detaillierte Holzschnitzerfiguren verwandeln.\" \/>\n<meta name=\"robots\" content=\"index, follow, max-snippet:-1, max-image-preview:large, max-video-preview:-1\" \/>\n<link rel=\"canonical\" href=\"https:\/\/cecconi.shop\/de\/anri-tradition-und-berufung\/anri-die-firma\/\" \/>\n<meta property=\"og:locale\" content=\"de_DE\" \/>\n<meta property=\"og:type\" content=\"article\" \/>\n<meta property=\"og:title\" content=\"ANRI \u2013 Die Firma\" \/>\n<meta property=\"og:description\" content=\"Ber\u00fchmte K\u00fcnstler haben einzigartige Entw\u00fcrfe geschaffen, die die Facharbeiter bei ANRI in wundersch\u00f6n detaillierte Holzschnitzerfiguren verwandeln.\" \/>\n<meta property=\"og:url\" content=\"https:\/\/cecconi.shop\/de\/anri-tradition-und-berufung\/anri-die-firma\/\" \/>\n<meta property=\"og:site_name\" content=\"Cecconi\" \/>\n<meta property=\"article:publisher\" content=\"https:\/\/www.facebook.com\/AnriStore\/\" \/>\n<meta property=\"article:modified_time\" content=\"2017-07-13T15:00:04+00:00\" \/>\n<meta name=\"twitter:card\" content=\"summary_large_image\" \/>\n<meta name=\"twitter:label1\" content=\"Gesch\u00e4tzte Lesezeit\" \/>\n\t<meta name=\"twitter:data1\" content=\"4\u00a0Minuten\" \/>\n<script type=\"application\/ld+json\" class=\"yoast-schema-graph\">{\"@context\":\"https:\/\/schema.org\",\"@graph\":[{\"@type\":\"WebPage\",\"@id\":\"https:\/\/cecconi.shop\/de\/anri-tradition-und-berufung\/anri-die-firma\/\",\"url\":\"https:\/\/cecconi.shop\/de\/anri-tradition-und-berufung\/anri-die-firma\/\",\"name\":\"ANRI - Skulpturen in Holz - Die Firma | Cecconi\",\"isPartOf\":{\"@id\":\"https:\/\/cecconi.shop\/de\/#website\"},\"datePublished\":\"2017-07-08T06:35:21+00:00\",\"dateModified\":\"2017-07-13T15:00:04+00:00\",\"description\":\"Ber\u00fchmte K\u00fcnstler haben einzigartige Entw\u00fcrfe geschaffen, die die Facharbeiter bei ANRI in wundersch\u00f6n detaillierte Holzschnitzerfiguren verwandeln.\",\"breadcrumb\":{\"@id\":\"https:\/\/cecconi.shop\/de\/anri-tradition-und-berufung\/anri-die-firma\/#breadcrumb\"},\"inLanguage\":\"de\",\"potentialAction\":[{\"@type\":\"ReadAction\",\"target\":[\"https:\/\/cecconi.shop\/de\/anri-tradition-und-berufung\/anri-die-firma\/\"]}]},{\"@type\":\"BreadcrumbList\",\"@id\":\"https:\/\/cecconi.shop\/de\/anri-tradition-und-berufung\/anri-die-firma\/#breadcrumb\",\"itemListElement\":[{\"@type\":\"ListItem\",\"position\":1,\"name\":\"ANRI \u2013 Tradition und Berufung\",\"item\":\"https:\/\/cecconi.shop\/de\/anri-tradition-und-berufung\/\"},{\"@type\":\"ListItem\",\"position\":2,\"name\":\"ANRI \u2013 Die Firma\"}]},{\"@type\":\"WebSite\",\"@id\":\"https:\/\/cecconi.shop\/de\/#website\",\"url\":\"https:\/\/cecconi.shop\/de\/\",\"name\":\"Cecconi\",\"description\":\"Fine Arts &amp; Crafts\",\"potentialAction\":[{\"@type\":\"SearchAction\",\"target\":{\"@type\":\"EntryPoint\",\"urlTemplate\":\"https:\/\/cecconi.shop\/de\/?s={search_term_string}\"},\"query-input\":{\"@type\":\"PropertyValueSpecification\",\"valueRequired\":true,\"valueName\":\"search_term_string\"}}],\"inLanguage\":\"de\"}]}<\/script>\n<!-- \/ Yoast SEO Premium plugin. -->","yoast_head_json":{"title":"ANRI - Skulpturen in Holz - Die Firma | Cecconi","description":"Ber\u00fchmte K\u00fcnstler haben einzigartige Entw\u00fcrfe geschaffen, die die Facharbeiter bei ANRI in wundersch\u00f6n detaillierte Holzschnitzerfiguren verwandeln.","robots":{"index":"index","follow":"follow","max-snippet":"max-snippet:-1","max-image-preview":"max-image-preview:large","max-video-preview":"max-video-preview:-1"},"canonical":"https:\/\/cecconi.shop\/de\/anri-tradition-und-berufung\/anri-die-firma\/","og_locale":"de_DE","og_type":"article","og_title":"ANRI \u2013 Die Firma","og_description":"Ber\u00fchmte K\u00fcnstler haben einzigartige Entw\u00fcrfe geschaffen, die die Facharbeiter bei ANRI in wundersch\u00f6n detaillierte Holzschnitzerfiguren verwandeln.","og_url":"https:\/\/cecconi.shop\/de\/anri-tradition-und-berufung\/anri-die-firma\/","og_site_name":"Cecconi","article_publisher":"https:\/\/www.facebook.com\/AnriStore\/","article_modified_time":"2017-07-13T15:00:04+00:00","twitter_card":"summary_large_image","twitter_misc":{"Gesch\u00e4tzte Lesezeit":"4\u00a0Minuten"},"schema":{"@context":"https:\/\/schema.org","@graph":[{"@type":"WebPage","@id":"https:\/\/cecconi.shop\/de\/anri-tradition-und-berufung\/anri-die-firma\/","url":"https:\/\/cecconi.shop\/de\/anri-tradition-und-berufung\/anri-die-firma\/","name":"ANRI - Skulpturen in Holz - Die Firma | Cecconi","isPartOf":{"@id":"https:\/\/cecconi.shop\/de\/#website"},"datePublished":"2017-07-08T06:35:21+00:00","dateModified":"2017-07-13T15:00:04+00:00","description":"Ber\u00fchmte K\u00fcnstler haben einzigartige Entw\u00fcrfe geschaffen, die die Facharbeiter bei ANRI in wundersch\u00f6n detaillierte Holzschnitzerfiguren verwandeln.","breadcrumb":{"@id":"https:\/\/cecconi.shop\/de\/anri-tradition-und-berufung\/anri-die-firma\/#breadcrumb"},"inLanguage":"de","potentialAction":[{"@type":"ReadAction","target":["https:\/\/cecconi.shop\/de\/anri-tradition-und-berufung\/anri-die-firma\/"]}]},{"@type":"BreadcrumbList","@id":"https:\/\/cecconi.shop\/de\/anri-tradition-und-berufung\/anri-die-firma\/#breadcrumb","itemListElement":[{"@type":"ListItem","position":1,"name":"ANRI \u2013 Tradition und Berufung","item":"https:\/\/cecconi.shop\/de\/anri-tradition-und-berufung\/"},{"@type":"ListItem","position":2,"name":"ANRI \u2013 Die Firma"}]},{"@type":"WebSite","@id":"https:\/\/cecconi.shop\/de\/#website","url":"https:\/\/cecconi.shop\/de\/","name":"Cecconi","description":"Fine Arts &amp; Crafts","potentialAction":[{"@type":"SearchAction","target":{"@type":"EntryPoint","urlTemplate":"https:\/\/cecconi.shop\/de\/?s={search_term_string}"},"query-input":{"@type":"PropertyValueSpecification","valueRequired":true,"valueName":"search_term_string"}}],"inLanguage":"de"}]}},"_links":{"self":[{"href":"https:\/\/cecconi.shop\/de\/wp-json\/wp\/v2\/pages\/51903","targetHints":{"allow":["GET"]}}],"collection":[{"href":"https:\/\/cecconi.shop\/de\/wp-json\/wp\/v2\/pages"}],"about":[{"href":"https:\/\/cecconi.shop\/de\/wp-json\/wp\/v2\/types\/page"}],"author":[{"embeddable":true,"href":"https:\/\/cecconi.shop\/de\/wp-json\/wp\/v2\/users\/1"}],"replies":[{"embeddable":true,"href":"https:\/\/cecconi.shop\/de\/wp-json\/wp\/v2\/comments?post=51903"}],"version-history":[{"count":0,"href":"https:\/\/cecconi.shop\/de\/wp-json\/wp\/v2\/pages\/51903\/revisions"}],"up":[{"embeddable":true,"href":"https:\/\/cecconi.shop\/de\/wp-json\/wp\/v2\/pages\/44334"}],"wp:attachment":[{"href":"https:\/\/cecconi.shop\/de\/wp-json\/wp\/v2\/media?parent=51903"}],"curies":[{"name":"wp","href":"https:\/\/api.w.org\/{rel}","templated":true}]}}