{"id":63116,"date":"2020-04-25T16:13:57","date_gmt":"2020-04-25T14:13:57","guid":{"rendered":"https:\/\/cecconi.shop\/product\/krippenrelief-gardena-hangend\/"},"modified":"2020-04-25T16:13:57","modified_gmt":"2020-04-25T14:13:57","slug":"krippenrelief-gardena-hangend","status":"publish","type":"product","link":"https:\/\/cecconi.shop\/de\/produkt\/krippenrelief-gardena-hangend\/","title":{"rendered":"Krippenrelief Gardena h\u00e4ngend"},"content":{"rendered":"<p>Gr\u00f6\u00dfen: 12 cm &#8211; 4.72&#8243;<br \/>\n17cm &#8211; 6.7&#8243;<br \/>\n20cm &#8211; 7.8&#8243;<br \/>\n25 cm &#8211; 9.84&#8243;<\/p>\n","protected":false},"excerpt":{"rendered":"","protected":false},"featured_media":63115,"template":"","meta":[],"product_brand":[],"product_cat":[5177],"product_tag":[],"class_list":{"0":"post-63116","1":"product","2":"type-product","3":"status-publish","4":"has-post-thumbnail","6":"product_cat-blockkrippen","7":"pa_itemsizeversionprice-12cm-4-72-bemalt","8":"pa_itemsizeversionprice-12cm-4-72-natur","9":"pa_itemsizeversionprice-17cm-6-7-bemalt","10":"pa_itemsizeversionprice-17cm-6-7-natur","11":"pa_itemsizeversionprice-20cm-7-8-bemalt","12":"pa_itemsizeversionprice-20cm-7-8-natur","13":"pa_itemsizeversionprice-25cm-9-84-bemalt","14":"pa_itemsizeversionprice-25cm-9-84-natur","16":"first","17":"instock","18":"taxable","19":"shipping-taxable","20":"purchasable","21":"product-type-variable"},"yoast_head":"<!-- This site is optimized with the Yoast SEO Premium plugin v27.0 (Yoast SEO v27.0) - https:\/\/yoast.com\/product\/yoast-seo-premium-wordpress\/ -->\n<title>Krippenrelief Gardena h\u00e4ngend - Cecconi<\/title>\n<meta name=\"robots\" content=\"index, follow, max-snippet:-1, max-image-preview:large, max-video-preview:-1\" \/>\n<link rel=\"canonical\" href=\"https:\/\/cecconi.shop\/de\/produkt\/krippenrelief-gardena-hangend\/\" \/>\n<meta property=\"og:locale\" content=\"de_DE\" \/>\n<meta property=\"og:type\" content=\"article\" \/>\n<meta property=\"og:title\" content=\"Krippenrelief Gardena h\u00e4ngend\" \/>\n<meta property=\"og:url\" content=\"https:\/\/cecconi.shop\/de\/produkt\/krippenrelief-gardena-hangend\/\" \/>\n<meta property=\"og:site_name\" content=\"Cecconi\" \/>\n<meta property=\"article:publisher\" content=\"https:\/\/www.facebook.com\/AnriStore\/\" \/>\n<meta property=\"og:image\" content=\"https:\/\/cecconi.shop\/wp-content\/uploads\/RI_2519.jpg\" \/>\n\t<meta property=\"og:image:width\" content=\"550\" \/>\n\t<meta property=\"og:image:height\" content=\"550\" \/>\n\t<meta property=\"og:image:type\" content=\"image\/jpeg\" \/>\n<meta name=\"twitter:card\" content=\"summary_large_image\" \/>\n<script type=\"application\/ld+json\" class=\"yoast-schema-graph\">{\"@context\":\"https:\/\/schema.org\",\"@graph\":[{\"@type\":\"WebPage\",\"@id\":\"https:\/\/cecconi.shop\/de\/produkt\/krippenrelief-gardena-hangend\/\",\"url\":\"https:\/\/cecconi.shop\/de\/produkt\/krippenrelief-gardena-hangend\/\",\"name\":\"Krippenrelief Gardena h\u00e4ngend - Cecconi\",\"isPartOf\":{\"@id\":\"https:\/\/cecconi.shop\/de\/#website\"},\"primaryImageOfPage\":{\"@id\":\"https:\/\/cecconi.shop\/de\/produkt\/krippenrelief-gardena-hangend\/#primaryimage\"},\"image\":{\"@id\":\"https:\/\/cecconi.shop\/de\/produkt\/krippenrelief-gardena-hangend\/#primaryimage\"},\"thumbnailUrl\":\"https:\/\/cecconi.shop\/wp-content\/uploads\/RI_2519.jpg\",\"datePublished\":\"2020-04-25T14:13:57+00:00\",\"breadcrumb\":{\"@id\":\"https:\/\/cecconi.shop\/de\/produkt\/krippenrelief-gardena-hangend\/#breadcrumb\"},\"inLanguage\":\"de\",\"potentialAction\":[{\"@type\":\"ReadAction\",\"target\":[\"https:\/\/cecconi.shop\/de\/produkt\/krippenrelief-gardena-hangend\/\"]}]},{\"@type\":\"ImageObject\",\"inLanguage\":\"de\",\"@id\":\"https:\/\/cecconi.shop\/de\/produkt\/krippenrelief-gardena-hangend\/#primaryimage\",\"url\":\"https:\/\/cecconi.shop\/wp-content\/uploads\/RI_2519.jpg\",\"contentUrl\":\"https:\/\/cecconi.shop\/wp-content\/uploads\/RI_2519.jpg\",\"width\":550,\"height\":550},{\"@type\":\"BreadcrumbList\",\"@id\":\"https:\/\/cecconi.shop\/de\/produkt\/krippenrelief-gardena-hangend\/#breadcrumb\",\"itemListElement\":[{\"@type\":\"ListItem\",\"position\":1,\"name\":\"Shop\",\"item\":\"https:\/\/cecconi.shop\/shop\/\"},{\"@type\":\"ListItem\",\"position\":2,\"name\":\"Krippenfiguren\",\"item\":\"https:\/\/cecconi.shop\/de\/produkt-kategorie\/krippenfiguren\/\"},{\"@type\":\"ListItem\",\"position\":3,\"name\":\"Blockkrippen\",\"item\":\"https:\/\/cecconi.shop\/de\/produkt-kategorie\/krippenfiguren\/blockkrippen\/\"},{\"@type\":\"ListItem\",\"position\":4,\"name\":\"Krippenrelief Gardena h\u00e4ngend\"}]},{\"@type\":\"WebSite\",\"@id\":\"https:\/\/cecconi.shop\/de\/#website\",\"url\":\"https:\/\/cecconi.shop\/de\/\",\"name\":\"Cecconi\",\"description\":\"Fine Arts &amp; Crafts\",\"potentialAction\":[{\"@type\":\"SearchAction\",\"target\":{\"@type\":\"EntryPoint\",\"urlTemplate\":\"https:\/\/cecconi.shop\/de\/?s={search_term_string}\"},\"query-input\":{\"@type\":\"PropertyValueSpecification\",\"valueRequired\":true,\"valueName\":\"search_term_string\"}}],\"inLanguage\":\"de\"}]}<\/script>\n<!-- \/ Yoast SEO Premium plugin. -->","yoast_head_json":{"title":"Krippenrelief Gardena h\u00e4ngend - Cecconi","robots":{"index":"index","follow":"follow","max-snippet":"max-snippet:-1","max-image-preview":"max-image-preview:large","max-video-preview":"max-video-preview:-1"},"canonical":"https:\/\/cecconi.shop\/de\/produkt\/krippenrelief-gardena-hangend\/","og_locale":"de_DE","og_type":"article","og_title":"Krippenrelief Gardena h\u00e4ngend","og_url":"https:\/\/cecconi.shop\/de\/produkt\/krippenrelief-gardena-hangend\/","og_site_name":"Cecconi","article_publisher":"https:\/\/www.facebook.com\/AnriStore\/","og_image":[{"width":550,"height":550,"url":"https:\/\/cecconi.shop\/wp-content\/uploads\/RI_2519.jpg","type":"image\/jpeg"}],"twitter_card":"summary_large_image","schema":{"@context":"https:\/\/schema.org","@graph":[{"@type":"WebPage","@id":"https:\/\/cecconi.shop\/de\/produkt\/krippenrelief-gardena-hangend\/","url":"https:\/\/cecconi.shop\/de\/produkt\/krippenrelief-gardena-hangend\/","name":"Krippenrelief Gardena h\u00e4ngend - Cecconi","isPartOf":{"@id":"https:\/\/cecconi.shop\/de\/#website"},"primaryImageOfPage":{"@id":"https:\/\/cecconi.shop\/de\/produkt\/krippenrelief-gardena-hangend\/#primaryimage"},"image":{"@id":"https:\/\/cecconi.shop\/de\/produkt\/krippenrelief-gardena-hangend\/#primaryimage"},"thumbnailUrl":"https:\/\/cecconi.shop\/wp-content\/uploads\/RI_2519.jpg","datePublished":"2020-04-25T14:13:57+00:00","breadcrumb":{"@id":"https:\/\/cecconi.shop\/de\/produkt\/krippenrelief-gardena-hangend\/#breadcrumb"},"inLanguage":"de","potentialAction":[{"@type":"ReadAction","target":["https:\/\/cecconi.shop\/de\/produkt\/krippenrelief-gardena-hangend\/"]}]},{"@type":"ImageObject","inLanguage":"de","@id":"https:\/\/cecconi.shop\/de\/produkt\/krippenrelief-gardena-hangend\/#primaryimage","url":"https:\/\/cecconi.shop\/wp-content\/uploads\/RI_2519.jpg","contentUrl":"https:\/\/cecconi.shop\/wp-content\/uploads\/RI_2519.jpg","width":550,"height":550},{"@type":"BreadcrumbList","@id":"https:\/\/cecconi.shop\/de\/produkt\/krippenrelief-gardena-hangend\/#breadcrumb","itemListElement":[{"@type":"ListItem","position":1,"name":"Shop","item":"https:\/\/cecconi.shop\/shop\/"},{"@type":"ListItem","position":2,"name":"Krippenfiguren","item":"https:\/\/cecconi.shop\/de\/produkt-kategorie\/krippenfiguren\/"},{"@type":"ListItem","position":3,"name":"Blockkrippen","item":"https:\/\/cecconi.shop\/de\/produkt-kategorie\/krippenfiguren\/blockkrippen\/"},{"@type":"ListItem","position":4,"name":"Krippenrelief Gardena h\u00e4ngend"}]},{"@type":"WebSite","@id":"https:\/\/cecconi.shop\/de\/#website","url":"https:\/\/cecconi.shop\/de\/","name":"Cecconi","description":"Fine Arts &amp; Crafts","potentialAction":[{"@type":"SearchAction","target":{"@type":"EntryPoint","urlTemplate":"https:\/\/cecconi.shop\/de\/?s={search_term_string}"},"query-input":{"@type":"PropertyValueSpecification","valueRequired":true,"valueName":"search_term_string"}}],"inLanguage":"de"}]}},"_links":{"self":[{"href":"https:\/\/cecconi.shop\/de\/wp-json\/wp\/v2\/product\/63116","targetHints":{"allow":["GET"]}}],"collection":[{"href":"https:\/\/cecconi.shop\/de\/wp-json\/wp\/v2\/product"}],"about":[{"href":"https:\/\/cecconi.shop\/de\/wp-json\/wp\/v2\/types\/product"}],"wp:featuredmedia":[{"embeddable":true,"href":"https:\/\/cecconi.shop\/de\/wp-json\/wp\/v2\/media\/63115"}],"wp:attachment":[{"href":"https:\/\/cecconi.shop\/de\/wp-json\/wp\/v2\/media?parent=63116"}],"wp:term":[{"taxonomy":"product_brand","embeddable":true,"href":"https:\/\/cecconi.shop\/de\/wp-json\/wp\/v2\/product_brand?post=63116"},{"taxonomy":"product_cat","embeddable":true,"href":"https:\/\/cecconi.shop\/de\/wp-json\/wp\/v2\/product_cat?post=63116"},{"taxonomy":"product_tag","embeddable":true,"href":"https:\/\/cecconi.shop\/de\/wp-json\/wp\/v2\/product_tag?post=63116"}],"curies":[{"name":"wp","href":"https:\/\/api.w.org\/{rel}","templated":true}]}}