{"id":63565,"date":"2020-04-29T13:50:35","date_gmt":"2020-04-29T11:50:35","guid":{"rendered":"https:\/\/cecconi.shop\/product\/kraxentrager-mit-spielzeug\/"},"modified":"2020-04-29T13:55:26","modified_gmt":"2020-04-29T11:55:26","slug":"kraxentrager-wanderhandler-mit-spielzeug","status":"publish","type":"product","link":"https:\/\/cecconi.shop\/de\/produkt\/kraxentrager-wanderhandler-mit-spielzeug\/","title":{"rendered":"Kraxentr\u00e4ger &#8211; Wanderh\u00e4ndler mit Spielzeug"},"content":{"rendered":"<p>Gr\u00f6\u00dfen: 12 cm &#8211; 4.72&#8243;<br \/>\n15 cm &#8211; 5.9&#8243;<br \/>\n18 cm &#8211; 7.1&#8243;<br \/>\n20 cm &#8211; 7.9&#8243;<br \/>\n30 cm &#8211; 11.8&#8243;<\/p>\n","protected":false},"excerpt":{"rendered":"","protected":false},"featured_media":63564,"template":"","meta":[],"product_brand":[],"product_cat":[5184,5186],"product_tag":[],"class_list":{"0":"post-63565","1":"product","2":"type-product","3":"status-publish","4":"has-post-thumbnail","6":"product_cat-traditionelle-figuren","7":"product_cat-berufe-und-hobbys","8":"pa_itemsizeversionprice-20cm-7-9-natur","9":"pa_itemsizeversionprice-30cm-11-8-bemalt-de","10":"pa_itemsizeversionprice-30cm-11-8-natur-de","11":"pa_itemsizeversionprice-12cm-4-72-bemalt","12":"pa_itemsizeversionprice-12cm-4-72-natur","13":"pa_itemsizeversionprice-15cm-5-9-bemalt","14":"pa_itemsizeversionprice-15cm-5-9-natur","15":"pa_itemsizeversionprice-18cm-7-1-bemalt","16":"pa_itemsizeversionprice-18cm-7-1-natur","17":"pa_itemsizeversionprice-20cm-7-9-bemalt","19":"first","20":"instock","21":"taxable","22":"shipping-taxable","23":"purchasable","24":"product-type-variable"},"yoast_head":"<!-- This site is optimized with the Yoast SEO Premium plugin v27.5 (Yoast SEO v27.5) - https:\/\/yoast.com\/product\/yoast-seo-premium-wordpress\/ -->\n<title>Kraxentr\u00e4ger - Wanderh\u00e4ndler mit Spielzeug - Cecconi<\/title>\n<meta name=\"robots\" content=\"index, follow, max-snippet:-1, max-image-preview:large, max-video-preview:-1\" \/>\n<link rel=\"canonical\" href=\"https:\/\/cecconi.shop\/de\/produkt\/kraxentrager-wanderhandler-mit-spielzeug\/\" \/>\n<meta property=\"og:locale\" content=\"de_DE\" \/>\n<meta property=\"og:type\" content=\"article\" \/>\n<meta property=\"og:title\" content=\"Kraxentr\u00e4ger - Wanderh\u00e4ndler mit Spielzeug\" \/>\n<meta property=\"og:url\" content=\"https:\/\/cecconi.shop\/de\/produkt\/kraxentrager-wanderhandler-mit-spielzeug\/\" \/>\n<meta property=\"og:site_name\" content=\"Cecconi\" \/>\n<meta property=\"article:publisher\" content=\"https:\/\/www.facebook.com\/AnriStore\/\" \/>\n<meta property=\"article:modified_time\" content=\"2020-04-29T11:55:26+00:00\" \/>\n<meta property=\"og:image\" content=\"https:\/\/cecconi.shop\/wp-content\/uploads\/RI_6032.jpg\" \/>\n\t<meta property=\"og:image:width\" content=\"550\" \/>\n\t<meta property=\"og:image:height\" content=\"550\" \/>\n\t<meta property=\"og:image:type\" content=\"image\/jpeg\" \/>\n<meta name=\"twitter:card\" content=\"summary_large_image\" \/>\n<script type=\"application\/ld+json\" class=\"yoast-schema-graph\">{\"@context\":\"https:\\\/\\\/schema.org\",\"@graph\":[{\"@type\":\"WebPage\",\"@id\":\"https:\\\/\\\/cecconi.shop\\\/de\\\/produkt\\\/kraxentrager-wanderhandler-mit-spielzeug\\\/\",\"url\":\"https:\\\/\\\/cecconi.shop\\\/de\\\/produkt\\\/kraxentrager-wanderhandler-mit-spielzeug\\\/\",\"name\":\"Kraxentr\u00e4ger - Wanderh\u00e4ndler mit Spielzeug - Cecconi\",\"isPartOf\":{\"@id\":\"https:\\\/\\\/cecconi.shop\\\/de\\\/#website\"},\"primaryImageOfPage\":{\"@id\":\"https:\\\/\\\/cecconi.shop\\\/de\\\/produkt\\\/kraxentrager-wanderhandler-mit-spielzeug\\\/#primaryimage\"},\"image\":{\"@id\":\"https:\\\/\\\/cecconi.shop\\\/de\\\/produkt\\\/kraxentrager-wanderhandler-mit-spielzeug\\\/#primaryimage\"},\"thumbnailUrl\":\"https:\\\/\\\/cecconi.shop\\\/wp-content\\\/uploads\\\/RI_6032.jpg\",\"datePublished\":\"2020-04-29T11:50:35+00:00\",\"dateModified\":\"2020-04-29T11:55:26+00:00\",\"breadcrumb\":{\"@id\":\"https:\\\/\\\/cecconi.shop\\\/de\\\/produkt\\\/kraxentrager-wanderhandler-mit-spielzeug\\\/#breadcrumb\"},\"inLanguage\":\"de\",\"potentialAction\":[{\"@type\":\"ReadAction\",\"target\":[\"https:\\\/\\\/cecconi.shop\\\/de\\\/produkt\\\/kraxentrager-wanderhandler-mit-spielzeug\\\/\"]}]},{\"@type\":\"ImageObject\",\"inLanguage\":\"de\",\"@id\":\"https:\\\/\\\/cecconi.shop\\\/de\\\/produkt\\\/kraxentrager-wanderhandler-mit-spielzeug\\\/#primaryimage\",\"url\":\"https:\\\/\\\/cecconi.shop\\\/wp-content\\\/uploads\\\/RI_6032.jpg\",\"contentUrl\":\"https:\\\/\\\/cecconi.shop\\\/wp-content\\\/uploads\\\/RI_6032.jpg\",\"width\":550,\"height\":550},{\"@type\":\"BreadcrumbList\",\"@id\":\"https:\\\/\\\/cecconi.shop\\\/de\\\/produkt\\\/kraxentrager-wanderhandler-mit-spielzeug\\\/#breadcrumb\",\"itemListElement\":[{\"@type\":\"ListItem\",\"position\":1,\"name\":\"Shop\",\"item\":\"https:\\\/\\\/cecconi.shop\\\/shop\\\/\"},{\"@type\":\"ListItem\",\"position\":2,\"name\":\"Holzschnitzereien\",\"item\":\"https:\\\/\\\/cecconi.shop\\\/de\\\/produkt-kategorie\\\/holzschnitzereien\\\/\"},{\"@type\":\"ListItem\",\"position\":3,\"name\":\"Profane Holzschnitzereien\",\"item\":\"https:\\\/\\\/cecconi.shop\\\/de\\\/produkt-kategorie\\\/holzschnitzereien\\\/profane-holzschnitzereien\\\/\"},{\"@type\":\"ListItem\",\"position\":4,\"name\":\"Berufe und Hobbys\",\"item\":\"https:\\\/\\\/cecconi.shop\\\/de\\\/produkt-kategorie\\\/holzschnitzereien\\\/profane-holzschnitzereien\\\/berufe-und-hobbys\\\/\"},{\"@type\":\"ListItem\",\"position\":5,\"name\":\"Kraxentr\u00e4ger &#8211; Wanderh\u00e4ndler mit Spielzeug\"}]},{\"@type\":\"WebSite\",\"@id\":\"https:\\\/\\\/cecconi.shop\\\/de\\\/#website\",\"url\":\"https:\\\/\\\/cecconi.shop\\\/de\\\/\",\"name\":\"Cecconi\",\"description\":\"Fine Arts &amp; Crafts\",\"potentialAction\":[{\"@type\":\"SearchAction\",\"target\":{\"@type\":\"EntryPoint\",\"urlTemplate\":\"https:\\\/\\\/cecconi.shop\\\/de\\\/?s={search_term_string}\"},\"query-input\":{\"@type\":\"PropertyValueSpecification\",\"valueRequired\":true,\"valueName\":\"search_term_string\"}}],\"inLanguage\":\"de\"}]}<\/script>\n<!-- \/ Yoast SEO Premium plugin. -->","yoast_head_json":{"title":"Kraxentr\u00e4ger - Wanderh\u00e4ndler mit Spielzeug - Cecconi","robots":{"index":"index","follow":"follow","max-snippet":"max-snippet:-1","max-image-preview":"max-image-preview:large","max-video-preview":"max-video-preview:-1"},"canonical":"https:\/\/cecconi.shop\/de\/produkt\/kraxentrager-wanderhandler-mit-spielzeug\/","og_locale":"de_DE","og_type":"article","og_title":"Kraxentr\u00e4ger - Wanderh\u00e4ndler mit Spielzeug","og_url":"https:\/\/cecconi.shop\/de\/produkt\/kraxentrager-wanderhandler-mit-spielzeug\/","og_site_name":"Cecconi","article_publisher":"https:\/\/www.facebook.com\/AnriStore\/","article_modified_time":"2020-04-29T11:55:26+00:00","og_image":[{"width":550,"height":550,"url":"https:\/\/cecconi.shop\/wp-content\/uploads\/RI_6032.jpg","type":"image\/jpeg"}],"twitter_card":"summary_large_image","schema":{"@context":"https:\/\/schema.org","@graph":[{"@type":"WebPage","@id":"https:\/\/cecconi.shop\/de\/produkt\/kraxentrager-wanderhandler-mit-spielzeug\/","url":"https:\/\/cecconi.shop\/de\/produkt\/kraxentrager-wanderhandler-mit-spielzeug\/","name":"Kraxentr\u00e4ger - Wanderh\u00e4ndler mit Spielzeug - Cecconi","isPartOf":{"@id":"https:\/\/cecconi.shop\/de\/#website"},"primaryImageOfPage":{"@id":"https:\/\/cecconi.shop\/de\/produkt\/kraxentrager-wanderhandler-mit-spielzeug\/#primaryimage"},"image":{"@id":"https:\/\/cecconi.shop\/de\/produkt\/kraxentrager-wanderhandler-mit-spielzeug\/#primaryimage"},"thumbnailUrl":"https:\/\/cecconi.shop\/wp-content\/uploads\/RI_6032.jpg","datePublished":"2020-04-29T11:50:35+00:00","dateModified":"2020-04-29T11:55:26+00:00","breadcrumb":{"@id":"https:\/\/cecconi.shop\/de\/produkt\/kraxentrager-wanderhandler-mit-spielzeug\/#breadcrumb"},"inLanguage":"de","potentialAction":[{"@type":"ReadAction","target":["https:\/\/cecconi.shop\/de\/produkt\/kraxentrager-wanderhandler-mit-spielzeug\/"]}]},{"@type":"ImageObject","inLanguage":"de","@id":"https:\/\/cecconi.shop\/de\/produkt\/kraxentrager-wanderhandler-mit-spielzeug\/#primaryimage","url":"https:\/\/cecconi.shop\/wp-content\/uploads\/RI_6032.jpg","contentUrl":"https:\/\/cecconi.shop\/wp-content\/uploads\/RI_6032.jpg","width":550,"height":550},{"@type":"BreadcrumbList","@id":"https:\/\/cecconi.shop\/de\/produkt\/kraxentrager-wanderhandler-mit-spielzeug\/#breadcrumb","itemListElement":[{"@type":"ListItem","position":1,"name":"Shop","item":"https:\/\/cecconi.shop\/shop\/"},{"@type":"ListItem","position":2,"name":"Holzschnitzereien","item":"https:\/\/cecconi.shop\/de\/produkt-kategorie\/holzschnitzereien\/"},{"@type":"ListItem","position":3,"name":"Profane Holzschnitzereien","item":"https:\/\/cecconi.shop\/de\/produkt-kategorie\/holzschnitzereien\/profane-holzschnitzereien\/"},{"@type":"ListItem","position":4,"name":"Berufe und Hobbys","item":"https:\/\/cecconi.shop\/de\/produkt-kategorie\/holzschnitzereien\/profane-holzschnitzereien\/berufe-und-hobbys\/"},{"@type":"ListItem","position":5,"name":"Kraxentr\u00e4ger &#8211; Wanderh\u00e4ndler mit Spielzeug"}]},{"@type":"WebSite","@id":"https:\/\/cecconi.shop\/de\/#website","url":"https:\/\/cecconi.shop\/de\/","name":"Cecconi","description":"Fine Arts &amp; Crafts","potentialAction":[{"@type":"SearchAction","target":{"@type":"EntryPoint","urlTemplate":"https:\/\/cecconi.shop\/de\/?s={search_term_string}"},"query-input":{"@type":"PropertyValueSpecification","valueRequired":true,"valueName":"search_term_string"}}],"inLanguage":"de"}]}},"_links":{"self":[{"href":"https:\/\/cecconi.shop\/de\/wp-json\/wp\/v2\/product\/63565","targetHints":{"allow":["GET"]}}],"collection":[{"href":"https:\/\/cecconi.shop\/de\/wp-json\/wp\/v2\/product"}],"about":[{"href":"https:\/\/cecconi.shop\/de\/wp-json\/wp\/v2\/types\/product"}],"wp:featuredmedia":[{"embeddable":true,"href":"https:\/\/cecconi.shop\/de\/wp-json\/wp\/v2\/media\/63564"}],"wp:attachment":[{"href":"https:\/\/cecconi.shop\/de\/wp-json\/wp\/v2\/media?parent=63565"}],"wp:term":[{"taxonomy":"product_brand","embeddable":true,"href":"https:\/\/cecconi.shop\/de\/wp-json\/wp\/v2\/product_brand?post=63565"},{"taxonomy":"product_cat","embeddable":true,"href":"https:\/\/cecconi.shop\/de\/wp-json\/wp\/v2\/product_cat?post=63565"},{"taxonomy":"product_tag","embeddable":true,"href":"https:\/\/cecconi.shop\/de\/wp-json\/wp\/v2\/product_tag?post=63565"}],"curies":[{"name":"wp","href":"https:\/\/api.w.org\/{rel}","templated":true}]}}