{"id":64317,"date":"2020-05-05T15:49:03","date_gmt":"2020-05-05T13:49:03","guid":{"rendered":"https:\/\/cecconi.shop\/product\/zwerg-gartner\/"},"modified":"2020-05-05T15:49:03","modified_gmt":"2020-05-05T13:49:03","slug":"zwerg-gartner","status":"publish","type":"product","link":"https:\/\/cecconi.shop\/de\/produkt\/zwerg-gartner\/","title":{"rendered":"Zwerg G\u00e4rtner"},"content":{"rendered":"<p>Nur die kleinste Gr\u00f6\u00dfe 5 cm \/ 1.97\u2033 ist auf einer Baumscheibe montiert !<\/p>\n<p>Gr\u00f6\u00dfen:\u00a0 \u00a05 cm &#8211; 1.97&#8243;<br \/>\n10 cm &#8211; 3.94&#8243;<br \/>\n13 cm &#8211; 5.12&#8243;<br \/>\n20 cm &#8211; 7.9&#8243;<\/p>\n","protected":false},"excerpt":{"rendered":"","protected":false},"featured_media":64306,"template":"","meta":[],"product_brand":[],"product_cat":[5188],"product_tag":[5361,5362],"class_list":{"0":"post-64317","1":"product","2":"type-product","3":"status-publish","4":"has-post-thumbnail","6":"product_cat-zwerge","7":"product_tag-zwerg","8":"product_tag-gnom","9":"pa_itemsizeprice-10cm-3-94-bemalt","10":"pa_itemsizeprice-10cm-3-94-natur","11":"pa_itemsizeprice-5cm-1-97-bemalt-de","12":"pa_itemsizeprice-5cm-1-97-natur","13":"pa_itemsizeprice-13cm-5-12-natur","14":"pa_itemsizeprice-20cm-7-9-bemalt","15":"pa_itemsizeprice-20cm-7-9-natur","16":"pa_itemsizeprice-13cm-5-12-bemalt","18":"first","19":"instock","20":"taxable","21":"shipping-taxable","22":"purchasable","23":"product-type-variable"},"yoast_head":"<!-- This site is optimized with the Yoast SEO Premium plugin v27.5 (Yoast SEO v27.5) - https:\/\/yoast.com\/product\/yoast-seo-premium-wordpress\/ -->\n<title>Zwerg G\u00e4rtner - Cecconi<\/title>\n<meta name=\"robots\" content=\"index, follow, max-snippet:-1, max-image-preview:large, max-video-preview:-1\" \/>\n<link rel=\"canonical\" href=\"https:\/\/cecconi.shop\/de\/produkt\/zwerg-gartner\/\" \/>\n<meta property=\"og:locale\" content=\"de_DE\" \/>\n<meta property=\"og:type\" content=\"article\" \/>\n<meta property=\"og:title\" content=\"Zwerg G\u00e4rtner\" \/>\n<meta property=\"og:url\" content=\"https:\/\/cecconi.shop\/de\/produkt\/zwerg-gartner\/\" \/>\n<meta property=\"og:site_name\" content=\"Cecconi\" \/>\n<meta property=\"article:publisher\" content=\"https:\/\/www.facebook.com\/AnriStore\/\" \/>\n<meta property=\"og:image\" content=\"https:\/\/cecconi.shop\/wp-content\/uploads\/DEU_0408C.jpg\" \/>\n\t<meta property=\"og:image:width\" content=\"650\" \/>\n\t<meta property=\"og:image:height\" content=\"650\" \/>\n\t<meta property=\"og:image:type\" content=\"image\/jpeg\" \/>\n<meta name=\"twitter:card\" content=\"summary_large_image\" \/>\n<script type=\"application\/ld+json\" class=\"yoast-schema-graph\">{\"@context\":\"https:\\\/\\\/schema.org\",\"@graph\":[{\"@type\":\"WebPage\",\"@id\":\"https:\\\/\\\/cecconi.shop\\\/de\\\/produkt\\\/zwerg-gartner\\\/\",\"url\":\"https:\\\/\\\/cecconi.shop\\\/de\\\/produkt\\\/zwerg-gartner\\\/\",\"name\":\"Zwerg G\u00e4rtner - Cecconi\",\"isPartOf\":{\"@id\":\"https:\\\/\\\/cecconi.shop\\\/de\\\/#website\"},\"primaryImageOfPage\":{\"@id\":\"https:\\\/\\\/cecconi.shop\\\/de\\\/produkt\\\/zwerg-gartner\\\/#primaryimage\"},\"image\":{\"@id\":\"https:\\\/\\\/cecconi.shop\\\/de\\\/produkt\\\/zwerg-gartner\\\/#primaryimage\"},\"thumbnailUrl\":\"https:\\\/\\\/cecconi.shop\\\/wp-content\\\/uploads\\\/DEU_0408C.jpg\",\"datePublished\":\"2020-05-05T13:49:03+00:00\",\"breadcrumb\":{\"@id\":\"https:\\\/\\\/cecconi.shop\\\/de\\\/produkt\\\/zwerg-gartner\\\/#breadcrumb\"},\"inLanguage\":\"de\",\"potentialAction\":[{\"@type\":\"ReadAction\",\"target\":[\"https:\\\/\\\/cecconi.shop\\\/de\\\/produkt\\\/zwerg-gartner\\\/\"]}]},{\"@type\":\"ImageObject\",\"inLanguage\":\"de\",\"@id\":\"https:\\\/\\\/cecconi.shop\\\/de\\\/produkt\\\/zwerg-gartner\\\/#primaryimage\",\"url\":\"https:\\\/\\\/cecconi.shop\\\/wp-content\\\/uploads\\\/DEU_0408C.jpg\",\"contentUrl\":\"https:\\\/\\\/cecconi.shop\\\/wp-content\\\/uploads\\\/DEU_0408C.jpg\",\"width\":650,\"height\":650},{\"@type\":\"BreadcrumbList\",\"@id\":\"https:\\\/\\\/cecconi.shop\\\/de\\\/produkt\\\/zwerg-gartner\\\/#breadcrumb\",\"itemListElement\":[{\"@type\":\"ListItem\",\"position\":1,\"name\":\"Shop\",\"item\":\"https:\\\/\\\/cecconi.shop\\\/shop\\\/\"},{\"@type\":\"ListItem\",\"position\":2,\"name\":\"Holzschnitzereien\",\"item\":\"https:\\\/\\\/cecconi.shop\\\/de\\\/produkt-kategorie\\\/holzschnitzereien\\\/\"},{\"@type\":\"ListItem\",\"position\":3,\"name\":\"Profane Holzschnitzereien\",\"item\":\"https:\\\/\\\/cecconi.shop\\\/de\\\/produkt-kategorie\\\/holzschnitzereien\\\/profane-holzschnitzereien\\\/\"},{\"@type\":\"ListItem\",\"position\":4,\"name\":\"Zwerge\",\"item\":\"https:\\\/\\\/cecconi.shop\\\/de\\\/produkt-kategorie\\\/holzschnitzereien\\\/profane-holzschnitzereien\\\/zwerge\\\/\"},{\"@type\":\"ListItem\",\"position\":5,\"name\":\"Zwerg G\u00e4rtner\"}]},{\"@type\":\"WebSite\",\"@id\":\"https:\\\/\\\/cecconi.shop\\\/de\\\/#website\",\"url\":\"https:\\\/\\\/cecconi.shop\\\/de\\\/\",\"name\":\"Cecconi\",\"description\":\"Fine Arts &amp; Crafts\",\"potentialAction\":[{\"@type\":\"SearchAction\",\"target\":{\"@type\":\"EntryPoint\",\"urlTemplate\":\"https:\\\/\\\/cecconi.shop\\\/de\\\/?s={search_term_string}\"},\"query-input\":{\"@type\":\"PropertyValueSpecification\",\"valueRequired\":true,\"valueName\":\"search_term_string\"}}],\"inLanguage\":\"de\"}]}<\/script>\n<!-- \/ Yoast SEO Premium plugin. -->","yoast_head_json":{"title":"Zwerg G\u00e4rtner - Cecconi","robots":{"index":"index","follow":"follow","max-snippet":"max-snippet:-1","max-image-preview":"max-image-preview:large","max-video-preview":"max-video-preview:-1"},"canonical":"https:\/\/cecconi.shop\/de\/produkt\/zwerg-gartner\/","og_locale":"de_DE","og_type":"article","og_title":"Zwerg G\u00e4rtner","og_url":"https:\/\/cecconi.shop\/de\/produkt\/zwerg-gartner\/","og_site_name":"Cecconi","article_publisher":"https:\/\/www.facebook.com\/AnriStore\/","og_image":[{"width":650,"height":650,"url":"https:\/\/cecconi.shop\/wp-content\/uploads\/DEU_0408C.jpg","type":"image\/jpeg"}],"twitter_card":"summary_large_image","schema":{"@context":"https:\/\/schema.org","@graph":[{"@type":"WebPage","@id":"https:\/\/cecconi.shop\/de\/produkt\/zwerg-gartner\/","url":"https:\/\/cecconi.shop\/de\/produkt\/zwerg-gartner\/","name":"Zwerg G\u00e4rtner - Cecconi","isPartOf":{"@id":"https:\/\/cecconi.shop\/de\/#website"},"primaryImageOfPage":{"@id":"https:\/\/cecconi.shop\/de\/produkt\/zwerg-gartner\/#primaryimage"},"image":{"@id":"https:\/\/cecconi.shop\/de\/produkt\/zwerg-gartner\/#primaryimage"},"thumbnailUrl":"https:\/\/cecconi.shop\/wp-content\/uploads\/DEU_0408C.jpg","datePublished":"2020-05-05T13:49:03+00:00","breadcrumb":{"@id":"https:\/\/cecconi.shop\/de\/produkt\/zwerg-gartner\/#breadcrumb"},"inLanguage":"de","potentialAction":[{"@type":"ReadAction","target":["https:\/\/cecconi.shop\/de\/produkt\/zwerg-gartner\/"]}]},{"@type":"ImageObject","inLanguage":"de","@id":"https:\/\/cecconi.shop\/de\/produkt\/zwerg-gartner\/#primaryimage","url":"https:\/\/cecconi.shop\/wp-content\/uploads\/DEU_0408C.jpg","contentUrl":"https:\/\/cecconi.shop\/wp-content\/uploads\/DEU_0408C.jpg","width":650,"height":650},{"@type":"BreadcrumbList","@id":"https:\/\/cecconi.shop\/de\/produkt\/zwerg-gartner\/#breadcrumb","itemListElement":[{"@type":"ListItem","position":1,"name":"Shop","item":"https:\/\/cecconi.shop\/shop\/"},{"@type":"ListItem","position":2,"name":"Holzschnitzereien","item":"https:\/\/cecconi.shop\/de\/produkt-kategorie\/holzschnitzereien\/"},{"@type":"ListItem","position":3,"name":"Profane Holzschnitzereien","item":"https:\/\/cecconi.shop\/de\/produkt-kategorie\/holzschnitzereien\/profane-holzschnitzereien\/"},{"@type":"ListItem","position":4,"name":"Zwerge","item":"https:\/\/cecconi.shop\/de\/produkt-kategorie\/holzschnitzereien\/profane-holzschnitzereien\/zwerge\/"},{"@type":"ListItem","position":5,"name":"Zwerg G\u00e4rtner"}]},{"@type":"WebSite","@id":"https:\/\/cecconi.shop\/de\/#website","url":"https:\/\/cecconi.shop\/de\/","name":"Cecconi","description":"Fine Arts &amp; Crafts","potentialAction":[{"@type":"SearchAction","target":{"@type":"EntryPoint","urlTemplate":"https:\/\/cecconi.shop\/de\/?s={search_term_string}"},"query-input":{"@type":"PropertyValueSpecification","valueRequired":true,"valueName":"search_term_string"}}],"inLanguage":"de"}]}},"_links":{"self":[{"href":"https:\/\/cecconi.shop\/de\/wp-json\/wp\/v2\/product\/64317","targetHints":{"allow":["GET"]}}],"collection":[{"href":"https:\/\/cecconi.shop\/de\/wp-json\/wp\/v2\/product"}],"about":[{"href":"https:\/\/cecconi.shop\/de\/wp-json\/wp\/v2\/types\/product"}],"wp:featuredmedia":[{"embeddable":true,"href":"https:\/\/cecconi.shop\/de\/wp-json\/wp\/v2\/media\/64306"}],"wp:attachment":[{"href":"https:\/\/cecconi.shop\/de\/wp-json\/wp\/v2\/media?parent=64317"}],"wp:term":[{"taxonomy":"product_brand","embeddable":true,"href":"https:\/\/cecconi.shop\/de\/wp-json\/wp\/v2\/product_brand?post=64317"},{"taxonomy":"product_cat","embeddable":true,"href":"https:\/\/cecconi.shop\/de\/wp-json\/wp\/v2\/product_cat?post=64317"},{"taxonomy":"product_tag","embeddable":true,"href":"https:\/\/cecconi.shop\/de\/wp-json\/wp\/v2\/product_tag?post=64317"}],"curies":[{"name":"wp","href":"https:\/\/api.w.org\/{rel}","templated":true}]}}