{"id":69390,"date":"2020-10-25T15:24:19","date_gmt":"2020-10-25T14:24:19","guid":{"rendered":"https:\/\/cecconi.shop\/product\/hl-familie-hangendes-relief\/"},"modified":"2020-10-25T15:24:19","modified_gmt":"2020-10-25T14:24:19","slug":"hl-familie-hangendes-relief","status":"publish","type":"product","link":"https:\/\/cecconi.shop\/de\/produkt\/hl-familie-hangendes-relief\/","title":{"rendered":"Hl Familie h\u00e4ngendes Relief"},"content":{"rendered":"<p>Gr\u00f6\u00dfen: 9 cm &#8211; 3.54&#8243;<br \/>13 cm &#8211; 5.12&#8243;<br \/>22 cm &#8211; 8.66&#8243;<\/p>\n","protected":false},"excerpt":{"rendered":"","protected":false},"featured_media":69384,"template":"","meta":[],"product_brand":[],"product_cat":[5177],"product_tag":[],"class_list":{"0":"post-69390","1":"product","2":"type-product","3":"status-publish","4":"has-post-thumbnail","6":"product_cat-blockkrippen","7":"pa_itemsizeprice-13cm-5-12-bemalt","8":"pa_itemsizeprice-13cm-5-12-natur","9":"pa_itemsizeprice-22cm-8-66-bemalt","10":"pa_itemsizeprice-22cm-8-66-natur","11":"pa_itemsizeprice-9cm-3-54-bemalt","12":"pa_itemsizeprice-9cm-3-54-natur","14":"first","15":"instock","16":"taxable","17":"shipping-taxable","18":"purchasable","19":"product-type-variable"},"yoast_head":"<!-- This site is optimized with the Yoast SEO Premium plugin v27.0 (Yoast SEO v27.0) - https:\/\/yoast.com\/product\/yoast-seo-premium-wordpress\/ -->\n<title>Hl Familie h\u00e4ngendes Relief - Cecconi<\/title>\n<meta name=\"robots\" content=\"index, follow, max-snippet:-1, max-image-preview:large, max-video-preview:-1\" \/>\n<link rel=\"canonical\" href=\"https:\/\/cecconi.shop\/de\/produkt\/hl-familie-hangendes-relief\/\" \/>\n<meta property=\"og:locale\" content=\"de_DE\" \/>\n<meta property=\"og:type\" content=\"article\" \/>\n<meta property=\"og:title\" content=\"Hl Familie h\u00e4ngendes Relief\" \/>\n<meta property=\"og:url\" content=\"https:\/\/cecconi.shop\/de\/produkt\/hl-familie-hangendes-relief\/\" \/>\n<meta property=\"og:site_name\" content=\"Cecconi\" \/>\n<meta property=\"article:publisher\" content=\"https:\/\/www.facebook.com\/AnriStore\/\" \/>\n<meta property=\"og:image\" content=\"https:\/\/cecconi.shop\/wp-content\/uploads\/ROW_1951_COL.jpg\" \/>\n\t<meta property=\"og:image:width\" content=\"650\" \/>\n\t<meta property=\"og:image:height\" content=\"650\" \/>\n\t<meta property=\"og:image:type\" content=\"image\/jpeg\" \/>\n<meta name=\"twitter:card\" content=\"summary_large_image\" \/>\n<script type=\"application\/ld+json\" class=\"yoast-schema-graph\">{\"@context\":\"https:\/\/schema.org\",\"@graph\":[{\"@type\":\"WebPage\",\"@id\":\"https:\/\/cecconi.shop\/de\/produkt\/hl-familie-hangendes-relief\/\",\"url\":\"https:\/\/cecconi.shop\/de\/produkt\/hl-familie-hangendes-relief\/\",\"name\":\"Hl Familie h\u00e4ngendes Relief - Cecconi\",\"isPartOf\":{\"@id\":\"https:\/\/cecconi.shop\/de\/#website\"},\"primaryImageOfPage\":{\"@id\":\"https:\/\/cecconi.shop\/de\/produkt\/hl-familie-hangendes-relief\/#primaryimage\"},\"image\":{\"@id\":\"https:\/\/cecconi.shop\/de\/produkt\/hl-familie-hangendes-relief\/#primaryimage\"},\"thumbnailUrl\":\"https:\/\/cecconi.shop\/wp-content\/uploads\/ROW_1951_COL.jpg\",\"datePublished\":\"2020-10-25T14:24:19+00:00\",\"breadcrumb\":{\"@id\":\"https:\/\/cecconi.shop\/de\/produkt\/hl-familie-hangendes-relief\/#breadcrumb\"},\"inLanguage\":\"de\",\"potentialAction\":[{\"@type\":\"ReadAction\",\"target\":[\"https:\/\/cecconi.shop\/de\/produkt\/hl-familie-hangendes-relief\/\"]}]},{\"@type\":\"ImageObject\",\"inLanguage\":\"de\",\"@id\":\"https:\/\/cecconi.shop\/de\/produkt\/hl-familie-hangendes-relief\/#primaryimage\",\"url\":\"https:\/\/cecconi.shop\/wp-content\/uploads\/ROW_1951_COL.jpg\",\"contentUrl\":\"https:\/\/cecconi.shop\/wp-content\/uploads\/ROW_1951_COL.jpg\",\"width\":650,\"height\":650},{\"@type\":\"BreadcrumbList\",\"@id\":\"https:\/\/cecconi.shop\/de\/produkt\/hl-familie-hangendes-relief\/#breadcrumb\",\"itemListElement\":[{\"@type\":\"ListItem\",\"position\":1,\"name\":\"Shop\",\"item\":\"https:\/\/cecconi.shop\/shop\/\"},{\"@type\":\"ListItem\",\"position\":2,\"name\":\"Krippenfiguren\",\"item\":\"https:\/\/cecconi.shop\/de\/produkt-kategorie\/krippenfiguren\/\"},{\"@type\":\"ListItem\",\"position\":3,\"name\":\"Blockkrippen\",\"item\":\"https:\/\/cecconi.shop\/de\/produkt-kategorie\/krippenfiguren\/blockkrippen\/\"},{\"@type\":\"ListItem\",\"position\":4,\"name\":\"Hl Familie h\u00e4ngendes Relief\"}]},{\"@type\":\"WebSite\",\"@id\":\"https:\/\/cecconi.shop\/de\/#website\",\"url\":\"https:\/\/cecconi.shop\/de\/\",\"name\":\"Cecconi\",\"description\":\"Fine Arts &amp; Crafts\",\"potentialAction\":[{\"@type\":\"SearchAction\",\"target\":{\"@type\":\"EntryPoint\",\"urlTemplate\":\"https:\/\/cecconi.shop\/de\/?s={search_term_string}\"},\"query-input\":{\"@type\":\"PropertyValueSpecification\",\"valueRequired\":true,\"valueName\":\"search_term_string\"}}],\"inLanguage\":\"de\"}]}<\/script>\n<!-- \/ Yoast SEO Premium plugin. -->","yoast_head_json":{"title":"Hl Familie h\u00e4ngendes Relief - Cecconi","robots":{"index":"index","follow":"follow","max-snippet":"max-snippet:-1","max-image-preview":"max-image-preview:large","max-video-preview":"max-video-preview:-1"},"canonical":"https:\/\/cecconi.shop\/de\/produkt\/hl-familie-hangendes-relief\/","og_locale":"de_DE","og_type":"article","og_title":"Hl Familie h\u00e4ngendes Relief","og_url":"https:\/\/cecconi.shop\/de\/produkt\/hl-familie-hangendes-relief\/","og_site_name":"Cecconi","article_publisher":"https:\/\/www.facebook.com\/AnriStore\/","og_image":[{"width":650,"height":650,"url":"https:\/\/cecconi.shop\/wp-content\/uploads\/ROW_1951_COL.jpg","type":"image\/jpeg"}],"twitter_card":"summary_large_image","schema":{"@context":"https:\/\/schema.org","@graph":[{"@type":"WebPage","@id":"https:\/\/cecconi.shop\/de\/produkt\/hl-familie-hangendes-relief\/","url":"https:\/\/cecconi.shop\/de\/produkt\/hl-familie-hangendes-relief\/","name":"Hl Familie h\u00e4ngendes Relief - Cecconi","isPartOf":{"@id":"https:\/\/cecconi.shop\/de\/#website"},"primaryImageOfPage":{"@id":"https:\/\/cecconi.shop\/de\/produkt\/hl-familie-hangendes-relief\/#primaryimage"},"image":{"@id":"https:\/\/cecconi.shop\/de\/produkt\/hl-familie-hangendes-relief\/#primaryimage"},"thumbnailUrl":"https:\/\/cecconi.shop\/wp-content\/uploads\/ROW_1951_COL.jpg","datePublished":"2020-10-25T14:24:19+00:00","breadcrumb":{"@id":"https:\/\/cecconi.shop\/de\/produkt\/hl-familie-hangendes-relief\/#breadcrumb"},"inLanguage":"de","potentialAction":[{"@type":"ReadAction","target":["https:\/\/cecconi.shop\/de\/produkt\/hl-familie-hangendes-relief\/"]}]},{"@type":"ImageObject","inLanguage":"de","@id":"https:\/\/cecconi.shop\/de\/produkt\/hl-familie-hangendes-relief\/#primaryimage","url":"https:\/\/cecconi.shop\/wp-content\/uploads\/ROW_1951_COL.jpg","contentUrl":"https:\/\/cecconi.shop\/wp-content\/uploads\/ROW_1951_COL.jpg","width":650,"height":650},{"@type":"BreadcrumbList","@id":"https:\/\/cecconi.shop\/de\/produkt\/hl-familie-hangendes-relief\/#breadcrumb","itemListElement":[{"@type":"ListItem","position":1,"name":"Shop","item":"https:\/\/cecconi.shop\/shop\/"},{"@type":"ListItem","position":2,"name":"Krippenfiguren","item":"https:\/\/cecconi.shop\/de\/produkt-kategorie\/krippenfiguren\/"},{"@type":"ListItem","position":3,"name":"Blockkrippen","item":"https:\/\/cecconi.shop\/de\/produkt-kategorie\/krippenfiguren\/blockkrippen\/"},{"@type":"ListItem","position":4,"name":"Hl Familie h\u00e4ngendes Relief"}]},{"@type":"WebSite","@id":"https:\/\/cecconi.shop\/de\/#website","url":"https:\/\/cecconi.shop\/de\/","name":"Cecconi","description":"Fine Arts &amp; Crafts","potentialAction":[{"@type":"SearchAction","target":{"@type":"EntryPoint","urlTemplate":"https:\/\/cecconi.shop\/de\/?s={search_term_string}"},"query-input":{"@type":"PropertyValueSpecification","valueRequired":true,"valueName":"search_term_string"}}],"inLanguage":"de"}]}},"_links":{"self":[{"href":"https:\/\/cecconi.shop\/de\/wp-json\/wp\/v2\/product\/69390","targetHints":{"allow":["GET"]}}],"collection":[{"href":"https:\/\/cecconi.shop\/de\/wp-json\/wp\/v2\/product"}],"about":[{"href":"https:\/\/cecconi.shop\/de\/wp-json\/wp\/v2\/types\/product"}],"wp:featuredmedia":[{"embeddable":true,"href":"https:\/\/cecconi.shop\/de\/wp-json\/wp\/v2\/media\/69384"}],"wp:attachment":[{"href":"https:\/\/cecconi.shop\/de\/wp-json\/wp\/v2\/media?parent=69390"}],"wp:term":[{"taxonomy":"product_brand","embeddable":true,"href":"https:\/\/cecconi.shop\/de\/wp-json\/wp\/v2\/product_brand?post=69390"},{"taxonomy":"product_cat","embeddable":true,"href":"https:\/\/cecconi.shop\/de\/wp-json\/wp\/v2\/product_cat?post=69390"},{"taxonomy":"product_tag","embeddable":true,"href":"https:\/\/cecconi.shop\/de\/wp-json\/wp\/v2\/product_tag?post=69390"}],"curies":[{"name":"wp","href":"https:\/\/api.w.org\/{rel}","templated":true}]}}