{"id":69737,"date":"2020-10-26T14:24:52","date_gmt":"2020-10-26T13:24:52","guid":{"rendered":"https:\/\/cecconi.shop\/product\/familienstall-mit-tur\/"},"modified":"2020-10-26T14:24:52","modified_gmt":"2020-10-26T13:24:52","slug":"familienstall-mit-tur","status":"publish","type":"product","link":"https:\/\/cecconi.shop\/de\/produkt\/familienstall-mit-tur\/","title":{"rendered":"Familienstall mit T\u00fcr"},"content":{"rendered":"<p>Figurengr\u00f6\u00dfen\/Abmessungen:<\/p>\n<p>6cm\/2.36\u2033: 15&#215;9 cm \u2013 5.9&#215;3.54\u2033 , f\u00fcr Figuren mit 6cm\/2.36\u2033<\/p>\n<p>8cm\/3.15\u2033: 20&#215;12 cm \u2013 7.87&#215;4.72\u2033 , f\u00fcr Figuren von 8-9cm\/3.15-3.54\u2033<\/p>\n<p>10cm\/3.94\u2033: 25&#215;15 cm \u2013 9.84&#215;5.9\u2033 , f\u00fcr Figuren von 10-12cm\/3.94-4.72\u2033<\/p>\n<p>14cm\/5.51\u2033: 35&#215;22 cm \u2013 13.78&#215;8.66&#8243; , f\u00fcr Figuren von 13-15cm\/5.12-5.9&#8243;<\/p>\n","protected":false},"excerpt":{"rendered":"","protected":false},"featured_media":69731,"template":"","meta":[],"product_brand":[],"product_cat":[5178],"product_tag":[],"class_list":{"0":"post-69737","1":"product","2":"type-product","3":"status-publish","4":"has-post-thumbnail","6":"product_cat-krippenstaelle","7":"pa_itemsizeprice-08cm-3-15-bemalt","8":"pa_itemsizeprice-10cm-3-94-bemalt","9":"pa_itemsizeprice-14cm-5-5-bemalt","10":"pa_itemsizeprice-6cm-2-36-bemalt","12":"first","13":"instock","14":"taxable","15":"shipping-taxable","16":"purchasable","17":"product-type-variable"},"yoast_head":"<!-- This site is optimized with the Yoast SEO Premium plugin v27.0 (Yoast SEO v27.0) - https:\/\/yoast.com\/product\/yoast-seo-premium-wordpress\/ -->\n<title>Familienstall mit T\u00fcr - Cecconi<\/title>\n<meta name=\"robots\" content=\"index, follow, max-snippet:-1, max-image-preview:large, max-video-preview:-1\" \/>\n<link rel=\"canonical\" href=\"https:\/\/cecconi.shop\/de\/produkt\/familienstall-mit-tur\/\" \/>\n<meta property=\"og:locale\" content=\"de_DE\" \/>\n<meta property=\"og:type\" content=\"article\" \/>\n<meta property=\"og:title\" content=\"Familienstall mit T\u00fcr\" \/>\n<meta property=\"og:url\" content=\"https:\/\/cecconi.shop\/de\/produkt\/familienstall-mit-tur\/\" \/>\n<meta property=\"og:site_name\" content=\"Cecconi\" \/>\n<meta property=\"article:publisher\" content=\"https:\/\/www.facebook.com\/AnriStore\/\" \/>\n<meta property=\"og:image\" content=\"https:\/\/cecconi.shop\/wp-content\/uploads\/WS_2780_GEB.jpg\" \/>\n\t<meta property=\"og:image:width\" content=\"650\" \/>\n\t<meta property=\"og:image:height\" content=\"650\" \/>\n\t<meta property=\"og:image:type\" content=\"image\/jpeg\" \/>\n<meta name=\"twitter:card\" content=\"summary_large_image\" \/>\n<script type=\"application\/ld+json\" class=\"yoast-schema-graph\">{\"@context\":\"https:\/\/schema.org\",\"@graph\":[{\"@type\":\"WebPage\",\"@id\":\"https:\/\/cecconi.shop\/de\/produkt\/familienstall-mit-tur\/\",\"url\":\"https:\/\/cecconi.shop\/de\/produkt\/familienstall-mit-tur\/\",\"name\":\"Familienstall mit T\u00fcr - Cecconi\",\"isPartOf\":{\"@id\":\"https:\/\/cecconi.shop\/de\/#website\"},\"primaryImageOfPage\":{\"@id\":\"https:\/\/cecconi.shop\/de\/produkt\/familienstall-mit-tur\/#primaryimage\"},\"image\":{\"@id\":\"https:\/\/cecconi.shop\/de\/produkt\/familienstall-mit-tur\/#primaryimage\"},\"thumbnailUrl\":\"https:\/\/cecconi.shop\/wp-content\/uploads\/WS_2780_GEB.jpg\",\"datePublished\":\"2020-10-26T13:24:52+00:00\",\"breadcrumb\":{\"@id\":\"https:\/\/cecconi.shop\/de\/produkt\/familienstall-mit-tur\/#breadcrumb\"},\"inLanguage\":\"de\",\"potentialAction\":[{\"@type\":\"ReadAction\",\"target\":[\"https:\/\/cecconi.shop\/de\/produkt\/familienstall-mit-tur\/\"]}]},{\"@type\":\"ImageObject\",\"inLanguage\":\"de\",\"@id\":\"https:\/\/cecconi.shop\/de\/produkt\/familienstall-mit-tur\/#primaryimage\",\"url\":\"https:\/\/cecconi.shop\/wp-content\/uploads\/WS_2780_GEB.jpg\",\"contentUrl\":\"https:\/\/cecconi.shop\/wp-content\/uploads\/WS_2780_GEB.jpg\",\"width\":650,\"height\":650},{\"@type\":\"BreadcrumbList\",\"@id\":\"https:\/\/cecconi.shop\/de\/produkt\/familienstall-mit-tur\/#breadcrumb\",\"itemListElement\":[{\"@type\":\"ListItem\",\"position\":1,\"name\":\"Shop\",\"item\":\"https:\/\/cecconi.shop\/shop\/\"},{\"@type\":\"ListItem\",\"position\":2,\"name\":\"ANRI Krippen\",\"item\":\"https:\/\/cecconi.shop\/de\/produkt-kategorie\/anri-krippen\/\"},{\"@type\":\"ListItem\",\"position\":3,\"name\":\"Krippenst\u00e4lle\",\"item\":\"https:\/\/cecconi.shop\/de\/produkt-kategorie\/anri-krippen\/krippenstalle\/\"},{\"@type\":\"ListItem\",\"position\":4,\"name\":\"Familienstall mit T\u00fcr\"}]},{\"@type\":\"WebSite\",\"@id\":\"https:\/\/cecconi.shop\/de\/#website\",\"url\":\"https:\/\/cecconi.shop\/de\/\",\"name\":\"Cecconi\",\"description\":\"Fine Arts &amp; Crafts\",\"potentialAction\":[{\"@type\":\"SearchAction\",\"target\":{\"@type\":\"EntryPoint\",\"urlTemplate\":\"https:\/\/cecconi.shop\/de\/?s={search_term_string}\"},\"query-input\":{\"@type\":\"PropertyValueSpecification\",\"valueRequired\":true,\"valueName\":\"search_term_string\"}}],\"inLanguage\":\"de\"}]}<\/script>\n<!-- \/ Yoast SEO Premium plugin. -->","yoast_head_json":{"title":"Familienstall mit T\u00fcr - Cecconi","robots":{"index":"index","follow":"follow","max-snippet":"max-snippet:-1","max-image-preview":"max-image-preview:large","max-video-preview":"max-video-preview:-1"},"canonical":"https:\/\/cecconi.shop\/de\/produkt\/familienstall-mit-tur\/","og_locale":"de_DE","og_type":"article","og_title":"Familienstall mit T\u00fcr","og_url":"https:\/\/cecconi.shop\/de\/produkt\/familienstall-mit-tur\/","og_site_name":"Cecconi","article_publisher":"https:\/\/www.facebook.com\/AnriStore\/","og_image":[{"width":650,"height":650,"url":"https:\/\/cecconi.shop\/wp-content\/uploads\/WS_2780_GEB.jpg","type":"image\/jpeg"}],"twitter_card":"summary_large_image","schema":{"@context":"https:\/\/schema.org","@graph":[{"@type":"WebPage","@id":"https:\/\/cecconi.shop\/de\/produkt\/familienstall-mit-tur\/","url":"https:\/\/cecconi.shop\/de\/produkt\/familienstall-mit-tur\/","name":"Familienstall mit T\u00fcr - Cecconi","isPartOf":{"@id":"https:\/\/cecconi.shop\/de\/#website"},"primaryImageOfPage":{"@id":"https:\/\/cecconi.shop\/de\/produkt\/familienstall-mit-tur\/#primaryimage"},"image":{"@id":"https:\/\/cecconi.shop\/de\/produkt\/familienstall-mit-tur\/#primaryimage"},"thumbnailUrl":"https:\/\/cecconi.shop\/wp-content\/uploads\/WS_2780_GEB.jpg","datePublished":"2020-10-26T13:24:52+00:00","breadcrumb":{"@id":"https:\/\/cecconi.shop\/de\/produkt\/familienstall-mit-tur\/#breadcrumb"},"inLanguage":"de","potentialAction":[{"@type":"ReadAction","target":["https:\/\/cecconi.shop\/de\/produkt\/familienstall-mit-tur\/"]}]},{"@type":"ImageObject","inLanguage":"de","@id":"https:\/\/cecconi.shop\/de\/produkt\/familienstall-mit-tur\/#primaryimage","url":"https:\/\/cecconi.shop\/wp-content\/uploads\/WS_2780_GEB.jpg","contentUrl":"https:\/\/cecconi.shop\/wp-content\/uploads\/WS_2780_GEB.jpg","width":650,"height":650},{"@type":"BreadcrumbList","@id":"https:\/\/cecconi.shop\/de\/produkt\/familienstall-mit-tur\/#breadcrumb","itemListElement":[{"@type":"ListItem","position":1,"name":"Shop","item":"https:\/\/cecconi.shop\/shop\/"},{"@type":"ListItem","position":2,"name":"ANRI Krippen","item":"https:\/\/cecconi.shop\/de\/produkt-kategorie\/anri-krippen\/"},{"@type":"ListItem","position":3,"name":"Krippenst\u00e4lle","item":"https:\/\/cecconi.shop\/de\/produkt-kategorie\/anri-krippen\/krippenstalle\/"},{"@type":"ListItem","position":4,"name":"Familienstall mit T\u00fcr"}]},{"@type":"WebSite","@id":"https:\/\/cecconi.shop\/de\/#website","url":"https:\/\/cecconi.shop\/de\/","name":"Cecconi","description":"Fine Arts &amp; Crafts","potentialAction":[{"@type":"SearchAction","target":{"@type":"EntryPoint","urlTemplate":"https:\/\/cecconi.shop\/de\/?s={search_term_string}"},"query-input":{"@type":"PropertyValueSpecification","valueRequired":true,"valueName":"search_term_string"}}],"inLanguage":"de"}]}},"_links":{"self":[{"href":"https:\/\/cecconi.shop\/de\/wp-json\/wp\/v2\/product\/69737","targetHints":{"allow":["GET"]}}],"collection":[{"href":"https:\/\/cecconi.shop\/de\/wp-json\/wp\/v2\/product"}],"about":[{"href":"https:\/\/cecconi.shop\/de\/wp-json\/wp\/v2\/types\/product"}],"wp:featuredmedia":[{"embeddable":true,"href":"https:\/\/cecconi.shop\/de\/wp-json\/wp\/v2\/media\/69731"}],"wp:attachment":[{"href":"https:\/\/cecconi.shop\/de\/wp-json\/wp\/v2\/media?parent=69737"}],"wp:term":[{"taxonomy":"product_brand","embeddable":true,"href":"https:\/\/cecconi.shop\/de\/wp-json\/wp\/v2\/product_brand?post=69737"},{"taxonomy":"product_cat","embeddable":true,"href":"https:\/\/cecconi.shop\/de\/wp-json\/wp\/v2\/product_cat?post=69737"},{"taxonomy":"product_tag","embeddable":true,"href":"https:\/\/cecconi.shop\/de\/wp-json\/wp\/v2\/product_tag?post=69737"}],"curies":[{"name":"wp","href":"https:\/\/api.w.org\/{rel}","templated":true}]}}