{"id":72225,"date":"2021-11-18T18:12:09","date_gmt":"2021-11-18T17:12:09","guid":{"rendered":"https:\/\/cecconi.shop\/product\/santa-beim-skifahren-haengendes-zinnornament\/"},"modified":"2021-11-18T18:12:09","modified_gmt":"2021-11-18T17:12:09","slug":"santa-beim-skifahren-haengendes-zinnornament","status":"publish","type":"product","link":"https:\/\/cecconi.shop\/de\/produkt\/santa-beim-skifahren-haengendes-zinnornament\/","title":{"rendered":"Santa beim Skifahren &#8211; h\u00e4ngendes Zinnornament"},"content":{"rendered":"<p>Gr\u00f6\u00dfe: 5 x 5 cm &#8211; 1.97 x 1.97&#8243;<\/p>\n","protected":false},"excerpt":{"rendered":"","protected":false},"featured_media":72223,"template":"","meta":[],"product_brand":[],"product_cat":[3974],"product_tag":[],"class_list":{"0":"post-72225","1":"product","2":"type-product","3":"status-publish","4":"has-post-thumbnail","6":"product_cat-hangende-nikolaus-zinnfiguren","8":"first","9":"instock","10":"taxable","11":"shipping-taxable","12":"purchasable","13":"product-type-simple"},"yoast_head":"<!-- This site is optimized with the Yoast SEO Premium plugin v27.0 (Yoast SEO v27.0) - https:\/\/yoast.com\/product\/yoast-seo-premium-wordpress\/ -->\n<title>Santa beim Skifahren - h\u00e4ngendes Zinnornament - Cecconi<\/title>\n<meta name=\"robots\" content=\"index, follow, max-snippet:-1, max-image-preview:large, max-video-preview:-1\" \/>\n<link rel=\"canonical\" href=\"https:\/\/cecconi.shop\/de\/produkt\/santa-beim-skifahren-haengendes-zinnornament\/\" \/>\n<meta property=\"og:locale\" content=\"de_DE\" \/>\n<meta property=\"og:type\" content=\"article\" \/>\n<meta property=\"og:title\" content=\"Santa beim Skifahren - h\u00e4ngendes Zinnornament\" \/>\n<meta property=\"og:url\" content=\"https:\/\/cecconi.shop\/de\/produkt\/santa-beim-skifahren-haengendes-zinnornament\/\" \/>\n<meta property=\"og:site_name\" content=\"Cecconi\" \/>\n<meta property=\"article:publisher\" content=\"https:\/\/www.facebook.com\/AnriStore\/\" \/>\n<meta property=\"og:image\" content=\"https:\/\/cecconi.shop\/wp-content\/uploads\/WS_115415.jpg\" \/>\n\t<meta property=\"og:image:width\" content=\"550\" \/>\n\t<meta property=\"og:image:height\" content=\"550\" \/>\n\t<meta property=\"og:image:type\" content=\"image\/jpeg\" \/>\n<meta name=\"twitter:card\" content=\"summary_large_image\" \/>\n<script type=\"application\/ld+json\" class=\"yoast-schema-graph\">{\"@context\":\"https:\/\/schema.org\",\"@graph\":[{\"@type\":\"WebPage\",\"@id\":\"https:\/\/cecconi.shop\/de\/produkt\/santa-beim-skifahren-haengendes-zinnornament\/\",\"url\":\"https:\/\/cecconi.shop\/de\/produkt\/santa-beim-skifahren-haengendes-zinnornament\/\",\"name\":\"Santa beim Skifahren - h\u00e4ngendes Zinnornament - Cecconi\",\"isPartOf\":{\"@id\":\"https:\/\/cecconi.shop\/de\/#website\"},\"primaryImageOfPage\":{\"@id\":\"https:\/\/cecconi.shop\/de\/produkt\/santa-beim-skifahren-haengendes-zinnornament\/#primaryimage\"},\"image\":{\"@id\":\"https:\/\/cecconi.shop\/de\/produkt\/santa-beim-skifahren-haengendes-zinnornament\/#primaryimage\"},\"thumbnailUrl\":\"https:\/\/cecconi.shop\/wp-content\/uploads\/WS_115415.jpg\",\"datePublished\":\"2021-11-18T17:12:09+00:00\",\"breadcrumb\":{\"@id\":\"https:\/\/cecconi.shop\/de\/produkt\/santa-beim-skifahren-haengendes-zinnornament\/#breadcrumb\"},\"inLanguage\":\"de\",\"potentialAction\":[{\"@type\":\"ReadAction\",\"target\":[\"https:\/\/cecconi.shop\/de\/produkt\/santa-beim-skifahren-haengendes-zinnornament\/\"]}]},{\"@type\":\"ImageObject\",\"inLanguage\":\"de\",\"@id\":\"https:\/\/cecconi.shop\/de\/produkt\/santa-beim-skifahren-haengendes-zinnornament\/#primaryimage\",\"url\":\"https:\/\/cecconi.shop\/wp-content\/uploads\/WS_115415.jpg\",\"contentUrl\":\"https:\/\/cecconi.shop\/wp-content\/uploads\/WS_115415.jpg\",\"width\":550,\"height\":550},{\"@type\":\"BreadcrumbList\",\"@id\":\"https:\/\/cecconi.shop\/de\/produkt\/santa-beim-skifahren-haengendes-zinnornament\/#breadcrumb\",\"itemListElement\":[{\"@type\":\"ListItem\",\"position\":1,\"name\":\"Shop\",\"item\":\"https:\/\/cecconi.shop\/shop\/\"},{\"@type\":\"ListItem\",\"position\":2,\"name\":\"Zinnfiguren\",\"item\":\"https:\/\/cecconi.shop\/de\/produkt-kategorie\/zinnfiguren\/\"},{\"@type\":\"ListItem\",\"position\":3,\"name\":\"Weihnachten - Zinnfiguren\",\"item\":\"https:\/\/cecconi.shop\/de\/produkt-kategorie\/zinnfiguren\/weihnachten-zinnfiguren\/\"},{\"@type\":\"ListItem\",\"position\":4,\"name\":\"H\u00e4ngende Nikolaus Zinnfiguren\",\"item\":\"https:\/\/cecconi.shop\/de\/produkt-kategorie\/zinnfiguren\/weihnachten-zinnfiguren\/hangende-nikolaus-zinnfiguren\/\"},{\"@type\":\"ListItem\",\"position\":5,\"name\":\"Santa beim Skifahren &#8211; h\u00e4ngendes Zinnornament\"}]},{\"@type\":\"WebSite\",\"@id\":\"https:\/\/cecconi.shop\/de\/#website\",\"url\":\"https:\/\/cecconi.shop\/de\/\",\"name\":\"Cecconi\",\"description\":\"Fine Arts &amp; Crafts\",\"potentialAction\":[{\"@type\":\"SearchAction\",\"target\":{\"@type\":\"EntryPoint\",\"urlTemplate\":\"https:\/\/cecconi.shop\/de\/?s={search_term_string}\"},\"query-input\":{\"@type\":\"PropertyValueSpecification\",\"valueRequired\":true,\"valueName\":\"search_term_string\"}}],\"inLanguage\":\"de\"}]}<\/script>\n<!-- \/ Yoast SEO Premium plugin. -->","yoast_head_json":{"title":"Santa beim Skifahren - h\u00e4ngendes Zinnornament - Cecconi","robots":{"index":"index","follow":"follow","max-snippet":"max-snippet:-1","max-image-preview":"max-image-preview:large","max-video-preview":"max-video-preview:-1"},"canonical":"https:\/\/cecconi.shop\/de\/produkt\/santa-beim-skifahren-haengendes-zinnornament\/","og_locale":"de_DE","og_type":"article","og_title":"Santa beim Skifahren - h\u00e4ngendes Zinnornament","og_url":"https:\/\/cecconi.shop\/de\/produkt\/santa-beim-skifahren-haengendes-zinnornament\/","og_site_name":"Cecconi","article_publisher":"https:\/\/www.facebook.com\/AnriStore\/","og_image":[{"width":550,"height":550,"url":"https:\/\/cecconi.shop\/wp-content\/uploads\/WS_115415.jpg","type":"image\/jpeg"}],"twitter_card":"summary_large_image","schema":{"@context":"https:\/\/schema.org","@graph":[{"@type":"WebPage","@id":"https:\/\/cecconi.shop\/de\/produkt\/santa-beim-skifahren-haengendes-zinnornament\/","url":"https:\/\/cecconi.shop\/de\/produkt\/santa-beim-skifahren-haengendes-zinnornament\/","name":"Santa beim Skifahren - h\u00e4ngendes Zinnornament - Cecconi","isPartOf":{"@id":"https:\/\/cecconi.shop\/de\/#website"},"primaryImageOfPage":{"@id":"https:\/\/cecconi.shop\/de\/produkt\/santa-beim-skifahren-haengendes-zinnornament\/#primaryimage"},"image":{"@id":"https:\/\/cecconi.shop\/de\/produkt\/santa-beim-skifahren-haengendes-zinnornament\/#primaryimage"},"thumbnailUrl":"https:\/\/cecconi.shop\/wp-content\/uploads\/WS_115415.jpg","datePublished":"2021-11-18T17:12:09+00:00","breadcrumb":{"@id":"https:\/\/cecconi.shop\/de\/produkt\/santa-beim-skifahren-haengendes-zinnornament\/#breadcrumb"},"inLanguage":"de","potentialAction":[{"@type":"ReadAction","target":["https:\/\/cecconi.shop\/de\/produkt\/santa-beim-skifahren-haengendes-zinnornament\/"]}]},{"@type":"ImageObject","inLanguage":"de","@id":"https:\/\/cecconi.shop\/de\/produkt\/santa-beim-skifahren-haengendes-zinnornament\/#primaryimage","url":"https:\/\/cecconi.shop\/wp-content\/uploads\/WS_115415.jpg","contentUrl":"https:\/\/cecconi.shop\/wp-content\/uploads\/WS_115415.jpg","width":550,"height":550},{"@type":"BreadcrumbList","@id":"https:\/\/cecconi.shop\/de\/produkt\/santa-beim-skifahren-haengendes-zinnornament\/#breadcrumb","itemListElement":[{"@type":"ListItem","position":1,"name":"Shop","item":"https:\/\/cecconi.shop\/shop\/"},{"@type":"ListItem","position":2,"name":"Zinnfiguren","item":"https:\/\/cecconi.shop\/de\/produkt-kategorie\/zinnfiguren\/"},{"@type":"ListItem","position":3,"name":"Weihnachten - Zinnfiguren","item":"https:\/\/cecconi.shop\/de\/produkt-kategorie\/zinnfiguren\/weihnachten-zinnfiguren\/"},{"@type":"ListItem","position":4,"name":"H\u00e4ngende Nikolaus Zinnfiguren","item":"https:\/\/cecconi.shop\/de\/produkt-kategorie\/zinnfiguren\/weihnachten-zinnfiguren\/hangende-nikolaus-zinnfiguren\/"},{"@type":"ListItem","position":5,"name":"Santa beim Skifahren &#8211; h\u00e4ngendes Zinnornament"}]},{"@type":"WebSite","@id":"https:\/\/cecconi.shop\/de\/#website","url":"https:\/\/cecconi.shop\/de\/","name":"Cecconi","description":"Fine Arts &amp; Crafts","potentialAction":[{"@type":"SearchAction","target":{"@type":"EntryPoint","urlTemplate":"https:\/\/cecconi.shop\/de\/?s={search_term_string}"},"query-input":{"@type":"PropertyValueSpecification","valueRequired":true,"valueName":"search_term_string"}}],"inLanguage":"de"}]}},"_links":{"self":[{"href":"https:\/\/cecconi.shop\/de\/wp-json\/wp\/v2\/product\/72225","targetHints":{"allow":["GET"]}}],"collection":[{"href":"https:\/\/cecconi.shop\/de\/wp-json\/wp\/v2\/product"}],"about":[{"href":"https:\/\/cecconi.shop\/de\/wp-json\/wp\/v2\/types\/product"}],"wp:featuredmedia":[{"embeddable":true,"href":"https:\/\/cecconi.shop\/de\/wp-json\/wp\/v2\/media\/72223"}],"wp:attachment":[{"href":"https:\/\/cecconi.shop\/de\/wp-json\/wp\/v2\/media?parent=72225"}],"wp:term":[{"taxonomy":"product_brand","embeddable":true,"href":"https:\/\/cecconi.shop\/de\/wp-json\/wp\/v2\/product_brand?post=72225"},{"taxonomy":"product_cat","embeddable":true,"href":"https:\/\/cecconi.shop\/de\/wp-json\/wp\/v2\/product_cat?post=72225"},{"taxonomy":"product_tag","embeddable":true,"href":"https:\/\/cecconi.shop\/de\/wp-json\/wp\/v2\/product_tag?post=72225"}],"curies":[{"name":"wp","href":"https:\/\/api.w.org\/{rel}","templated":true}]}}